{"id":1684,"date":"2020-07-21T11:08:45","date_gmt":"2020-07-21T09:08:45","guid":{"rendered":"https:\/\/www.hotel-lyon-grandhoteldesterreaux.fr\/seminaire-lyon\/"},"modified":"2023-10-24T08:38:25","modified_gmt":"2023-10-24T06:38:25","slug":"seminario-lyon","status":"publish","type":"page","link":"https:\/\/www.hotel-lyon-grandhoteldesterreaux.fr\/it\/seminario-lyon\/","title":{"rendered":"Seminari"},"content":{"rendered":"\n<div class=\"wp-block-group\"><div class=\"wp-block-group__inner-container is-layout-flow wp-block-group-is-layout-flow\">\n<div class=\"wp-block-create-block-title\" style=\"text-align:center\"><h1 class=\"title\" style=\"font-family:Caviar Dreams\"><strong>Organizzate i vostri seminari a Lione<\/strong><\/h1><\/div>\n\n\n\n<p>Situato nel cuore della citt\u00e0 di Lione, il nostro hotel nel I <sup>&nbsp;<\/sup>arrondissement di Lione, vicino alla famosa Place des Terreaux, pu\u00f2 accogliere gruppi in 53 camere, tutte decorate in modo unico, ideale per seminari.&nbsp;<\/p>\n\n\n\n<div class=\"wp-block-create-block-seminar\"><div style=\"text-align: center; background-color: rgb(36, 47, 58)\"><h2 class=\"block__title\">Lione: la citt\u00e0 ideale per i vostri seminari<\/h2><\/div><div class=\"row\"><div class=\"col6 block__body__one\" style=\"background-color:#c3ced8\"><div class=\"contain_galleries\"><p class=\"body__one\">Citt\u00e0 centrale in Francia, a 2 ore da Parigi e Marsiglia con i treni ad alta velocit\u00e0, Lione costituisce il luogo ideale per riunire i collaboratori.. L&#8217;aeroporto di Lione St Exup\u00e9ry \u00e8 direttamente accessibile dalla navetta Rh\u00f4ne Express in 30 minuti. Il suo capolinea alla stazione Lyon Part-Dieu permette di proporre dei bus navetta dal centro di Lione al nostro Grand H\u00f4tel des Terreaux (circa 20 min) o direttamente dalla metropolitana (linee B e A circa 20 min).<\/p><div class=\"block__btn__one\" style=\"text-align:center\"><a class=\"btn btn__one btn-style1\" href=\"https:\/\/www.hotel-lyon-grandhoteldesterreaux.fr\/it\/acceso\/\">Vedere tutti gli accessi<\/a><\/div><\/div><\/div><div class=\"col6 block__body__two\" style=\"background-color:#dcd6cf\"><div class=\"contain_galleries\"><p class=\"body__two\">Lione, citt\u00e0 storica di gastronomia e cultura, offre una vasta gamma di attivit\u00e0 da fare in gruppo. Il nostro team \u00e8 a vostra disposizione per soddisfare le vostre esigenze e aiutarvi a organizzare i vostri seminari a Lione.<\/p><div class=\"block__btn__two\" style=\"text-align:center\"><a class=\"btn btn__two btn-style1\" href=\"https:\/\/www.hotel-lyon-grandhoteldesterreaux.fr\/it\/contatto\/\">Organizzate un seminario a Lione<\/a><\/div><\/div><\/div><\/div><\/div>\n<\/div><\/div>\n\n\n\n<div class=\"wp-block-group has-background\" style=\"background-color:#ffffff\"><div class=\"wp-block-group__inner-container is-layout-flow wp-block-group-is-layout-flow\">\n<p>Il Grand H\u00f4tel des Terreaux non dispone direttamente di una sala riunioni, ma possiamo organizzare il vostro seminario grazie ai nostri partner nelle vicinanze e offrirvi diversi luoghi atipici per seminari insoliti a Lione:<\/p>\n\n\n\n<div class=\"wp-block-columns col3-spaced block-partners is-layout-flex wp-container-core-columns-is-layout-9d6595d7 wp-block-columns-is-layout-flex\">\n<div class=\"wp-block-column is-layout-flow wp-block-column-is-layout-flow\">\n<div class=\"wp-block-create-block-title\" style=\"text-align:center\"><h3 class=\"title\" style=\"font-family:Caviar Dreams\">SEMINARI A<br>LIONE ALLA<\/h3><\/div>\n\n\n\n<div class=\"wp-block-create-block-title\" style=\"text-align:center\"><h4 class=\"title\" style=\"font-family:Caviar Dreams\">Maison Lassagne<\/h4><\/div>\n\n\n<div class=\"wp-block-image\">\n<figure class=\"aligncenter size-large\"><img loading=\"lazy\" decoding=\"async\" width=\"455\" height=\"160\" src=\"https:\/\/www.hotel-lyon-grandhoteldesterreaux.fr\/wp-content\/uploads\/2021\/06\/seminaire-logo-maison-lacassagne.jpg\" alt=\"\" class=\"wp-image-579\" srcset=\"https:\/\/www.hotel-lyon-grandhoteldesterreaux.fr\/wp-content\/uploads\/2021\/06\/seminaire-logo-maison-lacassagne.jpg 455w, https:\/\/www.hotel-lyon-grandhoteldesterreaux.fr\/wp-content\/uploads\/2021\/06\/seminaire-logo-maison-lacassagne-300x105.jpg 300w\" sizes=\"auto, (max-width: 455px) 100vw, 455px\" \/><\/figure>\n<\/div>\n\n\n<p>Situata a due passi dall&#8217;Opera, vicino alla Place des Terreaux, nel I arrondissement di Lione (10 minuti a piedi dal Grand H\u00f4tel des Terreaux), la Maison Lassagne offre 172m2 di spazio suddiviso in 4 alloggi modulabili, ognuno decorato in modo unico. Tutti gli spazi sono dotati di schermi LED, WIFI, lavagne MoodWall, lavagne a fogli mobili, microfoni, cucine professionali, ecc. Con il loro fascino atipico, i diversi spazi offrono un quadro conviviale grazie a una decorazione moderna e raffinata. &nbsp;<\/p>\n\n\n\n<p><a href=\"http:\/\/maisonlassagne.fr\/\" target=\"_blank\" rel=\"noreferrer noopener\">https:\/\/maisonlassagne.fr\/<\/a><\/p>\n<\/div>\n\n\n\n<div class=\"wp-block-column is-layout-flow wp-block-column-is-layout-flow\">\n<div class=\"wp-block-create-block-title\" style=\"text-align:center\"><h3 class=\"title\" style=\"font-family:Caviar Dreams\"><meta http-equiv=\"content-type\" content=\"text\/html; charset=utf-8\">SEMINARI A<br>LIONE A<\/h3><\/div>\n\n\n\n<div class=\"wp-block-create-block-title\" style=\"text-align:center\"><h4 class=\"title\" style=\"font-family:Caviar Dreams\">Les N\u00e9gociants<\/h4><\/div>\n\n\n<div class=\"wp-block-image\">\n<figure class=\"aligncenter size-large\"><img loading=\"lazy\" decoding=\"async\" width=\"455\" height=\"160\" src=\"https:\/\/www.hotel-lyon-grandhoteldesterreaux.fr\/wp-content\/uploads\/2021\/06\/seminaire-logo-grandcafe-des-negociants.jpg\" alt=\"\" class=\"wp-image-589\" srcset=\"https:\/\/www.hotel-lyon-grandhoteldesterreaux.fr\/wp-content\/uploads\/2021\/06\/seminaire-logo-grandcafe-des-negociants.jpg 455w, https:\/\/www.hotel-lyon-grandhoteldesterreaux.fr\/wp-content\/uploads\/2021\/06\/seminaire-logo-grandcafe-des-negociants-300x105.jpg 300w\" sizes=\"auto, (max-width: 455px) 100vw, 455px\" \/><\/figure>\n<\/div>\n\n\n<p>Il centro d&#8217;affari N\u00e9gociants dispone di 210 <sup>m2 <\/sup>di spazio attrezzato per i vostri seminari a Lione. Situato nel cuore del quartiere dei Cordeliers nel II <sup>&nbsp;<\/sup>arrondissement di Lione (a 5 minuti a piedi dal Grand H\u00f4tel des Terreaux), lo spazio \u00e8 modulabile con diverse sale per riunioni simultanee. Le sale sono dotate di lavagne luminose e cartelloni.<\/p>\n\n\n\n<p><a href=\"https:\/\/www.lesnegociants.com\/centre-daffaires-des-negociants\" target=\"_blank\" rel=\"noreferrer noopener\">https:\/\/www.lesnegociants.com\/centre-daffaires-des-negociants<\/a><\/p>\n<\/div>\n<\/div>\n\n\n\n<div class=\"wp-block-columns col3-spaced block-partners is-layout-flex wp-container-core-columns-is-layout-9d6595d7 wp-block-columns-is-layout-flex\">\n<div class=\"wp-block-column is-layout-flow wp-block-column-is-layout-flow\">\n<div class=\"wp-block-create-block-title\" style=\"text-align:center\"><h3 class=\"title\" style=\"font-family:Caviar Dreams\"><meta http-equiv=\"content-type\" content=\"text\/html; charset=utf-8\">SEMINARI A<br>LIONE PRESO GLI<\/h3><\/div>\n\n\n\n<div class=\"wp-block-create-block-title\" style=\"text-align:center\"><h4 class=\"title\" style=\"font-family:Caviar Dreams\">Yachts de Lyon<\/h4><\/div>\n\n\n<div class=\"wp-block-image\">\n<figure class=\"aligncenter size-large\"><img loading=\"lazy\" decoding=\"async\" width=\"455\" height=\"160\" src=\"https:\/\/www.hotel-lyon-grandhoteldesterreaux.fr\/wp-content\/uploads\/2021\/06\/seminaire-logo-les-yatchs-de-lyon.jpg\" alt=\"\" class=\"wp-image-584\" srcset=\"https:\/\/www.hotel-lyon-grandhoteldesterreaux.fr\/wp-content\/uploads\/2021\/06\/seminaire-logo-les-yatchs-de-lyon.jpg 455w, https:\/\/www.hotel-lyon-grandhoteldesterreaux.fr\/wp-content\/uploads\/2021\/06\/seminaire-logo-les-yatchs-de-lyon-300x105.jpg 300w\" sizes=\"auto, (max-width: 455px) 100vw, 455px\" \/><\/figure>\n<\/div>\n\n\n<p>Gli Yachts di Lione propongono 6 barche con possibili gite sulla Saona e il Rodano o restando al molo. La pi\u00f9 grande ha una capacit\u00e0 massima di 140 persone. Diverse stazioni di imbarco sono disponibili in tutta la citt\u00e0 per ottimizzare i vostri seminari a Lione.&nbsp; Le barche sono ideali per serate o pranzi in un quadro ludico e insolito attraverso la citt\u00e0. Sono anche attrezzati per le riunioni (schermi, microfoni, videoproiettori, paperboard&#8230;).<\/p>\n\n\n\n<p><a href=\"https:\/\/www.lesyachtsdelyon.com\/\" target=\"_blank\" rel=\"noreferrer noopener\">https:\/\/www.lesyachtsdelyon.com\/<\/a><\/p>\n<\/div>\n\n\n\n<div class=\"wp-block-column is-layout-flow wp-block-column-is-layout-flow\">\n<div class=\"wp-block-create-block-title\" style=\"text-align:center\"><h3 class=\"title\" style=\"font-family:Caviar Dreams\">IL VOSTRO POST<br>DI LAVORO<\/h3><\/div>\n\n\n\n<div class=\"wp-block-create-block-title\" style=\"text-align:center\"><h4 class=\"title\" style=\"font-family:Caviar Dreams\">nel cuore della Presqu&#8217;\u00eele<\/h4><\/div>\n\n\n<div class=\"wp-block-image\">\n<figure class=\"aligncenter size-full\"><img loading=\"lazy\" decoding=\"async\" width=\"455\" height=\"160\" src=\"https:\/\/www.hotel-lyon-grandhoteldesterreaux.fr\/wp-content\/uploads\/2023\/10\/espace-rhone.jpg\" alt=\"\" class=\"wp-image-11756\" srcset=\"https:\/\/www.hotel-lyon-grandhoteldesterreaux.fr\/wp-content\/uploads\/2023\/10\/espace-rhone.jpg 455w, https:\/\/www.hotel-lyon-grandhoteldesterreaux.fr\/wp-content\/uploads\/2023\/10\/espace-rhone-300x105.jpg 300w\" sizes=\"auto, (max-width: 455px) 100vw, 455px\" \/><\/figure>\n<\/div>\n\n\n<p>E a 5 minuti dal Grand H\u00f4tel des Terreaux Lyon 1er<\/p>\n\n\n\n<p>Per qualche ora, approfittate di un mondo di lavoro, riflessione e interazione che unisce sobriet\u00e0 e comfort, intemporalit\u00e0 e tecnologia.<\/p>\n\n\n\n<p>Vantaggio: un servizio attento e professionale, disponibile ma discreto, in spazi ben climatizzati, insonorizzati e generosamente attrezzati.<\/p>\n\n\n\n<p><a href=\"https:\/\/www.espacerhone.fr\/en\/\">https:\/\/www.espacerhone.fr\/en\/<\/a><\/p>\n<\/div>\n<\/div>\n<\/div><\/div>\n\n\n\n<div class=\"wp-block-group\"><div class=\"wp-block-group__inner-container is-layout-flow wp-block-group-is-layout-flow\">\n<div class=\"wp-block-create-block-title\" style=\"text-align:center\"><h2 class=\"title\" style=\"font-family:Caviar Dreams\">Le nostre aree benessere per i seminari a Lione<\/h2><\/div>\n\n\n<div class=\"wp-block-image\">\n<figure class=\"aligncenter size-large\"><img loading=\"lazy\" decoding=\"async\" width=\"400\" height=\"51\" src=\"https:\/\/www.hotel-lyon-grandhoteldesterreaux.fr\/wp-content\/uploads\/2021\/05\/separateur.png\" alt=\"\" class=\"wp-image-428\" srcset=\"https:\/\/www.hotel-lyon-grandhoteldesterreaux.fr\/wp-content\/uploads\/2021\/05\/separateur.png 400w, https:\/\/www.hotel-lyon-grandhoteldesterreaux.fr\/wp-content\/uploads\/2021\/05\/separateur-300x38.png 300w\" sizes=\"auto, (max-width: 400px) 100vw, 400px\" \/><\/figure>\n<\/div>\n\n\n<div class=\"wp-block-columns is-layout-flex wp-container-core-columns-is-layout-9d6595d7 wp-block-columns-is-layout-flex\">\n<div class=\"wp-block-column is-layout-flow wp-block-column-is-layout-flow\"><div class=\"wp-block-image is-resized\">\n<figure class=\"aligncenter size-large\"><img loading=\"lazy\" decoding=\"async\" width=\"375\" height=\"375\" src=\"https:\/\/www.hotel-lyon-grandhoteldesterreaux.fr\/wp-content\/uploads\/2021\/07\/pixto-bassins.png\" alt=\"Bassins d\u00e9tente\" class=\"wp-image-1303\" srcset=\"https:\/\/www.hotel-lyon-grandhoteldesterreaux.fr\/wp-content\/uploads\/2021\/07\/pixto-bassins.png 375w, https:\/\/www.hotel-lyon-grandhoteldesterreaux.fr\/wp-content\/uploads\/2021\/07\/pixto-bassins-300x300.png 300w, https:\/\/www.hotel-lyon-grandhoteldesterreaux.fr\/wp-content\/uploads\/2021\/07\/pixto-bassins-150x150.png 150w\" sizes=\"auto, (max-width: 375px) 100vw, 375px\" \/><figcaption class=\"wp-element-caption\">Le nostre piscine interne per il relax sono disponibili gratuitamente per tutti i nostri ospiti dalle 14 alle 23.<\/figcaption><\/figure>\n<\/div><\/div>\n\n\n\n<div class=\"wp-block-column is-layout-flow wp-block-column-is-layout-flow\"><div class=\"wp-block-image is-resized\">\n<figure class=\"aligncenter size-large\"><img loading=\"lazy\" decoding=\"async\" width=\"375\" height=\"375\" src=\"https:\/\/www.hotel-lyon-grandhoteldesterreaux.fr\/wp-content\/uploads\/2021\/07\/picto-bar.png\" alt=\"Bar\" class=\"wp-image-1308\" srcset=\"https:\/\/www.hotel-lyon-grandhoteldesterreaux.fr\/wp-content\/uploads\/2021\/07\/picto-bar.png 375w, https:\/\/www.hotel-lyon-grandhoteldesterreaux.fr\/wp-content\/uploads\/2021\/07\/picto-bar-300x300.png 300w, https:\/\/www.hotel-lyon-grandhoteldesterreaux.fr\/wp-content\/uploads\/2021\/07\/picto-bar-150x150.png 150w\" sizes=\"auto, (max-width: 375px) 100vw, 375px\" \/><figcaption class=\"wp-element-caption\">Il nostro bar \u00e8 aperto fino all&#8217;1 di notte.<\/figcaption><\/figure>\n<\/div><\/div>\n\n\n\n<div class=\"wp-block-column is-layout-flow wp-block-column-is-layout-flow\"><div class=\"wp-block-image is-resized\">\n<figure class=\"aligncenter size-large\"><img loading=\"lazy\" decoding=\"async\" width=\"375\" height=\"375\" src=\"https:\/\/www.hotel-lyon-grandhoteldesterreaux.fr\/wp-content\/uploads\/2021\/07\/picto-petit-dejeuner.png\" alt=\"Petit d\u00e9jeuner\" class=\"wp-image-1318\" srcset=\"https:\/\/www.hotel-lyon-grandhoteldesterreaux.fr\/wp-content\/uploads\/2021\/07\/picto-petit-dejeuner.png 375w, https:\/\/www.hotel-lyon-grandhoteldesterreaux.fr\/wp-content\/uploads\/2021\/07\/picto-petit-dejeuner-300x300.png 300w, https:\/\/www.hotel-lyon-grandhoteldesterreaux.fr\/wp-content\/uploads\/2021\/07\/picto-petit-dejeuner-150x150.png 150w\" sizes=\"auto, (max-width: 375px) 100vw, 375px\" \/><figcaption class=\"wp-element-caption\">La colazione \u00e8 servita a buffet dalle 7 del mattino.<\/figcaption><\/figure>\n<\/div><\/div>\n<\/div>\n\n\n\n<p class=\"wp-block-create-block-button has-text-align-center\"><a class=\"btn btn-style1\" href=\"https:\/\/www.hotel-lyon-grandhoteldesterreaux.fr\/it\/hotel-4-stelle-a-lione\/\">Per saperne di pi\u00f9 sul nostro hotel<\/a><\/p>\n<\/div><\/div>\n","protected":false},"excerpt":{"rendered":"<p>Situato nel cuore della citt\u00e0 di Lione, il nostro hotel nel I &nbsp;arrondissement di Lione, vicino alla famosa Place des Terreaux, pu\u00f2 accogliere gruppi in 53 camere, tutte decorate in modo unico, ideale per seminari.&nbsp; Il Grand H\u00f4tel des Terreaux non dispone direttamente di una sala riunioni, ma possiamo organizzare il vostro seminario grazie ai [&hellip;]<\/p>\n","protected":false},"author":1,"featured_media":0,"parent":0,"menu_order":0,"comment_status":"closed","ping_status":"closed","template":"","meta":{"pgc_sgb_lightbox_settings":"","footnotes":""},"class_list":["post-1684","page","type-page","status-publish","hentry"],"yoast_head":"<!-- This site is optimized with the Yoast SEO plugin v27.0 - https:\/\/yoast.com\/product\/yoast-seo-wordpress\/ -->\n<title>Seminari - Grand H\u00f4tel des Terreaux<\/title>\n<meta name=\"description\" content=\"Seminari Lione: organizzate il vostro seminario al Grand H\u00f4tel des Terreaux! Beneficiate di un alloggio di lusso nel cuore della citt\u00e0 e di un supporto professionale.\" \/>\n<meta name=\"robots\" content=\"index, follow, max-snippet:-1, max-image-preview:large, max-video-preview:-1\" \/>\n<link rel=\"canonical\" href=\"https:\/\/www.hotel-lyon-grandhoteldesterreaux.fr\/it\/seminario-lyon\/\" \/>\n<meta property=\"og:locale\" content=\"it_IT\" \/>\n<meta property=\"og:type\" content=\"article\" \/>\n<meta property=\"og:title\" content=\"Seminari - Grand H\u00f4tel des Terreaux\" \/>\n<meta property=\"og:description\" content=\"Seminari Lione: organizzate il vostro seminario al Grand H\u00f4tel des Terreaux! Beneficiate di un alloggio di lusso nel cuore della citt\u00e0 e di un supporto professionale.\" \/>\n<meta property=\"og:url\" content=\"https:\/\/www.hotel-lyon-grandhoteldesterreaux.fr\/it\/seminario-lyon\/\" \/>\n<meta property=\"og:site_name\" content=\"Grand H\u00f4tel des Terreaux\" \/>\n<meta property=\"article:modified_time\" content=\"2023-10-24T06:38:25+00:00\" \/>\n<meta property=\"og:image\" content=\"https:\/\/www.hotel-lyon-grandhoteldesterreaux.fr\/wp-content\/uploads\/2021\/06\/seminaire-logo-maison-lacassagne.jpg\" \/>\n<meta name=\"twitter:card\" content=\"summary_large_image\" \/>\n<script type=\"application\/ld+json\" class=\"yoast-schema-graph\">{\"@context\":\"https:\/\/schema.org\",\"@graph\":[{\"@type\":\"WebPage\",\"@id\":\"https:\/\/www.hotel-lyon-grandhoteldesterreaux.fr\/it\/seminario-lyon\/\",\"url\":\"https:\/\/www.hotel-lyon-grandhoteldesterreaux.fr\/it\/seminario-lyon\/\",\"name\":\"Seminari - Grand H\u00f4tel des Terreaux\",\"isPartOf\":{\"@id\":\"https:\/\/www.hotel-lyon-grandhoteldesterreaux.fr\/it\/#website\"},\"primaryImageOfPage\":{\"@id\":\"https:\/\/www.hotel-lyon-grandhoteldesterreaux.fr\/it\/seminario-lyon\/#primaryimage\"},\"image\":{\"@id\":\"https:\/\/www.hotel-lyon-grandhoteldesterreaux.fr\/it\/seminario-lyon\/#primaryimage\"},\"thumbnailUrl\":\"https:\/\/www.hotel-lyon-grandhoteldesterreaux.fr\/wp-content\/uploads\/2021\/06\/seminaire-logo-maison-lacassagne.jpg\",\"datePublished\":\"2020-07-21T09:08:45+00:00\",\"dateModified\":\"2023-10-24T06:38:25+00:00\",\"description\":\"Seminari Lione: organizzate il vostro seminario al Grand H\u00f4tel des Terreaux! Beneficiate di un alloggio di lusso nel cuore della citt\u00e0 e di un supporto professionale.\",\"breadcrumb\":{\"@id\":\"https:\/\/www.hotel-lyon-grandhoteldesterreaux.fr\/it\/seminario-lyon\/#breadcrumb\"},\"inLanguage\":\"it-IT\",\"potentialAction\":[{\"@type\":\"ReadAction\",\"target\":[\"https:\/\/www.hotel-lyon-grandhoteldesterreaux.fr\/it\/seminario-lyon\/\"]}]},{\"@type\":\"ImageObject\",\"inLanguage\":\"it-IT\",\"@id\":\"https:\/\/www.hotel-lyon-grandhoteldesterreaux.fr\/it\/seminario-lyon\/#primaryimage\",\"url\":\"https:\/\/www.hotel-lyon-grandhoteldesterreaux.fr\/wp-content\/uploads\/2021\/06\/seminaire-logo-maison-lacassagne.jpg\",\"contentUrl\":\"https:\/\/www.hotel-lyon-grandhoteldesterreaux.fr\/wp-content\/uploads\/2021\/06\/seminaire-logo-maison-lacassagne.jpg\"},{\"@type\":\"BreadcrumbList\",\"@id\":\"https:\/\/www.hotel-lyon-grandhoteldesterreaux.fr\/it\/seminario-lyon\/#breadcrumb\",\"itemListElement\":[{\"@type\":\"ListItem\",\"position\":1,\"name\":\"Home\",\"item\":\"https:\/\/www.hotel-lyon-grandhoteldesterreaux.fr\/it\/\"},{\"@type\":\"ListItem\",\"position\":2,\"name\":\"Seminari\"}]},{\"@type\":\"WebSite\",\"@id\":\"https:\/\/www.hotel-lyon-grandhoteldesterreaux.fr\/it\/#website\",\"url\":\"https:\/\/www.hotel-lyon-grandhoteldesterreaux.fr\/it\/\",\"name\":\"Grand H\u00f4tel des Terreaux\",\"description\":\"\",\"publisher\":{\"@id\":\"https:\/\/www.hotel-lyon-grandhoteldesterreaux.fr\/it\/#organization\"},\"potentialAction\":[{\"@type\":\"SearchAction\",\"target\":{\"@type\":\"EntryPoint\",\"urlTemplate\":\"https:\/\/www.hotel-lyon-grandhoteldesterreaux.fr\/it\/?s={search_term_string}\"},\"query-input\":{\"@type\":\"PropertyValueSpecification\",\"valueRequired\":true,\"valueName\":\"search_term_string\"}}],\"inLanguage\":\"it-IT\"},{\"@type\":\"Organization\",\"@id\":\"https:\/\/www.hotel-lyon-grandhoteldesterreaux.fr\/it\/#organization\",\"name\":\"Grand H\u00f4tel des Terreaux\",\"url\":\"https:\/\/www.hotel-lyon-grandhoteldesterreaux.fr\/it\/\",\"logo\":{\"@type\":\"ImageObject\",\"inLanguage\":\"it-IT\",\"@id\":\"https:\/\/www.hotel-lyon-grandhoteldesterreaux.fr\/it\/#\/schema\/logo\/image\/\",\"url\":\"https:\/\/www.hotel-lyon-grandhoteldesterreaux.fr\/wp-content\/uploads\/2021\/07\/ght-logo.png\",\"contentUrl\":\"https:\/\/www.hotel-lyon-grandhoteldesterreaux.fr\/wp-content\/uploads\/2021\/07\/ght-logo.png\",\"width\":400,\"height\":41,\"caption\":\"Grand H\u00f4tel des Terreaux\"},\"image\":{\"@id\":\"https:\/\/www.hotel-lyon-grandhoteldesterreaux.fr\/it\/#\/schema\/logo\/image\/\"}}]}<\/script>\n<!-- \/ Yoast SEO plugin. -->","yoast_head_json":{"title":"Seminari - Grand H\u00f4tel des Terreaux","description":"Seminari Lione: organizzate il vostro seminario al Grand H\u00f4tel des Terreaux! Beneficiate di un alloggio di lusso nel cuore della citt\u00e0 e di un supporto professionale.","robots":{"index":"index","follow":"follow","max-snippet":"max-snippet:-1","max-image-preview":"max-image-preview:large","max-video-preview":"max-video-preview:-1"},"canonical":"https:\/\/www.hotel-lyon-grandhoteldesterreaux.fr\/it\/seminario-lyon\/","og_locale":"it_IT","og_type":"article","og_title":"Seminari - Grand H\u00f4tel des Terreaux","og_description":"Seminari Lione: organizzate il vostro seminario al Grand H\u00f4tel des Terreaux! Beneficiate di un alloggio di lusso nel cuore della citt\u00e0 e di un supporto professionale.","og_url":"https:\/\/www.hotel-lyon-grandhoteldesterreaux.fr\/it\/seminario-lyon\/","og_site_name":"Grand H\u00f4tel des Terreaux","article_modified_time":"2023-10-24T06:38:25+00:00","og_image":[{"url":"https:\/\/www.hotel-lyon-grandhoteldesterreaux.fr\/wp-content\/uploads\/2021\/06\/seminaire-logo-maison-lacassagne.jpg","type":"","width":"","height":""}],"twitter_card":"summary_large_image","schema":{"@context":"https:\/\/schema.org","@graph":[{"@type":"WebPage","@id":"https:\/\/www.hotel-lyon-grandhoteldesterreaux.fr\/it\/seminario-lyon\/","url":"https:\/\/www.hotel-lyon-grandhoteldesterreaux.fr\/it\/seminario-lyon\/","name":"Seminari - Grand H\u00f4tel des Terreaux","isPartOf":{"@id":"https:\/\/www.hotel-lyon-grandhoteldesterreaux.fr\/it\/#website"},"primaryImageOfPage":{"@id":"https:\/\/www.hotel-lyon-grandhoteldesterreaux.fr\/it\/seminario-lyon\/#primaryimage"},"image":{"@id":"https:\/\/www.hotel-lyon-grandhoteldesterreaux.fr\/it\/seminario-lyon\/#primaryimage"},"thumbnailUrl":"https:\/\/www.hotel-lyon-grandhoteldesterreaux.fr\/wp-content\/uploads\/2021\/06\/seminaire-logo-maison-lacassagne.jpg","datePublished":"2020-07-21T09:08:45+00:00","dateModified":"2023-10-24T06:38:25+00:00","description":"Seminari Lione: organizzate il vostro seminario al Grand H\u00f4tel des Terreaux! Beneficiate di un alloggio di lusso nel cuore della citt\u00e0 e di un supporto professionale.","breadcrumb":{"@id":"https:\/\/www.hotel-lyon-grandhoteldesterreaux.fr\/it\/seminario-lyon\/#breadcrumb"},"inLanguage":"it-IT","potentialAction":[{"@type":"ReadAction","target":["https:\/\/www.hotel-lyon-grandhoteldesterreaux.fr\/it\/seminario-lyon\/"]}]},{"@type":"ImageObject","inLanguage":"it-IT","@id":"https:\/\/www.hotel-lyon-grandhoteldesterreaux.fr\/it\/seminario-lyon\/#primaryimage","url":"https:\/\/www.hotel-lyon-grandhoteldesterreaux.fr\/wp-content\/uploads\/2021\/06\/seminaire-logo-maison-lacassagne.jpg","contentUrl":"https:\/\/www.hotel-lyon-grandhoteldesterreaux.fr\/wp-content\/uploads\/2021\/06\/seminaire-logo-maison-lacassagne.jpg"},{"@type":"BreadcrumbList","@id":"https:\/\/www.hotel-lyon-grandhoteldesterreaux.fr\/it\/seminario-lyon\/#breadcrumb","itemListElement":[{"@type":"ListItem","position":1,"name":"Home","item":"https:\/\/www.hotel-lyon-grandhoteldesterreaux.fr\/it\/"},{"@type":"ListItem","position":2,"name":"Seminari"}]},{"@type":"WebSite","@id":"https:\/\/www.hotel-lyon-grandhoteldesterreaux.fr\/it\/#website","url":"https:\/\/www.hotel-lyon-grandhoteldesterreaux.fr\/it\/","name":"Grand H\u00f4tel des Terreaux","description":"","publisher":{"@id":"https:\/\/www.hotel-lyon-grandhoteldesterreaux.fr\/it\/#organization"},"potentialAction":[{"@type":"SearchAction","target":{"@type":"EntryPoint","urlTemplate":"https:\/\/www.hotel-lyon-grandhoteldesterreaux.fr\/it\/?s={search_term_string}"},"query-input":{"@type":"PropertyValueSpecification","valueRequired":true,"valueName":"search_term_string"}}],"inLanguage":"it-IT"},{"@type":"Organization","@id":"https:\/\/www.hotel-lyon-grandhoteldesterreaux.fr\/it\/#organization","name":"Grand H\u00f4tel des Terreaux","url":"https:\/\/www.hotel-lyon-grandhoteldesterreaux.fr\/it\/","logo":{"@type":"ImageObject","inLanguage":"it-IT","@id":"https:\/\/www.hotel-lyon-grandhoteldesterreaux.fr\/it\/#\/schema\/logo\/image\/","url":"https:\/\/www.hotel-lyon-grandhoteldesterreaux.fr\/wp-content\/uploads\/2021\/07\/ght-logo.png","contentUrl":"https:\/\/www.hotel-lyon-grandhoteldesterreaux.fr\/wp-content\/uploads\/2021\/07\/ght-logo.png","width":400,"height":41,"caption":"Grand H\u00f4tel des Terreaux"},"image":{"@id":"https:\/\/www.hotel-lyon-grandhoteldesterreaux.fr\/it\/#\/schema\/logo\/image\/"}}]}},"_links":{"self":[{"href":"https:\/\/www.hotel-lyon-grandhoteldesterreaux.fr\/it\/wp-json\/wp\/v2\/pages\/1684","targetHints":{"allow":["GET"]}}],"collection":[{"href":"https:\/\/www.hotel-lyon-grandhoteldesterreaux.fr\/it\/wp-json\/wp\/v2\/pages"}],"about":[{"href":"https:\/\/www.hotel-lyon-grandhoteldesterreaux.fr\/it\/wp-json\/wp\/v2\/types\/page"}],"author":[{"embeddable":true,"href":"https:\/\/www.hotel-lyon-grandhoteldesterreaux.fr\/it\/wp-json\/wp\/v2\/users\/1"}],"replies":[{"embeddable":true,"href":"https:\/\/www.hotel-lyon-grandhoteldesterreaux.fr\/it\/wp-json\/wp\/v2\/comments?post=1684"}],"version-history":[{"count":8,"href":"https:\/\/www.hotel-lyon-grandhoteldesterreaux.fr\/it\/wp-json\/wp\/v2\/pages\/1684\/revisions"}],"predecessor-version":[{"id":11775,"href":"https:\/\/www.hotel-lyon-grandhoteldesterreaux.fr\/it\/wp-json\/wp\/v2\/pages\/1684\/revisions\/11775"}],"wp:attachment":[{"href":"https:\/\/www.hotel-lyon-grandhoteldesterreaux.fr\/it\/wp-json\/wp\/v2\/media?parent=1684"}],"curies":[{"name":"wp","href":"https:\/\/api.w.org\/{rel}","templated":true}]}}