{"id":1567,"date":"2020-07-21T11:07:34","date_gmt":"2020-07-21T09:07:34","guid":{"rendered":"https:\/\/www.hotel-lyon-grandhoteldesterreaux.fr\/homepage\/"},"modified":"2022-04-13T09:22:04","modified_gmt":"2022-04-13T07:22:04","slug":"homepage","status":"publish","type":"page","link":"https:\/\/www.hotel-lyon-grandhoteldesterreaux.fr\/it\/","title":{"rendered":"Homepage"},"content":{"rendered":"<div class=\"glide\">\n    <div class=\"glide__track\" data-glide-el=\"track\">\n        <ul class=\"glide__slides\">\n                        <li class=\"glide__slide\"><img decoding=\"async\" loading=\"lazy\" src=\"https:\/\/www.hotel-lyon-grandhoteldesterreaux.fr\/wp-content\/uploads\/2021\/07\/Piscine-GHT.jpg\" alt=\"slide.thumbnail._wp_attachment_image_alt\" \/><\/li>\n                    <\/ul>\n    <\/div>\n\n    \n    <div class=\"glide__overlay\"><!-- placeholder --><\/div>\n<\/div>\n\n\n\n<div class=\"booking-form\">\n    <h2>Prenota il vostro soggiorno a Lione 1 <i>arrondissement<\/i><\/h2>\n\n    <div class=\"form\">\n        <form method=\"post\" action=\"https:\/\/www.secure-hotel-booking.com\/Grand-Hotel-des-Terreaux\/J1G4?hotelId=22344\" target=\"_blank\">\n            <input type=\"hidden\" name=\"language\" value=\"it-IT\" \/>\n            <div class=\"form-control\">\n                <label for=\"arrival_date\">Data di arrivo<\/label>\n                <input id=\"arrival_date\" type=\"text\" value=\"\" name=\"arrivalDate\" data-lang=\"it-IT\" required \/>\n            <\/div>\n\n            <div class=\"form-control\">\n                <label for=\"departure_date\">Data di partenza<\/label>\n                <input id=\"departure_date\" type=\"text\" value=\"\" name=\"departure\" data-lang=\"it-IT\" required \/>\n                <input id=\"nights\" type=\"hidden\" value=\"\" name=\"nights\" \/>\n            <\/div>\n\n            <div class=\"form-control\">\n                <label for=\"nb_of_adults\">Numero di adulti<\/label>\n                <input id=\"nb_of_adults\" type=\"number\" value=\"2\" name=\"selectedAdultCount\" required \/>\n            <\/div>\n\n            <div class=\"form-control\">\n                <label for=\"nb_of_childre\">Numero di bambini<\/label>\n                <input id=\"nb_of_childre\" type=\"number\" value=\"\" name=\"selectedChildCount\" \/>\n            <\/div>\n\n            <div class=\"form-control\">\n                <label for=\"promo_code\">Codice promozionale<\/label>\n                <input id=\"promo_code\" type=\"text\" value=\"\" name=\"rate\" \/>\n            <\/div>\n\n            <div class=\"form-control form-action\">\n                <input type=\"submit\" class=\"btn btn-style2\" name=\"book\" value=\"Prenota >>\"\/>\n            <\/div>\n        <\/form>\n    <\/div>\n<\/div>\n\n\n\n\n<div class=\"wp-block-group\"><div class=\"wp-block-group__inner-container is-layout-flow wp-block-group-is-layout-flow\">\n<div class=\"wp-block-create-block-title\" style=\"text-align:center\"><h1 class=\"title\" style=\"font-family:Caviar Dreams\"><strong>Benvenuti a Lione, al<\/strong><br><strong>GRAND H\u00d4TEL DES TERREAUX<\/strong><br><\/h1><\/div>\n\n\n\n<div class=\"wp-block-image\"><figure class=\"aligncenter size-large\"><img loading=\"lazy\" decoding=\"async\" width=\"140\" height=\"24\" src=\"https:\/\/www.hotel-lyon-grandhoteldesterreaux.fr\/wp-content\/uploads\/2021\/05\/stars.png\" alt=\"\" class=\"wp-image-422\"\/><\/figure><\/div>\n\n\n\n<div class=\"wp-block-create-block-title\" style=\"text-align:center\"><h2 class=\"title\" style=\"font-family:Caviar Dreams\">Hotel I <em>arrondissement<\/em> di Lione nel quartiere dei Terreaux<\/h2><\/div>\n\n\n\n<div style=\"height:40px\" aria-hidden=\"true\" class=\"wp-block-spacer\"><\/div>\n\n\n\n<div class=\"wp-block-columns col2-spaced is-layout-flex wp-container-core-columns-is-layout-9d6595d7 wp-block-columns-is-layout-flex\">\n<div class=\"wp-block-column is-layout-flow wp-block-column-is-layout-flow\">\n<div class=\"wp-block-create-block-title\"><h3 class=\"title\" style=\"font-family:Caviar Dreams\"><strong>Un hotel in stile Art D\u00e9co nel I arrondissement di Lione, al ritmo della Citt\u00e0 delle Luci<\/strong><\/h3><\/div>\n\n\n\n<p>Nel cuore del quartiere della Presqu&#8217;\u00eele, vi apre le sue porte uno dei pi\u00f9 antichi hotel di Lione. Edificio emblematico, vicino alla Place des Terreaux nel I<sup> <\/sup>arrondissement di Lione, il Grand H\u00f4tel des Terreaux 4* vi offre un momento ricco di emozioni dove s\u2019incontrano storia ed eleganza.<\/p>\n\n\n\n<p>Inaugurato nel 1855, incarna l&#8217;audace raffinatezza del movimento Art D\u00e9co, simbolo della spensierata <em>Belle \u00c9poque lionese<\/em>.<\/p>\n<\/div>\n\n\n\n<div class=\"wp-block-column is-layout-flow wp-block-column-is-layout-flow\">\n<p>Il nostro hotel a Lione, nel quartiere Terreaux, recentemente rimodernato, mette a vostra disposizione le pretese di un hotel 4* unite allo spirito accogliente e confortevole di una dimora del XIX secolo. Per vivere un momento fuori dal tempo, durante il vostro soggiorno a Lione, varcate le porte di un hotel di alta gamma: il Grand H\u00f4tel Terreaux, e lasciatevi incantare dal suo universo unico.<\/p>\n\n\n\n<p>Il Grand Hotel Terreaux vi accoglie in un edificio di alta gamma nel cuore del primo arrondissement di Lione.<\/p>\n<\/div>\n<\/div>\n\n\n\n<p class=\"wp-block-create-block-button has-text-align-center\"><a class=\"btn btn-style1\" href=\"https:\/\/www.hotel-lyon-grandhoteldesterreaux.fr\/it\/hotel-4-stelle-a-lione\/\">Scopri la storia del Grand Hotel Terreaux &gt;&gt;<\/a><\/p>\n<\/div><\/div>\n\n\n\n<div class=\"wp-block-create-block-galleries\" style=\"background-color:#242f3a\"><div class=\"row\"><div class=\"col6\"><div class=\"contain_galleries\"><h2 class=\"title\" style=\"color:#dcd6cf;font-family:Caviar Dreams\"><strong><strong><strong>Un universo diverso per&nbsp;ogni stanza del nostro&nbsp;hotel nel centro di Lione<\/strong><br><\/strong><\/strong><\/h2><p class=\"body\" style=\"color:#dcd6cf\">Il Grand H\u00f4tel des Terreaux, hotel 4 stelle a Lione, vi accoglie nel suo universo autenticamente lionese, dall&#8217;atmosfera intima e accogliente, con la promessa di un soggiorno di qualit\u00e0 e ricco di storia. Le camere e le suite del nostro hotel (Lyon Terreaux) sono adornate da un architettura Art D\u00e9co unica, dove il mobilio e gli elementi di decoro si combinano armoniosamente in un\u2019atmosfera curata.<\/p><div style=\"text-align:right\"><a class=\"btn btn-style2\" href=\"https:\/\/www.hotel-lyon-grandhoteldesterreaux.fr\/it\/camere\/\">Leggi tutto &gt;&gt;<\/a><\/div><\/div><\/div><div class=\"col6\"><div class=\"img_galleries_list\"><div class=\"grid grid2\"><div><blockquote class=\"imgGallerie\"><img decoding=\"async\" loading=\"lazy\" src=\"https:\/\/www.hotel-lyon-grandhoteldesterreaux.fr\/wp-content\/uploads\/2021\/05\/jill-salinger-grand-hotel-des-terreaux-marielle-besson-entree-desk-1024x765.jpg\" width=\"480\" height=\"405\" alt=\"\"\/><\/blockquote><\/div><div><blockquote class=\"imgGallerie\"><img decoding=\"async\" loading=\"lazy\" src=\"https:\/\/www.hotel-lyon-grandhoteldesterreaux.fr\/wp-content\/uploads\/2021\/05\/jill-salinger-grand-hotel-des-terreaux-chambre-double-bleu-1024x716.jpg\" width=\"480\" height=\"405\" alt=\"\"\/><\/blockquote><\/div><div><blockquote class=\"imgGallerie\"><img decoding=\"async\" loading=\"lazy\" src=\"https:\/\/www.hotel-lyon-grandhoteldesterreaux.fr\/wp-content\/uploads\/2021\/05\/jill-salinger-grand-hotel-des-terreaux-chambre-superieure-1024x765.jpg\" width=\"480\" height=\"405\" alt=\"\"\/><\/blockquote><\/div><div><blockquote class=\"imgGallerie\"><img decoding=\"async\" loading=\"lazy\" src=\"https:\/\/www.hotel-lyon-grandhoteldesterreaux.fr\/wp-content\/uploads\/2021\/05\/jill-salinger-grand-hotel-des-terreaux-chambre-double-1024x739.jpg\" width=\"480\" height=\"405\" alt=\"\"\/><\/blockquote><\/div><\/div><\/div><\/div><\/div><\/div>\n\n\n<div class=\"list-card-rooms homepage\">\n    <div class=\"row\">\n        <div class=\"col col3 title-list-card\">\n            <h2 class=\"title\">5 categorie di camere<\/h2>\n        <\/div>\n\n        <div class=\"col col9 list-card\">\n            <div class=\"grid grid3\">\n                                    <div class=\"card card-room-0\">\n                        <h3 class=\"title\">Camera<br \/>Singola<\/h3>\n                        <a href=\"https:\/\/www.hotel-lyon-grandhoteldesterreaux.fr\/it\/camere\/camera-individuale-lione\/\" class=\"btn btn-large btn-style2\">Pi\u00f9 informazioni >><\/a>\n                    <\/div>\n                                                        <div class=\"card card-room-1\">\n                        <h3 class=\"title\">Camera<br \/>Doppia<\/h3>\n                        <a href=\"https:\/\/www.hotel-lyon-grandhoteldesterreaux.fr\/it\/camere\/camera-doppia-albergo-coppia-lyon\/\" class=\"btn btn-large btn-style2\">Pi\u00f9 informazioni >><\/a>\n                    <\/div>\n                                            <div class=\"card card-room-empty\"><\/div>\n                                                        <div class=\"card card-room-2\">\n                        <h3 class=\"title\">Camera<br \/>Comfort<\/h3>\n                        <a href=\"https:\/\/www.hotel-lyon-grandhoteldesterreaux.fr\/it\/camere\/camera-comfort-hotel-lyon\/\" class=\"btn btn-large btn-style2\">Pi\u00f9 informazioni >><\/a>\n                    <\/div>\n                                                        <div class=\"card card-room-3\">\n                        <h3 class=\"title\">Camera<br \/>Superior<\/h3>\n                        <a href=\"https:\/\/www.hotel-lyon-grandhoteldesterreaux.fr\/it\/camere\/camera-superior-hotel-lyon\/\" class=\"btn btn-large btn-style2\">Pi\u00f9 informazioni >><\/a>\n                    <\/div>\n                                                        <div class=\"card card-room-4\">\n                        <h3 class=\"title\">Camera<br \/>Junior<\/h3>\n                        <a href=\"https:\/\/www.hotel-lyon-grandhoteldesterreaux.fr\/it\/camere\/camera-junior-lyon-centro\/\" class=\"btn btn-large btn-style2\">Pi\u00f9 informazioni >><\/a>\n                    <\/div>\n                                                <\/div>\n        <\/div>\n    <\/div>\n<\/div>\n\n\n\n\n<div class=\"wp-block-create-block-title\" style=\"text-align:center\"><h2 class=\"title\" style=\"color:#242f3a;font-family:Caviar Dreams\">Servizi e strutture<\/h2><\/div>\n\n\n\n<div class=\"wp-block-image\"><figure class=\"aligncenter size-large\"><img loading=\"lazy\" decoding=\"async\" width=\"400\" height=\"51\" src=\"https:\/\/www.hotel-lyon-grandhoteldesterreaux.fr\/wp-content\/uploads\/2021\/05\/separateur.png\" alt=\"\" class=\"wp-image-428\" srcset=\"https:\/\/www.hotel-lyon-grandhoteldesterreaux.fr\/wp-content\/uploads\/2021\/05\/separateur.png 400w, https:\/\/www.hotel-lyon-grandhoteldesterreaux.fr\/wp-content\/uploads\/2021\/05\/separateur-300x38.png 300w\" sizes=\"auto, (max-width: 400px) 100vw, 400px\" \/><\/figure><\/div>\n\n\n<div id=\"block__services\" class=\"homepage\">\n    <div class=\"row\">\n            <div class=\"col col3 block__1\">\n            \n            <div class=\"block__content\">\n                <h3 class=\"block__content-title\">Attivit\u00e0 a Lione<\/h3>\n                \n<p>Il Grand H\u00f4tel des Terreaux Lyon I \u00e8 la destinazione perfetta per un soggiorno immerso nella storia di Lione. Siamo a vostra disposizione per consigliarvi e guidarvi per vivere un soggiorno unico: dai <em>traboules<\/em> pi\u00f9 segreti, ai <em>bouchons<\/em> pi\u00f9 celebri di Lione, immergetevi nella storia della Place des Terreaux prenotando nel nostro hotel Lione I arrondissement.<\/p>\n\n\n\n<p class=\"wp-block-create-block-button has-text-align-center\"><a class=\"btn btn-style8\" href=\"https:\/\/www.hotel-lyon-grandhoteldesterreaux.fr\/it\/hotel-lyon-centro\/#service_1601\">Leggi tutto &gt;&gt;<\/a><\/p>\n\n            <\/div>\n\n                            <img decoding=\"async\" loading=\"lazy\" src=\"https:\/\/www.hotel-lyon-grandhoteldesterreaux.fr\/wp-content\/uploads\/2021\/07\/activites-a-lyon.jpg\" alt=\"Activit\u00e9s \u00e0 Lyon\" \/>\n                    <\/div>\n            <div class=\"col col3 block__2\">\n                            <img decoding=\"async\" loading=\"lazy\" src=\"https:\/\/www.hotel-lyon-grandhoteldesterreaux.fr\/wp-content\/uploads\/2021\/07\/espace-de-vie-jour.jpg\" alt=\"Espace de vie le jour\" \/>\n            \n            <div class=\"block__content\">\n                <h3 class=\"block__content-title\">Zona living<\/h3>\n                \n<p>Goditi una deliziosa colazione a buffet dolce e salata (19\u20ac a persona) servita nel nostro straordinario salotto di architettura moderna situato vicino alle piscine interne. La colazione pu\u00f2 anche essere portata in camera (19\u20ac a persona). E, per i pi\u00f9 frettolosi, la colazione Express \u00e8 disponibile al bar (7\u20ac a persona): succo d&#8217;arancia, bevanda calda e mini pasticcini.<\/p>\n\n\n\n<p class=\"wp-block-create-block-button has-text-align-center\"><a class=\"btn btn-style8\" href=\"https:\/\/www.hotel-lyon-grandhoteldesterreaux.fr\/it\/hotel-lyon-centro\/#service_1589\">Leggi tutto &gt;&gt;<\/a><\/p>\n\n            <\/div>\n\n                    <\/div>\n            <div class=\"col col3 block__3\">\n            \n            <div class=\"block__content\">\n                <h3 class=\"block__content-title\">Piscina relax<\/h3>\n                \n<p>Il Grand H\u00f4tel des Terreaux dispone di una piscina coperta aperta dalle 14:00 alle 23:00 per offrirvi un momento di relax in un quadro fuori dal comune, con soffitti a volta e pietre a vista ricche di storia. Questa \u00e8 accessibile solo agli ospiti dell&#8217;hotel Lyon I arrondissement.<\/p>\n\n\n\n<p class=\"wp-block-create-block-button has-text-align-center\"><a class=\"btn btn-style8\" href=\"https:\/\/www.hotel-lyon-grandhoteldesterreaux.fr\/it\/hotel-lyon-centro\/#service_1593\">Leggi tutto &gt;&gt;<\/a><\/p>\n\n            <\/div>\n\n                            <img decoding=\"async\" loading=\"lazy\" src=\"https:\/\/www.hotel-lyon-grandhoteldesterreaux.fr\/wp-content\/uploads\/2021\/07\/bassin-detente.jpg\" alt=\"Bassins d\u00e9tente\" \/>\n                    <\/div>\n            <div class=\"col col3 block__4\">\n                            <img decoding=\"async\" loading=\"lazy\" src=\"https:\/\/www.hotel-lyon-grandhoteldesterreaux.fr\/wp-content\/uploads\/2021\/07\/espace-de-vie-nuit.jpg\" alt=\"Espace de vie la nuit\" \/>\n            \n            <div class=\"block__content\">\n                <h3 class=\"block__content-title\">Zona Lounge<\/h3>\n                \n<p>Il nostro bar intimo nel cuore del 1\u00b0 arrondissement di Lione \u00e8 aperto fino all&#8217;1 del mattino.<\/p>\n\n\n\n<p>Potrai dissetarti durante una pausa durante la tua giornata di lavoro o al ritorno dalla tua scoperta di Lione.<\/p>\n\n\n\n<p>La nostra reception \u00e8 disponibile 24 ore al giorno per garantire il vostro comfort e soddisfare le vostre esigenze.&nbsp;<\/p>\n\n\n\n<p class=\"wp-block-create-block-button has-text-align-center\"><a class=\"btn btn-style8\" href=\"https:\/\/www.hotel-lyon-grandhoteldesterreaux.fr\/it\/hotel-lyon-centro\/#service_1597\">Leggi tutto &gt;&gt;<\/a><\/p>\n\n            <\/div>\n\n                    <\/div>\n        <\/div>\n<\/div>\n\n\n\n\n<div style=\"text-align:center\" class=\"wp-block-create-block-gmap\"><div id=\"block-maps\"><div class=\"block-maps-content\"><div class=\"iframe\"><iframe loading=\"lazy\" src=\"https:\/\/snazzymaps.com\/embed\/328903\"><\/iframe><\/div><a href=\"https:\/\/www.hotel-lyon-grandhoteldesterreaux.fr\/it\/acceso\/\" class=\"btn btn-style2\">Come unirsi a noi &gt;&gt;<\/a><\/div><\/div><\/div>\n","protected":false},"excerpt":{"rendered":"<p>Nel cuore del quartiere della Presqu&#8217;\u00eele, vi apre le sue porte uno dei pi\u00f9 antichi hotel di Lione. Edificio emblematico, vicino alla Place des Terreaux nel I arrondissement di Lione, il Grand H\u00f4tel des Terreaux 4* vi offre un momento ricco di emozioni dove s\u2019incontrano storia ed eleganza. Inaugurato nel 1855, incarna l&#8217;audace raffinatezza del [&hellip;]<\/p>\n","protected":false},"author":1,"featured_media":0,"parent":0,"menu_order":0,"comment_status":"closed","ping_status":"closed","template":"","meta":{"pgc_sgb_lightbox_settings":"","footnotes":""},"class_list":["post-1567","page","type-page","status-publish","hentry"],"yoast_head":"<!-- This site is optimized with the Yoast SEO plugin v27.0 - https:\/\/yoast.com\/product\/yoast-seo-wordpress\/ -->\n<title>Homepage - Grand H\u00f4tel des Terreaux<\/title>\n<meta name=\"description\" content=\"Hotel Lione I: scoprite il Grand H\u00f4tel des Terreaux, un hotel di prestigio situato nel cuore della citt\u00e0 per un soggiorno in solitaria, in coppia o in famiglia.\" \/>\n<meta name=\"robots\" content=\"index, follow, max-snippet:-1, max-image-preview:large, max-video-preview:-1\" \/>\n<link rel=\"canonical\" href=\"https:\/\/www.hotel-lyon-grandhoteldesterreaux.fr\/it\/\" \/>\n<meta property=\"og:locale\" content=\"it_IT\" \/>\n<meta property=\"og:type\" content=\"article\" \/>\n<meta property=\"og:title\" content=\"Homepage - Grand H\u00f4tel des Terreaux\" \/>\n<meta property=\"og:description\" content=\"Hotel Lione I: scoprite il Grand H\u00f4tel des Terreaux, un hotel di prestigio situato nel cuore della citt\u00e0 per un soggiorno in solitaria, in coppia o in famiglia.\" \/>\n<meta property=\"og:url\" content=\"https:\/\/www.hotel-lyon-grandhoteldesterreaux.fr\/it\/\" \/>\n<meta property=\"og:site_name\" content=\"Grand H\u00f4tel des Terreaux\" \/>\n<meta property=\"article:modified_time\" content=\"2022-04-13T07:22:04+00:00\" \/>\n<meta property=\"og:image\" content=\"https:\/\/www.hotel-lyon-grandhoteldesterreaux.fr\/wp-content\/uploads\/2021\/05\/stars.png\" \/>\n<meta name=\"twitter:card\" content=\"summary_large_image\" \/>\n<script type=\"application\/ld+json\" class=\"yoast-schema-graph\">{\"@context\":\"https:\/\/schema.org\",\"@graph\":[{\"@type\":\"WebPage\",\"@id\":\"https:\/\/www.hotel-lyon-grandhoteldesterreaux.fr\/it\/\",\"url\":\"https:\/\/www.hotel-lyon-grandhoteldesterreaux.fr\/it\/\",\"name\":\"Homepage - Grand H\u00f4tel des Terreaux\",\"isPartOf\":{\"@id\":\"https:\/\/www.hotel-lyon-grandhoteldesterreaux.fr\/it\/#website\"},\"primaryImageOfPage\":{\"@id\":\"https:\/\/www.hotel-lyon-grandhoteldesterreaux.fr\/it\/#primaryimage\"},\"image\":{\"@id\":\"https:\/\/www.hotel-lyon-grandhoteldesterreaux.fr\/it\/#primaryimage\"},\"thumbnailUrl\":\"https:\/\/www.hotel-lyon-grandhoteldesterreaux.fr\/wp-content\/uploads\/2021\/05\/stars.png\",\"datePublished\":\"2020-07-21T09:07:34+00:00\",\"dateModified\":\"2022-04-13T07:22:04+00:00\",\"description\":\"Hotel Lione I: scoprite il Grand H\u00f4tel des Terreaux, un hotel di prestigio situato nel cuore della citt\u00e0 per un soggiorno in solitaria, in coppia o in famiglia.\",\"breadcrumb\":{\"@id\":\"https:\/\/www.hotel-lyon-grandhoteldesterreaux.fr\/it\/#breadcrumb\"},\"inLanguage\":\"it-IT\",\"potentialAction\":[{\"@type\":\"ReadAction\",\"target\":[\"https:\/\/www.hotel-lyon-grandhoteldesterreaux.fr\/it\/\"]}]},{\"@type\":\"ImageObject\",\"inLanguage\":\"it-IT\",\"@id\":\"https:\/\/www.hotel-lyon-grandhoteldesterreaux.fr\/it\/#primaryimage\",\"url\":\"https:\/\/www.hotel-lyon-grandhoteldesterreaux.fr\/wp-content\/uploads\/2021\/05\/stars.png\",\"contentUrl\":\"https:\/\/www.hotel-lyon-grandhoteldesterreaux.fr\/wp-content\/uploads\/2021\/05\/stars.png\"},{\"@type\":\"BreadcrumbList\",\"@id\":\"https:\/\/www.hotel-lyon-grandhoteldesterreaux.fr\/it\/#breadcrumb\",\"itemListElement\":[{\"@type\":\"ListItem\",\"position\":1,\"name\":\"Home\",\"item\":\"https:\/\/www.hotel-lyon-grandhoteldesterreaux.fr\/it\/\"},{\"@type\":\"ListItem\",\"position\":2,\"name\":\"Homepage\"}]},{\"@type\":\"WebSite\",\"@id\":\"https:\/\/www.hotel-lyon-grandhoteldesterreaux.fr\/it\/#website\",\"url\":\"https:\/\/www.hotel-lyon-grandhoteldesterreaux.fr\/it\/\",\"name\":\"Grand H\u00f4tel des Terreaux\",\"description\":\"\",\"publisher\":{\"@id\":\"https:\/\/www.hotel-lyon-grandhoteldesterreaux.fr\/it\/#organization\"},\"potentialAction\":[{\"@type\":\"SearchAction\",\"target\":{\"@type\":\"EntryPoint\",\"urlTemplate\":\"https:\/\/www.hotel-lyon-grandhoteldesterreaux.fr\/it\/?s={search_term_string}\"},\"query-input\":{\"@type\":\"PropertyValueSpecification\",\"valueRequired\":true,\"valueName\":\"search_term_string\"}}],\"inLanguage\":\"it-IT\"},{\"@type\":\"Organization\",\"@id\":\"https:\/\/www.hotel-lyon-grandhoteldesterreaux.fr\/it\/#organization\",\"name\":\"Grand H\u00f4tel des Terreaux\",\"url\":\"https:\/\/www.hotel-lyon-grandhoteldesterreaux.fr\/it\/\",\"logo\":{\"@type\":\"ImageObject\",\"inLanguage\":\"it-IT\",\"@id\":\"https:\/\/www.hotel-lyon-grandhoteldesterreaux.fr\/it\/#\/schema\/logo\/image\/\",\"url\":\"https:\/\/www.hotel-lyon-grandhoteldesterreaux.fr\/wp-content\/uploads\/2021\/07\/ght-logo.png\",\"contentUrl\":\"https:\/\/www.hotel-lyon-grandhoteldesterreaux.fr\/wp-content\/uploads\/2021\/07\/ght-logo.png\",\"width\":400,\"height\":41,\"caption\":\"Grand H\u00f4tel des Terreaux\"},\"image\":{\"@id\":\"https:\/\/www.hotel-lyon-grandhoteldesterreaux.fr\/it\/#\/schema\/logo\/image\/\"}}]}<\/script>\n<!-- \/ Yoast SEO plugin. -->","yoast_head_json":{"title":"Homepage - Grand H\u00f4tel des Terreaux","description":"Hotel Lione I: scoprite il Grand H\u00f4tel des Terreaux, un hotel di prestigio situato nel cuore della citt\u00e0 per un soggiorno in solitaria, in coppia o in famiglia.","robots":{"index":"index","follow":"follow","max-snippet":"max-snippet:-1","max-image-preview":"max-image-preview:large","max-video-preview":"max-video-preview:-1"},"canonical":"https:\/\/www.hotel-lyon-grandhoteldesterreaux.fr\/it\/","og_locale":"it_IT","og_type":"article","og_title":"Homepage - Grand H\u00f4tel des Terreaux","og_description":"Hotel Lione I: scoprite il Grand H\u00f4tel des Terreaux, un hotel di prestigio situato nel cuore della citt\u00e0 per un soggiorno in solitaria, in coppia o in famiglia.","og_url":"https:\/\/www.hotel-lyon-grandhoteldesterreaux.fr\/it\/","og_site_name":"Grand H\u00f4tel des Terreaux","article_modified_time":"2022-04-13T07:22:04+00:00","og_image":[{"url":"https:\/\/www.hotel-lyon-grandhoteldesterreaux.fr\/wp-content\/uploads\/2021\/05\/stars.png","type":"","width":"","height":""}],"twitter_card":"summary_large_image","schema":{"@context":"https:\/\/schema.org","@graph":[{"@type":"WebPage","@id":"https:\/\/www.hotel-lyon-grandhoteldesterreaux.fr\/it\/","url":"https:\/\/www.hotel-lyon-grandhoteldesterreaux.fr\/it\/","name":"Homepage - Grand H\u00f4tel des Terreaux","isPartOf":{"@id":"https:\/\/www.hotel-lyon-grandhoteldesterreaux.fr\/it\/#website"},"primaryImageOfPage":{"@id":"https:\/\/www.hotel-lyon-grandhoteldesterreaux.fr\/it\/#primaryimage"},"image":{"@id":"https:\/\/www.hotel-lyon-grandhoteldesterreaux.fr\/it\/#primaryimage"},"thumbnailUrl":"https:\/\/www.hotel-lyon-grandhoteldesterreaux.fr\/wp-content\/uploads\/2021\/05\/stars.png","datePublished":"2020-07-21T09:07:34+00:00","dateModified":"2022-04-13T07:22:04+00:00","description":"Hotel Lione I: scoprite il Grand H\u00f4tel des Terreaux, un hotel di prestigio situato nel cuore della citt\u00e0 per un soggiorno in solitaria, in coppia o in famiglia.","breadcrumb":{"@id":"https:\/\/www.hotel-lyon-grandhoteldesterreaux.fr\/it\/#breadcrumb"},"inLanguage":"it-IT","potentialAction":[{"@type":"ReadAction","target":["https:\/\/www.hotel-lyon-grandhoteldesterreaux.fr\/it\/"]}]},{"@type":"ImageObject","inLanguage":"it-IT","@id":"https:\/\/www.hotel-lyon-grandhoteldesterreaux.fr\/it\/#primaryimage","url":"https:\/\/www.hotel-lyon-grandhoteldesterreaux.fr\/wp-content\/uploads\/2021\/05\/stars.png","contentUrl":"https:\/\/www.hotel-lyon-grandhoteldesterreaux.fr\/wp-content\/uploads\/2021\/05\/stars.png"},{"@type":"BreadcrumbList","@id":"https:\/\/www.hotel-lyon-grandhoteldesterreaux.fr\/it\/#breadcrumb","itemListElement":[{"@type":"ListItem","position":1,"name":"Home","item":"https:\/\/www.hotel-lyon-grandhoteldesterreaux.fr\/it\/"},{"@type":"ListItem","position":2,"name":"Homepage"}]},{"@type":"WebSite","@id":"https:\/\/www.hotel-lyon-grandhoteldesterreaux.fr\/it\/#website","url":"https:\/\/www.hotel-lyon-grandhoteldesterreaux.fr\/it\/","name":"Grand H\u00f4tel des Terreaux","description":"","publisher":{"@id":"https:\/\/www.hotel-lyon-grandhoteldesterreaux.fr\/it\/#organization"},"potentialAction":[{"@type":"SearchAction","target":{"@type":"EntryPoint","urlTemplate":"https:\/\/www.hotel-lyon-grandhoteldesterreaux.fr\/it\/?s={search_term_string}"},"query-input":{"@type":"PropertyValueSpecification","valueRequired":true,"valueName":"search_term_string"}}],"inLanguage":"it-IT"},{"@type":"Organization","@id":"https:\/\/www.hotel-lyon-grandhoteldesterreaux.fr\/it\/#organization","name":"Grand H\u00f4tel des Terreaux","url":"https:\/\/www.hotel-lyon-grandhoteldesterreaux.fr\/it\/","logo":{"@type":"ImageObject","inLanguage":"it-IT","@id":"https:\/\/www.hotel-lyon-grandhoteldesterreaux.fr\/it\/#\/schema\/logo\/image\/","url":"https:\/\/www.hotel-lyon-grandhoteldesterreaux.fr\/wp-content\/uploads\/2021\/07\/ght-logo.png","contentUrl":"https:\/\/www.hotel-lyon-grandhoteldesterreaux.fr\/wp-content\/uploads\/2021\/07\/ght-logo.png","width":400,"height":41,"caption":"Grand H\u00f4tel des Terreaux"},"image":{"@id":"https:\/\/www.hotel-lyon-grandhoteldesterreaux.fr\/it\/#\/schema\/logo\/image\/"}}]}},"_links":{"self":[{"href":"https:\/\/www.hotel-lyon-grandhoteldesterreaux.fr\/it\/wp-json\/wp\/v2\/pages\/1567","targetHints":{"allow":["GET"]}}],"collection":[{"href":"https:\/\/www.hotel-lyon-grandhoteldesterreaux.fr\/it\/wp-json\/wp\/v2\/pages"}],"about":[{"href":"https:\/\/www.hotel-lyon-grandhoteldesterreaux.fr\/it\/wp-json\/wp\/v2\/types\/page"}],"author":[{"embeddable":true,"href":"https:\/\/www.hotel-lyon-grandhoteldesterreaux.fr\/it\/wp-json\/wp\/v2\/users\/1"}],"replies":[{"embeddable":true,"href":"https:\/\/www.hotel-lyon-grandhoteldesterreaux.fr\/it\/wp-json\/wp\/v2\/comments?post=1567"}],"version-history":[{"count":9,"href":"https:\/\/www.hotel-lyon-grandhoteldesterreaux.fr\/it\/wp-json\/wp\/v2\/pages\/1567\/revisions"}],"predecessor-version":[{"id":4391,"href":"https:\/\/www.hotel-lyon-grandhoteldesterreaux.fr\/it\/wp-json\/wp\/v2\/pages\/1567\/revisions\/4391"}],"wp:attachment":[{"href":"https:\/\/www.hotel-lyon-grandhoteldesterreaux.fr\/it\/wp-json\/wp\/v2\/media?parent=1567"}],"curies":[{"name":"wp","href":"https:\/\/api.w.org\/{rel}","templated":true}]}}