{"id":2196,"date":"2021-09-06T14:28:20","date_gmt":"2021-09-06T12:28:20","guid":{"rendered":"https:\/\/www.hotel-lyon-grandhoteldesterreaux.fr\/plan-du-site\/"},"modified":"2021-09-06T15:14:01","modified_gmt":"2021-09-06T13:14:01","slug":"mapa-del-sitio","status":"publish","type":"page","link":"https:\/\/www.hotel-lyon-grandhoteldesterreaux.fr\/es\/mapa-del-sitio\/","title":{"rendered":"Mapa del sitio"},"content":{"rendered":"\n<div class=\"wp-block-group\"><div class=\"wp-block-group__inner-container is-layout-flow wp-block-group-is-layout-flow\">\n<div class=\"wp-block-create-block-title\" style=\"text-align:center\"><h1 class=\"title\" style=\"font-family:Caviar Dreams\">Mapa del sitio<\/h1><\/div>\n\n\n\n<div class=\"wp-block-columns is-layout-flex wp-container-core-columns-is-layout-9d6595d7 wp-block-columns-is-layout-flex\">\n<div class=\"wp-block-column is-layout-flow wp-block-column-is-layout-flow\"><\/div>\n\n\n\n<div class=\"wp-block-column is-layout-flow wp-block-column-is-layout-flow\">\n<ul class=\"wp-block-list\"><li><a href=\"https:\/\/www.hotel-lyon-grandhoteldesterreaux.fr\/es\/\"><a href=\"https:\/\/www.hotel-lyon-grandhoteldesterreaux.fr\/es\/\">P\u00e1gina de inicio<\/a><\/a><\/li><li><a href=\"https:\/\/www.hotel-lyon-grandhoteldesterreaux.fr\/es\/habitaciones\/\">Habitaciones<\/a><ul><li><a href=\"https:\/\/www.hotel-lyon-grandhoteldesterreaux.fr\/es\/habitaciones\/sala-individual-lyon\/\">Individual<\/a><\/li><li><a href=\"https:\/\/www.hotel-lyon-grandhoteldesterreaux.fr\/chambres\/chambre-double-hotel-couple-lyon\/\">Doble<\/a><\/li><li><a href=\"https:\/\/www.hotel-lyon-grandhoteldesterreaux.fr\/es\/habitaciones\/habitacion-confort-hotel-lyon\/\">Confort<\/a><\/li><li><a href=\"https:\/\/www.hotel-lyon-grandhoteldesterreaux.fr\/es\/habitaciones\/habitacion-superior-hotel-lyon\/\">Superior<\/a><\/li><li><a href=\"https:\/\/www.hotel-lyon-grandhoteldesterreaux.fr\/es\/habitaciones\/habitacion-junior-lyon-centro\/\">Junior<\/a><\/li><\/ul><\/li><li><a href=\"https:\/\/www.hotel-lyon-grandhoteldesterreaux.fr\/es\/estancia-en-lyon\/\"><a href=\"https:\/\/www.hotel-lyon-grandhoteldesterreaux.fr\/es\/estancia-en-lyon\/\">Nuestras f\u00f3rmulas de estancia<\/a><\/a><\/li><li><a href=\"https:\/\/www.hotel-lyon-grandhoteldesterreaux.fr\/es\/seminario-lyon\/\">Seminarios<\/a><\/li><li><a href=\"https:\/\/www.hotel-lyon-grandhoteldesterreaux.fr\/es\/hotel-lyon-centro\/\"><a href=\"https:\/\/www.hotel-lyon-grandhoteldesterreaux.fr\/es\/hotel-lyon-centro\/\">Nuestros servicios e instalaciones<\/a><\/a><\/li><li><a href=\"https:\/\/www.hotel-lyon-grandhoteldesterreaux.fr\/es\/acceso\/\">Acceso<\/a><\/li><li><a href=\"https:\/\/www.hotel-lyon-grandhoteldesterreaux.fr\/galerie\/\"><a href=\"https:\/\/www.hotel-lyon-grandhoteldesterreaux.fr\/es\/galeria\/\">Galer\u00eda<\/a><\/a><\/li><li><a href=\"https:\/\/www.hotel-lyon-grandhoteldesterreaux.fr\/es\/informacion-legal\/\">Informaci\u00f3n legal<\/a><\/li><li><a href=\"https:\/\/www.hotel-lyon-grandhoteldesterreaux.fr\/es\/contacto\/\">Contacto<\/a><\/li><\/ul>\n<\/div>\n\n\n\n<div class=\"wp-block-column is-layout-flow wp-block-column-is-layout-flow\"><\/div>\n<\/div>\n<\/div><\/div>\n","protected":false},"excerpt":{"rendered":"<p>P\u00e1gina de inicio Habitaciones Individual Doble Confort Superior Junior Nuestras f\u00f3rmulas de estancia Seminarios Nuestros servicios e instalaciones Acceso Galer\u00eda Informaci\u00f3n legal Contacto<\/p>\n","protected":false},"author":1,"featured_media":0,"parent":0,"menu_order":0,"comment_status":"closed","ping_status":"closed","template":"","meta":{"pgc_sgb_lightbox_settings":"","footnotes":""},"class_list":["post-2196","page","type-page","status-publish","hentry"],"yoast_head":"<!-- This site is optimized with the Yoast SEO plugin v27.0 - https:\/\/yoast.com\/product\/yoast-seo-wordpress\/ -->\n<title>Mapa del sitio - Grand H\u00f4tel des Terreaux<\/title>\n<meta name=\"robots\" content=\"index, follow, max-snippet:-1, max-image-preview:large, max-video-preview:-1\" \/>\n<link rel=\"canonical\" href=\"https:\/\/www.hotel-lyon-grandhoteldesterreaux.fr\/es\/mapa-del-sitio\/\" \/>\n<meta property=\"og:locale\" content=\"es_ES\" \/>\n<meta property=\"og:type\" content=\"article\" \/>\n<meta property=\"og:title\" content=\"Mapa del sitio - Grand H\u00f4tel des Terreaux\" \/>\n<meta property=\"og:description\" content=\"P\u00e1gina de inicio Habitaciones Individual Doble Confort Superior Junior Nuestras f\u00f3rmulas de estancia Seminarios Nuestros servicios e instalaciones Acceso Galer\u00eda Informaci\u00f3n legal Contacto\" \/>\n<meta property=\"og:url\" content=\"https:\/\/www.hotel-lyon-grandhoteldesterreaux.fr\/es\/mapa-del-sitio\/\" \/>\n<meta property=\"og:site_name\" content=\"Grand H\u00f4tel des Terreaux\" \/>\n<meta property=\"article:modified_time\" content=\"2021-09-06T13:14:01+00:00\" \/>\n<meta name=\"twitter:card\" content=\"summary_large_image\" \/>\n<script type=\"application\/ld+json\" class=\"yoast-schema-graph\">{\"@context\":\"https:\/\/schema.org\",\"@graph\":[{\"@type\":\"WebPage\",\"@id\":\"https:\/\/www.hotel-lyon-grandhoteldesterreaux.fr\/es\/mapa-del-sitio\/\",\"url\":\"https:\/\/www.hotel-lyon-grandhoteldesterreaux.fr\/es\/mapa-del-sitio\/\",\"name\":\"Mapa del sitio - Grand H\u00f4tel des Terreaux\",\"isPartOf\":{\"@id\":\"https:\/\/www.hotel-lyon-grandhoteldesterreaux.fr\/es\/#website\"},\"datePublished\":\"2021-09-06T12:28:20+00:00\",\"dateModified\":\"2021-09-06T13:14:01+00:00\",\"breadcrumb\":{\"@id\":\"https:\/\/www.hotel-lyon-grandhoteldesterreaux.fr\/es\/mapa-del-sitio\/#breadcrumb\"},\"inLanguage\":\"es\",\"potentialAction\":[{\"@type\":\"ReadAction\",\"target\":[\"https:\/\/www.hotel-lyon-grandhoteldesterreaux.fr\/es\/mapa-del-sitio\/\"]}]},{\"@type\":\"BreadcrumbList\",\"@id\":\"https:\/\/www.hotel-lyon-grandhoteldesterreaux.fr\/es\/mapa-del-sitio\/#breadcrumb\",\"itemListElement\":[{\"@type\":\"ListItem\",\"position\":1,\"name\":\"Home\",\"item\":\"https:\/\/www.hotel-lyon-grandhoteldesterreaux.fr\/es\/\"},{\"@type\":\"ListItem\",\"position\":2,\"name\":\"Mapa del sitio\"}]},{\"@type\":\"WebSite\",\"@id\":\"https:\/\/www.hotel-lyon-grandhoteldesterreaux.fr\/es\/#website\",\"url\":\"https:\/\/www.hotel-lyon-grandhoteldesterreaux.fr\/es\/\",\"name\":\"Grand H\u00f4tel des Terreaux\",\"description\":\"\",\"publisher\":{\"@id\":\"https:\/\/www.hotel-lyon-grandhoteldesterreaux.fr\/es\/#organization\"},\"potentialAction\":[{\"@type\":\"SearchAction\",\"target\":{\"@type\":\"EntryPoint\",\"urlTemplate\":\"https:\/\/www.hotel-lyon-grandhoteldesterreaux.fr\/es\/?s={search_term_string}\"},\"query-input\":{\"@type\":\"PropertyValueSpecification\",\"valueRequired\":true,\"valueName\":\"search_term_string\"}}],\"inLanguage\":\"es\"},{\"@type\":\"Organization\",\"@id\":\"https:\/\/www.hotel-lyon-grandhoteldesterreaux.fr\/es\/#organization\",\"name\":\"Grand H\u00f4tel des Terreaux\",\"url\":\"https:\/\/www.hotel-lyon-grandhoteldesterreaux.fr\/es\/\",\"logo\":{\"@type\":\"ImageObject\",\"inLanguage\":\"es\",\"@id\":\"https:\/\/www.hotel-lyon-grandhoteldesterreaux.fr\/es\/#\/schema\/logo\/image\/\",\"url\":\"https:\/\/www.hotel-lyon-grandhoteldesterreaux.fr\/wp-content\/uploads\/2021\/07\/ght-logo.png\",\"contentUrl\":\"https:\/\/www.hotel-lyon-grandhoteldesterreaux.fr\/wp-content\/uploads\/2021\/07\/ght-logo.png\",\"width\":400,\"height\":41,\"caption\":\"Grand H\u00f4tel des Terreaux\"},\"image\":{\"@id\":\"https:\/\/www.hotel-lyon-grandhoteldesterreaux.fr\/es\/#\/schema\/logo\/image\/\"}}]}<\/script>\n<!-- \/ Yoast SEO plugin. -->","yoast_head_json":{"title":"Mapa del sitio - Grand H\u00f4tel des Terreaux","robots":{"index":"index","follow":"follow","max-snippet":"max-snippet:-1","max-image-preview":"max-image-preview:large","max-video-preview":"max-video-preview:-1"},"canonical":"https:\/\/www.hotel-lyon-grandhoteldesterreaux.fr\/es\/mapa-del-sitio\/","og_locale":"es_ES","og_type":"article","og_title":"Mapa del sitio - Grand H\u00f4tel des Terreaux","og_description":"P\u00e1gina de inicio Habitaciones Individual Doble Confort Superior Junior Nuestras f\u00f3rmulas de estancia Seminarios Nuestros servicios e instalaciones Acceso Galer\u00eda Informaci\u00f3n legal Contacto","og_url":"https:\/\/www.hotel-lyon-grandhoteldesterreaux.fr\/es\/mapa-del-sitio\/","og_site_name":"Grand H\u00f4tel des Terreaux","article_modified_time":"2021-09-06T13:14:01+00:00","twitter_card":"summary_large_image","schema":{"@context":"https:\/\/schema.org","@graph":[{"@type":"WebPage","@id":"https:\/\/www.hotel-lyon-grandhoteldesterreaux.fr\/es\/mapa-del-sitio\/","url":"https:\/\/www.hotel-lyon-grandhoteldesterreaux.fr\/es\/mapa-del-sitio\/","name":"Mapa del sitio - Grand H\u00f4tel des Terreaux","isPartOf":{"@id":"https:\/\/www.hotel-lyon-grandhoteldesterreaux.fr\/es\/#website"},"datePublished":"2021-09-06T12:28:20+00:00","dateModified":"2021-09-06T13:14:01+00:00","breadcrumb":{"@id":"https:\/\/www.hotel-lyon-grandhoteldesterreaux.fr\/es\/mapa-del-sitio\/#breadcrumb"},"inLanguage":"es","potentialAction":[{"@type":"ReadAction","target":["https:\/\/www.hotel-lyon-grandhoteldesterreaux.fr\/es\/mapa-del-sitio\/"]}]},{"@type":"BreadcrumbList","@id":"https:\/\/www.hotel-lyon-grandhoteldesterreaux.fr\/es\/mapa-del-sitio\/#breadcrumb","itemListElement":[{"@type":"ListItem","position":1,"name":"Home","item":"https:\/\/www.hotel-lyon-grandhoteldesterreaux.fr\/es\/"},{"@type":"ListItem","position":2,"name":"Mapa del sitio"}]},{"@type":"WebSite","@id":"https:\/\/www.hotel-lyon-grandhoteldesterreaux.fr\/es\/#website","url":"https:\/\/www.hotel-lyon-grandhoteldesterreaux.fr\/es\/","name":"Grand H\u00f4tel des Terreaux","description":"","publisher":{"@id":"https:\/\/www.hotel-lyon-grandhoteldesterreaux.fr\/es\/#organization"},"potentialAction":[{"@type":"SearchAction","target":{"@type":"EntryPoint","urlTemplate":"https:\/\/www.hotel-lyon-grandhoteldesterreaux.fr\/es\/?s={search_term_string}"},"query-input":{"@type":"PropertyValueSpecification","valueRequired":true,"valueName":"search_term_string"}}],"inLanguage":"es"},{"@type":"Organization","@id":"https:\/\/www.hotel-lyon-grandhoteldesterreaux.fr\/es\/#organization","name":"Grand H\u00f4tel des Terreaux","url":"https:\/\/www.hotel-lyon-grandhoteldesterreaux.fr\/es\/","logo":{"@type":"ImageObject","inLanguage":"es","@id":"https:\/\/www.hotel-lyon-grandhoteldesterreaux.fr\/es\/#\/schema\/logo\/image\/","url":"https:\/\/www.hotel-lyon-grandhoteldesterreaux.fr\/wp-content\/uploads\/2021\/07\/ght-logo.png","contentUrl":"https:\/\/www.hotel-lyon-grandhoteldesterreaux.fr\/wp-content\/uploads\/2021\/07\/ght-logo.png","width":400,"height":41,"caption":"Grand H\u00f4tel des Terreaux"},"image":{"@id":"https:\/\/www.hotel-lyon-grandhoteldesterreaux.fr\/es\/#\/schema\/logo\/image\/"}}]}},"_links":{"self":[{"href":"https:\/\/www.hotel-lyon-grandhoteldesterreaux.fr\/es\/wp-json\/wp\/v2\/pages\/2196","targetHints":{"allow":["GET"]}}],"collection":[{"href":"https:\/\/www.hotel-lyon-grandhoteldesterreaux.fr\/es\/wp-json\/wp\/v2\/pages"}],"about":[{"href":"https:\/\/www.hotel-lyon-grandhoteldesterreaux.fr\/es\/wp-json\/wp\/v2\/types\/page"}],"author":[{"embeddable":true,"href":"https:\/\/www.hotel-lyon-grandhoteldesterreaux.fr\/es\/wp-json\/wp\/v2\/users\/1"}],"replies":[{"embeddable":true,"href":"https:\/\/www.hotel-lyon-grandhoteldesterreaux.fr\/es\/wp-json\/wp\/v2\/comments?post=2196"}],"version-history":[{"count":1,"href":"https:\/\/www.hotel-lyon-grandhoteldesterreaux.fr\/es\/wp-json\/wp\/v2\/pages\/2196\/revisions"}],"predecessor-version":[{"id":2198,"href":"https:\/\/www.hotel-lyon-grandhoteldesterreaux.fr\/es\/wp-json\/wp\/v2\/pages\/2196\/revisions\/2198"}],"wp:attachment":[{"href":"https:\/\/www.hotel-lyon-grandhoteldesterreaux.fr\/es\/wp-json\/wp\/v2\/media?parent=2196"}],"curies":[{"name":"wp","href":"https:\/\/api.w.org\/{rel}","templated":true}]}}