{"id":1693,"date":"2020-07-21T11:08:07","date_gmt":"2020-07-21T09:08:07","guid":{"rendered":"https:\/\/www.hotel-lyon-grandhoteldesterreaux.fr\/hotel-4-etoiles-a-lyon\/"},"modified":"2021-09-24T11:25:22","modified_gmt":"2021-09-24T09:25:22","slug":"hotel-4-estrellas-en-lyon","status":"publish","type":"page","link":"https:\/\/www.hotel-lyon-grandhoteldesterreaux.fr\/es\/hotel-4-estrellas-en-lyon\/","title":{"rendered":"Presentaci\u00f3n del hotel"},"content":{"rendered":"\n<div class=\"wp-block-group\"><div class=\"wp-block-group__inner-container is-layout-flow wp-block-group-is-layout-flow\">\n<div class=\"wp-block-create-block-title\" style=\"text-align:center\"><h1 class=\"title\" style=\"font-family:Caviar Dreams\"><strong>Presentaci\u00f3n de nuestro hotel de 4 estrellas en Lyon<\/strong><\/h1><\/div>\n\n\n\n<div class=\"wp-block-create-block-title\" style=\"text-align:center\"><h2 class=\"title\" style=\"font-family:Caviar Dreams\">GRAND H\u00d4TEL DES TERREAUX<br>Descubra los valores que nos gu\u00edan hacia la excelencia<\/h2><\/div>\n\n\n\n<div class=\"wp-block-image\"><figure class=\"aligncenter size-large\"><img loading=\"lazy\" decoding=\"async\" width=\"400\" height=\"51\" src=\"https:\/\/www.hotel-lyon-grandhoteldesterreaux.fr\/wp-content\/uploads\/2021\/05\/separateur.png\" alt=\"\" class=\"wp-image-429\" srcset=\"https:\/\/www.hotel-lyon-grandhoteldesterreaux.fr\/wp-content\/uploads\/2021\/05\/separateur.png 400w, https:\/\/www.hotel-lyon-grandhoteldesterreaux.fr\/wp-content\/uploads\/2021\/05\/separateur-300x38.png 300w\" sizes=\"auto, (max-width: 400px) 100vw, 400px\" \/><\/figure><\/div>\n\n\n\n<div class=\"wp-block-create-block-title\" style=\"text-align:center\"><h3 class=\"title\" style=\"font-family:Caviar Dreams\"><strong>Las mujeres y los hombres del Grand H\u00f4tel des Terreaux<\/strong><\/h3><\/div>\n\n\n\n<div class=\"wp-block-columns col2-spaced is-layout-flex wp-container-core-columns-is-layout-9d6595d7 wp-block-columns-is-layout-flex\">\n<div class=\"wp-block-column is-layout-flow wp-block-column-is-layout-flow\">\n<p>La historia del Grand H\u00f4tel des Terreaux est\u00e1 escrita ante todo por los hombres y mujeres que se implican a diario desde hace a\u00f1os para hacer de su estancia en Lyon una experiencia inolvidable.<\/p>\n\n\n\n<p>El Sr. y la Sra. Bernard, propietarios del Grand H\u00f4tel des Terreaux, se encargan de satisfacer sus necesidades desde 1992. Hoteleros en Lyon desde hace m\u00e1s de 40 a\u00f1os, se han rodeado de un personal cualificado y din\u00e1mico que se esfuerza por mantener el alma de este hotel en el coraz\u00f3n de Lyon 1\u00ba.<\/p>\n<\/div>\n\n\n\n<div class=\"wp-block-column is-layout-flow wp-block-column-is-layout-flow\">\n<p>Desde su inauguraci\u00f3n en 1855, el Grand H\u00f4tel des Terreaux es un hotel independiente y familiar. Es esta independencia la que nos permite dar rienda suelta a nuestra imaginaci\u00f3n cada d\u00eda para personalizar y revisar constantemente nuestros servicios. Para ustedes, visitantes o viajeros de negocios, es la garant\u00eda de una experiencia aut\u00e9ntica y \u00fanica en el centro de la pen\u00ednsula.\u00a0<\/p>\n<\/div>\n<\/div>\n\n\n\n<p class=\"wp-block-create-block-button has-text-align-center\"><a class=\"btn btn-style1\" href=\"https:\/\/www.hotel-lyon-grandhoteldesterreaux.fr\/es\/habitaciones\/\">Reservar una habitaci\u00f3n &gt;&gt;<\/a><\/p>\n<\/div><\/div>\n\n\n\n<div class=\"wp-block-group has-light-background-color has-background\"><div class=\"wp-block-group__inner-container is-layout-flow wp-block-group-is-layout-flow\">\n<div class=\"wp-block-create-block-title\" style=\"text-align:center\"><h3 class=\"title\" style=\"font-family:Caviar Dreams\">Lyon: la ciudad que nos hace vivir a trav\u00e9s de sus eventos<\/h3><\/div>\n\n\n\n<div class=\"wp-block-image\"><figure class=\"aligncenter size-large\"><img loading=\"lazy\" decoding=\"async\" width=\"400\" height=\"51\" src=\"https:\/\/www.hotel-lyon-grandhoteldesterreaux.fr\/wp-content\/uploads\/2021\/05\/separateur.png\" alt=\"\" class=\"wp-image-429\" srcset=\"https:\/\/www.hotel-lyon-grandhoteldesterreaux.fr\/wp-content\/uploads\/2021\/05\/separateur.png 400w, https:\/\/www.hotel-lyon-grandhoteldesterreaux.fr\/wp-content\/uploads\/2021\/05\/separateur-300x38.png 300w\" sizes=\"auto, (max-width: 400px) 100vw, 400px\" \/><\/figure><\/div>\n\n\n\n<p>Artes tradicionales, arte callejero, m\u00fasica, gastronom\u00eda y pintura&#8230; El Grand H\u00f4tel Terreaux, hotel de 4 estrellas de Lyon, construye su historia junto a socios que tambi\u00e9n dan vida a la Ciudad de las Luces.<\/p>\n\n\n\n<p><strong>Nuestros socios de calidad en Lyon ofrecen regularmente eventos para su disfrute:<\/strong><\/p>\n\n\n\n<div class=\"wp-block-columns is-layout-flex wp-container-core-columns-is-layout-9d6595d7 wp-block-columns-is-layout-flex\">\n<div class=\"wp-block-column is-layout-flow wp-block-column-is-layout-flow\">\n<figure class=\"wp-block-image size-large\"><a href=\"https:\/\/www.nuitsdefourviere.com\/\" target=\"_blank\" rel=\"noopener\"><img loading=\"lazy\" decoding=\"async\" width=\"456\" height=\"140\" src=\"https:\/\/www.hotel-lyon-grandhoteldesterreaux.fr\/wp-content\/uploads\/2021\/06\/presentation-logo-nuits-fourviere.png\" alt=\"Les nuits de Fourvi\u00e8re\" class=\"wp-image-550\" srcset=\"https:\/\/www.hotel-lyon-grandhoteldesterreaux.fr\/wp-content\/uploads\/2021\/06\/presentation-logo-nuits-fourviere.png 456w, https:\/\/www.hotel-lyon-grandhoteldesterreaux.fr\/wp-content\/uploads\/2021\/06\/presentation-logo-nuits-fourviere-300x92.png 300w\" sizes=\"auto, (max-width: 456px) 100vw, 456px\" \/><\/a><figcaption>El Grand H\u00f4tel Terreaux, socio de las Nuits de Fourvi\u00e8re<\/figcaption><\/figure>\n<\/div>\n\n\n\n<div class=\"wp-block-column is-layout-flow wp-block-column-is-layout-flow\">\n<figure class=\"wp-block-image size-large is-resized\"><a href=\"https:\/\/www.quaisdupolar.com\/\" target=\"_blank\" rel=\"noopener\"><img loading=\"lazy\" decoding=\"async\" src=\"https:\/\/www.hotel-lyon-grandhoteldesterreaux.fr\/wp-content\/uploads\/2021\/06\/presentation-logo-quais-polar.png\" alt=\"Quais du polar\" class=\"wp-image-545\" width=\"233\" height=\"71\" srcset=\"https:\/\/www.hotel-lyon-grandhoteldesterreaux.fr\/wp-content\/uploads\/2021\/06\/presentation-logo-quais-polar.png 455w, https:\/\/www.hotel-lyon-grandhoteldesterreaux.fr\/wp-content\/uploads\/2021\/06\/presentation-logo-quais-polar-300x92.png 300w\" sizes=\"auto, (max-width: 233px) 100vw, 233px\" \/><\/a><figcaption>El Grand H\u00f4tel Terreaux, socio del festival Quais du Polar<\/figcaption><\/figure>\n<\/div>\n\n\n\n<div class=\"wp-block-column is-layout-flow wp-block-column-is-layout-flow\">\n<figure class=\"wp-block-image size-large\"><a href=\"https:\/\/www.festival-lumiere.org\/\" target=\"_blank\" rel=\"noopener\"><img loading=\"lazy\" decoding=\"async\" width=\"455\" height=\"140\" src=\"https:\/\/www.hotel-lyon-grandhoteldesterreaux.fr\/wp-content\/uploads\/2021\/06\/presentation-logo-festival-lumiere-2020.png\" alt=\"Festival Lumi\u00e8re\" class=\"wp-image-555\" srcset=\"https:\/\/www.hotel-lyon-grandhoteldesterreaux.fr\/wp-content\/uploads\/2021\/06\/presentation-logo-festival-lumiere-2020.png 455w, https:\/\/www.hotel-lyon-grandhoteldesterreaux.fr\/wp-content\/uploads\/2021\/06\/presentation-logo-festival-lumiere-2020-300x92.png 300w\" sizes=\"auto, (max-width: 455px) 100vw, 455px\" \/><\/a><figcaption>El Grand H\u00f4tel Terreaux, socio del Festival Lumi\u00e8re 2020<\/figcaption><\/figure>\n<\/div>\n<\/div>\n\n\n\n<div class=\"wp-block-columns is-layout-flex wp-container-core-columns-is-layout-9d6595d7 wp-block-columns-is-layout-flex\">\n<div class=\"wp-block-column is-layout-flow wp-block-column-is-layout-flow\">\n<figure class=\"wp-block-image size-large\"><a href=\"https:\/\/www.hotclubjazzlyon.com\/\" target=\"_blank\" rel=\"noopener\"><img loading=\"lazy\" decoding=\"async\" width=\"456\" height=\"167\" src=\"https:\/\/www.hotel-lyon-grandhoteldesterreaux.fr\/wp-content\/uploads\/2021\/06\/presentation-logo-logo-hot-club.png\" alt=\"Hot Club Jazz\" class=\"wp-image-530\" srcset=\"https:\/\/www.hotel-lyon-grandhoteldesterreaux.fr\/wp-content\/uploads\/2021\/06\/presentation-logo-logo-hot-club.png 456w, https:\/\/www.hotel-lyon-grandhoteldesterreaux.fr\/wp-content\/uploads\/2021\/06\/presentation-logo-logo-hot-club-300x110.png 300w\" sizes=\"auto, (max-width: 456px) 100vw, 456px\" \/><\/a><figcaption>El Grand H\u00f4tel Terreaux se asocia con el Hot Club de Jazz, Lyon<\/figcaption><\/figure>\n<\/div>\n\n\n\n<div class=\"wp-block-column is-layout-flow wp-block-column-is-layout-flow\">\n<figure class=\"wp-block-image size-large\"><a href=\"https:\/\/ecoles-conde.com\/\" target=\"_blank\" rel=\"noopener\"><img loading=\"lazy\" decoding=\"async\" width=\"455\" height=\"167\" src=\"https:\/\/www.hotel-lyon-grandhoteldesterreaux.fr\/wp-content\/uploads\/2021\/06\/presentation-logo-logo-ecole-conde.png\" alt=\"\u00c9col de cond\u00e9\" class=\"wp-image-540\" srcset=\"https:\/\/www.hotel-lyon-grandhoteldesterreaux.fr\/wp-content\/uploads\/2021\/06\/presentation-logo-logo-ecole-conde.png 455w, https:\/\/www.hotel-lyon-grandhoteldesterreaux.fr\/wp-content\/uploads\/2021\/06\/presentation-logo-logo-ecole-conde-300x110.png 300w\" sizes=\"auto, (max-width: 455px) 100vw, 455px\" \/><\/a><figcaption>El Grand H\u00f4tel Terreaux se asocia con la escuela Cond\u00e9<\/figcaption><\/figure>\n<\/div>\n\n\n\n<div class=\"wp-block-column is-layout-flow wp-block-column-is-layout-flow\">\n<figure class=\"wp-block-image size-large\"><a href=\"https:\/\/www.ecole-tunon.com\/ecole-tourisme-lyon\" target=\"_blank\" rel=\"noopener\"><img loading=\"lazy\" decoding=\"async\" width=\"455\" height=\"167\" src=\"https:\/\/www.hotel-lyon-grandhoteldesterreaux.fr\/wp-content\/uploads\/2021\/06\/presentation-logo-logo-ecole-tunon.png\" alt=\"\u00c9cole Tunon\" class=\"wp-image-535\" srcset=\"https:\/\/www.hotel-lyon-grandhoteldesterreaux.fr\/wp-content\/uploads\/2021\/06\/presentation-logo-logo-ecole-tunon.png 455w, https:\/\/www.hotel-lyon-grandhoteldesterreaux.fr\/wp-content\/uploads\/2021\/06\/presentation-logo-logo-ecole-tunon-300x110.png 300w\" sizes=\"auto, (max-width: 455px) 100vw, 455px\" \/><\/a><figcaption><meta http-equiv=\"content-type\" content=\"text\/html; charset=utf-8\">El Grand H\u00f4tel Terreaux se asocia con la escuela Tunon<\/figcaption><\/figure>\n<\/div>\n<\/div>\n\n\n\n<p class=\"wp-block-create-block-button has-text-align-center\"><a class=\"btn btn-style1\" href=\"https:\/\/www.visiterlyon.com\/\">Ver las actividades a realizar en Lyon &gt;&gt;<\/a><\/p>\n<\/div><\/div>\n\n\n\n<div class=\"wp-block-group\"><div class=\"wp-block-group__inner-container is-layout-flow wp-block-group-is-layout-flow\">\n<div class=\"wp-block-create-block-title\" style=\"text-align:center\"><h3 class=\"title\" style=\"font-family:Caviar Dreams\"><strong>El Grand H\u00f4tel Terreaux, un hotel de 4 estrellas en Lyon, se inscribe en la tradici\u00f3n de la hosteler\u00eda francesa<\/strong><\/h3><\/div>\n\n\n\n<div class=\"wp-block-image\"><figure class=\"aligncenter size-large\"><img loading=\"lazy\" decoding=\"async\" width=\"400\" height=\"51\" src=\"https:\/\/www.hotel-lyon-grandhoteldesterreaux.fr\/wp-content\/uploads\/2021\/05\/separateur.png\" alt=\"\" class=\"wp-image-429\" srcset=\"https:\/\/www.hotel-lyon-grandhoteldesterreaux.fr\/wp-content\/uploads\/2021\/05\/separateur.png 400w, https:\/\/www.hotel-lyon-grandhoteldesterreaux.fr\/wp-content\/uploads\/2021\/05\/separateur-300x38.png 300w\" sizes=\"auto, (max-width: 400px) 100vw, 400px\" \/><\/figure><\/div>\n\n\n\n<p>Las tiendas m\u00e1s bonitas de la ciudad, las calles empedradas del Vieux Lyon, el m\u00e1rmol blanco de la plaza de los Jacobinos, el Luis XIV triunfante de la plaza Bellecour, la majestuosa bas\u00edlica de Notre-Dame-de-Fourvi\u00e8re y las famosas laderas de la Croix Rousse&#8230; Toda el alma de Lyon le espera para una escapada cultural.<\/p>\n\n\n\n<p>En el coraz\u00f3n de la ciudad de los Gones, nuestro hotel de 4 estrellas en Lyon es el destino perfecto para una estancia enraizada en la propia identidad de la ciudad de las luces. El personal, conocedor de la ciudad, est\u00e1 a su disposici\u00f3n para aconsejarle y guiarle para una estancia a medida: desde las \u201ctraboules\u201d m\u00e1s secretas hasta los bouchons m\u00e1s famosos, sum\u00e9rjase en la rica y antigua historia de la Place de Terreaux en el coraz\u00f3n de la pen\u00ednsula.<\/p>\n\n\n\n<p>Nuestro hotel tambi\u00e9n est\u00e1 perfectamente comunicado con el transporte p\u00fablico, gracias a la estaci\u00f3n de metro y los autobuses <em>del H\u00f4tel de Ville Louis Pradel <\/em>o la <em>Place des Terreaux<\/em>. Podr\u00e1 llegar a todos los puntos de inter\u00e9s de la capital mundial de la gastronom\u00eda francesa en pocos minutos.<\/p>\n\n\n\n<p class=\"wp-block-create-block-button has-text-align-center\"><a class=\"btn btn-style1\" href=\"https:\/\/www.hotel-lyon-grandhoteldesterreaux.fr\/es\/acceso\/\">M\u00e1s sobre el acceso &gt;&gt;<\/a><\/p>\n<\/div><\/div>\n","protected":false},"excerpt":{"rendered":"<p>La historia del Grand H\u00f4tel des Terreaux est\u00e1 escrita ante todo por los hombres y mujeres que se implican a diario desde hace a\u00f1os para hacer de su estancia en Lyon una experiencia inolvidable. El Sr. y la Sra. Bernard, propietarios del Grand H\u00f4tel des Terreaux, se encargan de satisfacer sus necesidades desde 1992. Hoteleros [&hellip;]<\/p>\n","protected":false},"author":1,"featured_media":735,"parent":0,"menu_order":0,"comment_status":"closed","ping_status":"closed","template":"template-banner.php","meta":{"pgc_sgb_lightbox_settings":"","footnotes":""},"class_list":["post-1693","page","type-page","status-publish","has-post-thumbnail","hentry"],"yoast_head":"<!-- This site is optimized with the Yoast SEO plugin v27.0 - https:\/\/yoast.com\/product\/yoast-seo-wordpress\/ -->\n<title>Presentaci\u00f3n del hotel - Grand H\u00f4tel des Terreaux<\/title>\n<meta name=\"description\" content=\"Hotel de 4 estrellas en Lyon: el Grand H\u00f4tel des Terreaux, situado en el barrio hist\u00f3rico de Lyon 1, en el coraz\u00f3n de la ciudad, le ofrece una estancia confortable\" \/>\n<meta name=\"robots\" content=\"index, follow, max-snippet:-1, max-image-preview:large, max-video-preview:-1\" \/>\n<link rel=\"canonical\" href=\"https:\/\/www.hotel-lyon-grandhoteldesterreaux.fr\/es\/hotel-4-estrellas-en-lyon\/\" \/>\n<meta property=\"og:locale\" content=\"es_ES\" \/>\n<meta property=\"og:type\" content=\"article\" \/>\n<meta property=\"og:title\" content=\"Presentaci\u00f3n del hotel - Grand H\u00f4tel des Terreaux\" \/>\n<meta property=\"og:description\" content=\"Hotel de 4 estrellas en Lyon: el Grand H\u00f4tel des Terreaux, situado en el barrio hist\u00f3rico de Lyon 1, en el coraz\u00f3n de la ciudad, le ofrece una estancia confortable\" \/>\n<meta property=\"og:url\" content=\"https:\/\/www.hotel-lyon-grandhoteldesterreaux.fr\/es\/hotel-4-estrellas-en-lyon\/\" \/>\n<meta property=\"og:site_name\" content=\"Grand H\u00f4tel des Terreaux\" \/>\n<meta property=\"article:modified_time\" content=\"2021-09-24T09:25:22+00:00\" \/>\n<meta property=\"og:image\" content=\"https:\/\/www.hotel-lyon-grandhoteldesterreaux.fr\/wp-content\/uploads\/2021\/06\/presentation-couverture-banque-accueil_02.jpg\" \/>\n\t<meta property=\"og:image:width\" content=\"1920\" \/>\n\t<meta property=\"og:image:height\" content=\"571\" \/>\n\t<meta property=\"og:image:type\" content=\"image\/jpeg\" \/>\n<meta name=\"twitter:card\" content=\"summary_large_image\" \/>\n<script type=\"application\/ld+json\" class=\"yoast-schema-graph\">{\"@context\":\"https:\/\/schema.org\",\"@graph\":[{\"@type\":\"WebPage\",\"@id\":\"https:\/\/www.hotel-lyon-grandhoteldesterreaux.fr\/es\/hotel-4-estrellas-en-lyon\/\",\"url\":\"https:\/\/www.hotel-lyon-grandhoteldesterreaux.fr\/es\/hotel-4-estrellas-en-lyon\/\",\"name\":\"Presentaci\u00f3n del hotel - Grand H\u00f4tel des Terreaux\",\"isPartOf\":{\"@id\":\"https:\/\/www.hotel-lyon-grandhoteldesterreaux.fr\/es\/#website\"},\"primaryImageOfPage\":{\"@id\":\"https:\/\/www.hotel-lyon-grandhoteldesterreaux.fr\/es\/hotel-4-estrellas-en-lyon\/#primaryimage\"},\"image\":{\"@id\":\"https:\/\/www.hotel-lyon-grandhoteldesterreaux.fr\/es\/hotel-4-estrellas-en-lyon\/#primaryimage\"},\"thumbnailUrl\":\"https:\/\/www.hotel-lyon-grandhoteldesterreaux.fr\/wp-content\/uploads\/2021\/06\/presentation-couverture-banque-accueil_02.jpg\",\"datePublished\":\"2020-07-21T09:08:07+00:00\",\"dateModified\":\"2021-09-24T09:25:22+00:00\",\"description\":\"Hotel de 4 estrellas en Lyon: el Grand H\u00f4tel des Terreaux, situado en el barrio hist\u00f3rico de Lyon 1, en el coraz\u00f3n de la ciudad, le ofrece una estancia confortable\",\"breadcrumb\":{\"@id\":\"https:\/\/www.hotel-lyon-grandhoteldesterreaux.fr\/es\/hotel-4-estrellas-en-lyon\/#breadcrumb\"},\"inLanguage\":\"es\",\"potentialAction\":[{\"@type\":\"ReadAction\",\"target\":[\"https:\/\/www.hotel-lyon-grandhoteldesterreaux.fr\/es\/hotel-4-estrellas-en-lyon\/\"]}]},{\"@type\":\"ImageObject\",\"inLanguage\":\"es\",\"@id\":\"https:\/\/www.hotel-lyon-grandhoteldesterreaux.fr\/es\/hotel-4-estrellas-en-lyon\/#primaryimage\",\"url\":\"https:\/\/www.hotel-lyon-grandhoteldesterreaux.fr\/wp-content\/uploads\/2021\/06\/presentation-couverture-banque-accueil_02.jpg\",\"contentUrl\":\"https:\/\/www.hotel-lyon-grandhoteldesterreaux.fr\/wp-content\/uploads\/2021\/06\/presentation-couverture-banque-accueil_02.jpg\",\"width\":1920,\"height\":571},{\"@type\":\"BreadcrumbList\",\"@id\":\"https:\/\/www.hotel-lyon-grandhoteldesterreaux.fr\/es\/hotel-4-estrellas-en-lyon\/#breadcrumb\",\"itemListElement\":[{\"@type\":\"ListItem\",\"position\":1,\"name\":\"Home\",\"item\":\"https:\/\/www.hotel-lyon-grandhoteldesterreaux.fr\/es\/\"},{\"@type\":\"ListItem\",\"position\":2,\"name\":\"Presentaci\u00f3n del hotel\"}]},{\"@type\":\"WebSite\",\"@id\":\"https:\/\/www.hotel-lyon-grandhoteldesterreaux.fr\/es\/#website\",\"url\":\"https:\/\/www.hotel-lyon-grandhoteldesterreaux.fr\/es\/\",\"name\":\"Grand H\u00f4tel des Terreaux\",\"description\":\"\",\"publisher\":{\"@id\":\"https:\/\/www.hotel-lyon-grandhoteldesterreaux.fr\/es\/#organization\"},\"potentialAction\":[{\"@type\":\"SearchAction\",\"target\":{\"@type\":\"EntryPoint\",\"urlTemplate\":\"https:\/\/www.hotel-lyon-grandhoteldesterreaux.fr\/es\/?s={search_term_string}\"},\"query-input\":{\"@type\":\"PropertyValueSpecification\",\"valueRequired\":true,\"valueName\":\"search_term_string\"}}],\"inLanguage\":\"es\"},{\"@type\":\"Organization\",\"@id\":\"https:\/\/www.hotel-lyon-grandhoteldesterreaux.fr\/es\/#organization\",\"name\":\"Grand H\u00f4tel des Terreaux\",\"url\":\"https:\/\/www.hotel-lyon-grandhoteldesterreaux.fr\/es\/\",\"logo\":{\"@type\":\"ImageObject\",\"inLanguage\":\"es\",\"@id\":\"https:\/\/www.hotel-lyon-grandhoteldesterreaux.fr\/es\/#\/schema\/logo\/image\/\",\"url\":\"https:\/\/www.hotel-lyon-grandhoteldesterreaux.fr\/wp-content\/uploads\/2021\/07\/ght-logo.png\",\"contentUrl\":\"https:\/\/www.hotel-lyon-grandhoteldesterreaux.fr\/wp-content\/uploads\/2021\/07\/ght-logo.png\",\"width\":400,\"height\":41,\"caption\":\"Grand H\u00f4tel des Terreaux\"},\"image\":{\"@id\":\"https:\/\/www.hotel-lyon-grandhoteldesterreaux.fr\/es\/#\/schema\/logo\/image\/\"}}]}<\/script>\n<!-- \/ Yoast SEO plugin. -->","yoast_head_json":{"title":"Presentaci\u00f3n del hotel - Grand H\u00f4tel des Terreaux","description":"Hotel de 4 estrellas en Lyon: el Grand H\u00f4tel des Terreaux, situado en el barrio hist\u00f3rico de Lyon 1, en el coraz\u00f3n de la ciudad, le ofrece una estancia confortable","robots":{"index":"index","follow":"follow","max-snippet":"max-snippet:-1","max-image-preview":"max-image-preview:large","max-video-preview":"max-video-preview:-1"},"canonical":"https:\/\/www.hotel-lyon-grandhoteldesterreaux.fr\/es\/hotel-4-estrellas-en-lyon\/","og_locale":"es_ES","og_type":"article","og_title":"Presentaci\u00f3n del hotel - Grand H\u00f4tel des Terreaux","og_description":"Hotel de 4 estrellas en Lyon: el Grand H\u00f4tel des Terreaux, situado en el barrio hist\u00f3rico de Lyon 1, en el coraz\u00f3n de la ciudad, le ofrece una estancia confortable","og_url":"https:\/\/www.hotel-lyon-grandhoteldesterreaux.fr\/es\/hotel-4-estrellas-en-lyon\/","og_site_name":"Grand H\u00f4tel des Terreaux","article_modified_time":"2021-09-24T09:25:22+00:00","og_image":[{"width":1920,"height":571,"url":"https:\/\/www.hotel-lyon-grandhoteldesterreaux.fr\/wp-content\/uploads\/2021\/06\/presentation-couverture-banque-accueil_02.jpg","type":"image\/jpeg"}],"twitter_card":"summary_large_image","schema":{"@context":"https:\/\/schema.org","@graph":[{"@type":"WebPage","@id":"https:\/\/www.hotel-lyon-grandhoteldesterreaux.fr\/es\/hotel-4-estrellas-en-lyon\/","url":"https:\/\/www.hotel-lyon-grandhoteldesterreaux.fr\/es\/hotel-4-estrellas-en-lyon\/","name":"Presentaci\u00f3n del hotel - Grand H\u00f4tel des Terreaux","isPartOf":{"@id":"https:\/\/www.hotel-lyon-grandhoteldesterreaux.fr\/es\/#website"},"primaryImageOfPage":{"@id":"https:\/\/www.hotel-lyon-grandhoteldesterreaux.fr\/es\/hotel-4-estrellas-en-lyon\/#primaryimage"},"image":{"@id":"https:\/\/www.hotel-lyon-grandhoteldesterreaux.fr\/es\/hotel-4-estrellas-en-lyon\/#primaryimage"},"thumbnailUrl":"https:\/\/www.hotel-lyon-grandhoteldesterreaux.fr\/wp-content\/uploads\/2021\/06\/presentation-couverture-banque-accueil_02.jpg","datePublished":"2020-07-21T09:08:07+00:00","dateModified":"2021-09-24T09:25:22+00:00","description":"Hotel de 4 estrellas en Lyon: el Grand H\u00f4tel des Terreaux, situado en el barrio hist\u00f3rico de Lyon 1, en el coraz\u00f3n de la ciudad, le ofrece una estancia confortable","breadcrumb":{"@id":"https:\/\/www.hotel-lyon-grandhoteldesterreaux.fr\/es\/hotel-4-estrellas-en-lyon\/#breadcrumb"},"inLanguage":"es","potentialAction":[{"@type":"ReadAction","target":["https:\/\/www.hotel-lyon-grandhoteldesterreaux.fr\/es\/hotel-4-estrellas-en-lyon\/"]}]},{"@type":"ImageObject","inLanguage":"es","@id":"https:\/\/www.hotel-lyon-grandhoteldesterreaux.fr\/es\/hotel-4-estrellas-en-lyon\/#primaryimage","url":"https:\/\/www.hotel-lyon-grandhoteldesterreaux.fr\/wp-content\/uploads\/2021\/06\/presentation-couverture-banque-accueil_02.jpg","contentUrl":"https:\/\/www.hotel-lyon-grandhoteldesterreaux.fr\/wp-content\/uploads\/2021\/06\/presentation-couverture-banque-accueil_02.jpg","width":1920,"height":571},{"@type":"BreadcrumbList","@id":"https:\/\/www.hotel-lyon-grandhoteldesterreaux.fr\/es\/hotel-4-estrellas-en-lyon\/#breadcrumb","itemListElement":[{"@type":"ListItem","position":1,"name":"Home","item":"https:\/\/www.hotel-lyon-grandhoteldesterreaux.fr\/es\/"},{"@type":"ListItem","position":2,"name":"Presentaci\u00f3n del hotel"}]},{"@type":"WebSite","@id":"https:\/\/www.hotel-lyon-grandhoteldesterreaux.fr\/es\/#website","url":"https:\/\/www.hotel-lyon-grandhoteldesterreaux.fr\/es\/","name":"Grand H\u00f4tel des Terreaux","description":"","publisher":{"@id":"https:\/\/www.hotel-lyon-grandhoteldesterreaux.fr\/es\/#organization"},"potentialAction":[{"@type":"SearchAction","target":{"@type":"EntryPoint","urlTemplate":"https:\/\/www.hotel-lyon-grandhoteldesterreaux.fr\/es\/?s={search_term_string}"},"query-input":{"@type":"PropertyValueSpecification","valueRequired":true,"valueName":"search_term_string"}}],"inLanguage":"es"},{"@type":"Organization","@id":"https:\/\/www.hotel-lyon-grandhoteldesterreaux.fr\/es\/#organization","name":"Grand H\u00f4tel des Terreaux","url":"https:\/\/www.hotel-lyon-grandhoteldesterreaux.fr\/es\/","logo":{"@type":"ImageObject","inLanguage":"es","@id":"https:\/\/www.hotel-lyon-grandhoteldesterreaux.fr\/es\/#\/schema\/logo\/image\/","url":"https:\/\/www.hotel-lyon-grandhoteldesterreaux.fr\/wp-content\/uploads\/2021\/07\/ght-logo.png","contentUrl":"https:\/\/www.hotel-lyon-grandhoteldesterreaux.fr\/wp-content\/uploads\/2021\/07\/ght-logo.png","width":400,"height":41,"caption":"Grand H\u00f4tel des Terreaux"},"image":{"@id":"https:\/\/www.hotel-lyon-grandhoteldesterreaux.fr\/es\/#\/schema\/logo\/image\/"}}]}},"_links":{"self":[{"href":"https:\/\/www.hotel-lyon-grandhoteldesterreaux.fr\/es\/wp-json\/wp\/v2\/pages\/1693","targetHints":{"allow":["GET"]}}],"collection":[{"href":"https:\/\/www.hotel-lyon-grandhoteldesterreaux.fr\/es\/wp-json\/wp\/v2\/pages"}],"about":[{"href":"https:\/\/www.hotel-lyon-grandhoteldesterreaux.fr\/es\/wp-json\/wp\/v2\/types\/page"}],"author":[{"embeddable":true,"href":"https:\/\/www.hotel-lyon-grandhoteldesterreaux.fr\/es\/wp-json\/wp\/v2\/users\/1"}],"replies":[{"embeddable":true,"href":"https:\/\/www.hotel-lyon-grandhoteldesterreaux.fr\/es\/wp-json\/wp\/v2\/comments?post=1693"}],"version-history":[{"count":7,"href":"https:\/\/www.hotel-lyon-grandhoteldesterreaux.fr\/es\/wp-json\/wp\/v2\/pages\/1693\/revisions"}],"predecessor-version":[{"id":2321,"href":"https:\/\/www.hotel-lyon-grandhoteldesterreaux.fr\/es\/wp-json\/wp\/v2\/pages\/1693\/revisions\/2321"}],"wp:featuredmedia":[{"embeddable":true,"href":"https:\/\/www.hotel-lyon-grandhoteldesterreaux.fr\/es\/wp-json\/wp\/v2\/media\/735"}],"wp:attachment":[{"href":"https:\/\/www.hotel-lyon-grandhoteldesterreaux.fr\/es\/wp-json\/wp\/v2\/media?parent=1693"}],"curies":[{"name":"wp","href":"https:\/\/api.w.org\/{rel}","templated":true}]}}