{"id":1689,"date":"2020-07-21T11:08:18","date_gmt":"2020-07-21T09:08:18","guid":{"rendered":"https:\/\/www.hotel-lyon-grandhoteldesterreaux.fr\/chambres\/"},"modified":"2021-09-02T16:32:30","modified_gmt":"2021-09-02T14:32:30","slug":"habitaciones","status":"publish","type":"page","link":"https:\/\/www.hotel-lyon-grandhoteldesterreaux.fr\/es\/habitaciones\/","title":{"rendered":"Habitaciones"},"content":{"rendered":"\n<div class=\"wp-block-group\"><div class=\"wp-block-group__inner-container is-layout-flow wp-block-group-is-layout-flow\">\n<div class=\"wp-block-create-block-title\" style=\"text-align:center\"><h1 class=\"title\" style=\"font-family:Caviar Dreams\">Mundos diferentes para cada habitaci\u00f3n de nuestro hotel en el centro de Lyon<\/h1><\/div>\n\n\n\n<p>El Grand H\u00f4tel des Terreaux, hotel de 4 estrellas en Lyon, le da la bienvenida a su aut\u00e9ntico mundo lion\u00e9s, con un ambiente \u00edntimo y c\u00e1lido, con la promesa de una estancia de calidad y llena de historia. Las habitaciones del hotel tienen una decoraci\u00f3n \u00fanica, en la que el mobiliario y los elementos se combinan armoniosamente para crear un ambiente refinado.<\/p>\n<\/div><\/div>\n\n\n<div class=\"list-card-rooms contentpage\">\n            <div class=\"row\">\n                            <div class=\"col col6 block__image\">\n                    <img decoding=\"async\" loading=\"lazy\" src=\"https:\/\/www.hotel-lyon-grandhoteldesterreaux.fr\/wp-content\/uploads\/2021\/05\/jill-salinger-grand-hotel-des-terreaux-chambre-individuelle-768x431.jpg\" alt=\"\" \/>\n                <\/div>\n            \n            <div class=\"col col6 block__content_container block__1\">\n                <div class=\"block__content\">\n                    <h3 class=\"block__title\">Habitaci\u00f3n Individual<\/h3>\n                    <div class=\"block__body\">\n                        <p>Le Grand H\u00f4tel des Terreaux vous pr\u00e9sente sa chambre Individuelle \u00e0 Lyon, tout confort, id\u00e9ale pour le s\u00e9jour d\u2019une personne seule, voyageant pour les affaires ou pour visiter la ville.<\/p>\n                        <p class=\"has-text-align-center\">\n                            <a href=\"https:\/\/www.hotel-lyon-grandhoteldesterreaux.fr\/es\/habitaciones\/sala-individual-lyon\/\" title=\"Habitaci\u00f3n Habitaci\u00f3n  Individual\" class=\"btn btn-style1\">M\u00e1s informaci\u00f3n >><\/a>\n                        <\/p>\n                    <\/div>\n                <\/div>\n            <\/div>\n\n                    <\/div>\n            <div class=\"row\">\n            \n            <div class=\"col col6 block__content_container block__2\">\n                <div class=\"block__content\">\n                    <h3 class=\"block__title\">Habitaci\u00f3n Doble<\/h3>\n                    <div class=\"block__body\">\n                        <p>Le Grand H\u00f4tel des Terreaux vous propose sa chambre Double, v\u00e9ritable petit cocon, d\u00e9cor\u00e9e \u00e9galement de fa\u00e7on unique, permettant ainsi de personnaliser l\u2019ambiance de chacune d\u2019entre elles.<\/p>\n                        <p class=\"has-text-align-center\">\n                            <a href=\"https:\/\/www.hotel-lyon-grandhoteldesterreaux.fr\/es\/habitaciones\/habitacion-doble-hotel-pareja-lyon\/\" title=\"Habitaci\u00f3n Habitaci\u00f3n  Doble\" class=\"btn btn-style1\">M\u00e1s informaci\u00f3n >><\/a>\n                        <\/p>\n                    <\/div>\n                <\/div>\n            <\/div>\n\n                            <div class=\"col col6 block__image\">\n                    <img decoding=\"async\" loading=\"lazy\" src=\"https:\/\/www.hotel-lyon-grandhoteldesterreaux.fr\/wp-content\/uploads\/2021\/05\/jill-salinger-grand-hotel-des-terreaux-chambre-double-768x555.jpg\" alt=\"\" \/>\n                <\/div>\n                    <\/div>\n            <div class=\"row\">\n                            <div class=\"col col6 block__image\">\n                    <img decoding=\"async\" loading=\"lazy\" src=\"https:\/\/www.hotel-lyon-grandhoteldesterreaux.fr\/wp-content\/uploads\/2021\/05\/jill-salinger-grand-hotel-des-terreaux-chambre-confort-jaune-768x474.jpg\" alt=\"\" \/>\n                <\/div>\n            \n            <div class=\"col col6 block__content_container block__3\">\n                <div class=\"block__content\">\n                    <h3 class=\"block__title\">Habitaci\u00f3n de Confort<\/h3>\n                    <div class=\"block__body\">\n                        <p>Chacune de ces chambres est personnalis\u00e9e avec une ambiance diff\u00e9rente, mais toujours dans un univers \u00e9l\u00e9gant et authentique. Profitez pleinement de votre s\u00e9jour en h\u00f4tel \u00e0 Lyon en savourant confort et charme de votre logement.<\/p>\n                        <p class=\"has-text-align-center\">\n                            <a href=\"https:\/\/www.hotel-lyon-grandhoteldesterreaux.fr\/es\/habitaciones\/habitacion-confort-hotel-lyon\/\" title=\"Habitaci\u00f3n Habitaci\u00f3n  de Confort\" class=\"btn btn-style1\">M\u00e1s informaci\u00f3n >><\/a>\n                        <\/p>\n                    <\/div>\n                <\/div>\n            <\/div>\n\n                    <\/div>\n            <div class=\"row\">\n            \n            <div class=\"col col6 block__content_container block__4\">\n                <div class=\"block__content\">\n                    <h3 class=\"block__title\">Habitaci\u00f3n Superior<\/h3>\n                    <div class=\"block__body\">\n                        <p>La chambre Sup\u00e9rieure est une chambre o\u00f9 le confort est roi et o\u00f9 l\u2019espace est privil\u00e9gi\u00e9 pour que vous puissiez profiter pleinement de votre s\u00e9jour en h\u00f4tel en couple \u00e0 Lyon.<\/p>\n                        <p class=\"has-text-align-center\">\n                            <a href=\"https:\/\/www.hotel-lyon-grandhoteldesterreaux.fr\/es\/habitaciones\/habitacion-superior-hotel-lyon\/\" title=\"Habitaci\u00f3n Habitaci\u00f3n  Superior\" class=\"btn btn-style1\">M\u00e1s informaci\u00f3n >><\/a>\n                        <\/p>\n                    <\/div>\n                <\/div>\n            <\/div>\n\n                            <div class=\"col col6 block__image\">\n                    <img decoding=\"async\" loading=\"lazy\" src=\"https:\/\/www.hotel-lyon-grandhoteldesterreaux.fr\/wp-content\/uploads\/2021\/05\/jill-salinger-grand-hotel-des-terreaux-chambre-superieure-768x574.jpg\" alt=\"\" \/>\n                <\/div>\n                    <\/div>\n            <div class=\"row\">\n                            <div class=\"col col6 block__image\">\n                    <img decoding=\"async\" loading=\"lazy\" src=\"https:\/\/www.hotel-lyon-grandhoteldesterreaux.fr\/wp-content\/uploads\/2021\/05\/jill-salinger-grand-hotel-des-terreaux-chambre-junior-768x405.jpg\" alt=\"\" \/>\n                <\/div>\n            \n            <div class=\"col col6 block__content_container block__5\">\n                <div class=\"block__content\">\n                    <h3 class=\"block__title\">Habitaci\u00f3n Junior<\/h3>\n                    <div class=\"block__body\">\n                        <p>La chambre Junior est une chambre proposant tout le confort n\u00e9cessaire tant par l'espace, le mat\u00e9riel et l'\u00e9quipement pour un s\u00e9jour dont le bien-\u00eatre sera ma\u00eetre mot. D\u00e9cor\u00e9e de mani\u00e8re unique, chaque chambre poss\u00e8de une d\u00e9coration chic qui lui est propre.<\/p>\n                        <p class=\"has-text-align-center\">\n                            <a href=\"https:\/\/www.hotel-lyon-grandhoteldesterreaux.fr\/es\/habitaciones\/habitacion-junior-lyon-centro\/\" title=\"Habitaci\u00f3n Habitaci\u00f3n  Junior\" class=\"btn btn-style1\">M\u00e1s informaci\u00f3n >><\/a>\n                        <\/p>\n                    <\/div>\n                <\/div>\n            <\/div>\n\n                    <\/div>\n    <\/div>\n\n","protected":false},"excerpt":{"rendered":"<p>El Grand H\u00f4tel des Terreaux, hotel de 4 estrellas en Lyon, le da la bienvenida a su aut\u00e9ntico mundo lion\u00e9s, con un ambiente \u00edntimo y c\u00e1lido, con la promesa de una estancia de calidad y llena de historia. Las habitaciones del hotel tienen una decoraci\u00f3n \u00fanica, en la que el mobiliario y los elementos se [&hellip;]<\/p>\n","protected":false},"author":1,"featured_media":0,"parent":0,"menu_order":0,"comment_status":"closed","ping_status":"closed","template":"","meta":{"pgc_sgb_lightbox_settings":"","footnotes":""},"class_list":["post-1689","page","type-page","status-publish","hentry"],"yoast_head":"<!-- This site is optimized with the Yoast SEO plugin v27.0 - https:\/\/yoast.com\/product\/yoast-seo-wordpress\/ -->\n<title>Habitaciones - Grand H\u00f4tel des Terreaux<\/title>\n<meta name=\"description\" content=\"Mundos diferentes para cada habitaci\u00f3n de nuestro hotel en el centro de Lyon\" \/>\n<meta name=\"robots\" content=\"index, follow, max-snippet:-1, max-image-preview:large, max-video-preview:-1\" \/>\n<link rel=\"canonical\" href=\"https:\/\/www.hotel-lyon-grandhoteldesterreaux.fr\/es\/habitaciones\/\" \/>\n<meta property=\"og:locale\" content=\"es_ES\" \/>\n<meta property=\"og:type\" content=\"article\" \/>\n<meta property=\"og:title\" content=\"Habitaciones - Grand H\u00f4tel des Terreaux\" \/>\n<meta property=\"og:description\" content=\"Mundos diferentes para cada habitaci\u00f3n de nuestro hotel en el centro de Lyon\" \/>\n<meta property=\"og:url\" content=\"https:\/\/www.hotel-lyon-grandhoteldesterreaux.fr\/es\/habitaciones\/\" \/>\n<meta property=\"og:site_name\" content=\"Grand H\u00f4tel des Terreaux\" \/>\n<meta property=\"article:modified_time\" content=\"2021-09-02T14:32:30+00:00\" \/>\n<meta name=\"twitter:card\" content=\"summary_large_image\" \/>\n<script type=\"application\/ld+json\" class=\"yoast-schema-graph\">{\"@context\":\"https:\/\/schema.org\",\"@graph\":[{\"@type\":\"WebPage\",\"@id\":\"https:\/\/www.hotel-lyon-grandhoteldesterreaux.fr\/es\/habitaciones\/\",\"url\":\"https:\/\/www.hotel-lyon-grandhoteldesterreaux.fr\/es\/habitaciones\/\",\"name\":\"Habitaciones - Grand H\u00f4tel des Terreaux\",\"isPartOf\":{\"@id\":\"https:\/\/www.hotel-lyon-grandhoteldesterreaux.fr\/es\/#website\"},\"datePublished\":\"2020-07-21T09:08:18+00:00\",\"dateModified\":\"2021-09-02T14:32:30+00:00\",\"description\":\"Mundos diferentes para cada habitaci\u00f3n de nuestro hotel en el centro de Lyon\",\"breadcrumb\":{\"@id\":\"https:\/\/www.hotel-lyon-grandhoteldesterreaux.fr\/es\/habitaciones\/#breadcrumb\"},\"inLanguage\":\"es\",\"potentialAction\":[{\"@type\":\"ReadAction\",\"target\":[\"https:\/\/www.hotel-lyon-grandhoteldesterreaux.fr\/es\/habitaciones\/\"]}]},{\"@type\":\"BreadcrumbList\",\"@id\":\"https:\/\/www.hotel-lyon-grandhoteldesterreaux.fr\/es\/habitaciones\/#breadcrumb\",\"itemListElement\":[{\"@type\":\"ListItem\",\"position\":1,\"name\":\"Home\",\"item\":\"https:\/\/www.hotel-lyon-grandhoteldesterreaux.fr\/es\/\"},{\"@type\":\"ListItem\",\"position\":2,\"name\":\"Habitaciones\"}]},{\"@type\":\"WebSite\",\"@id\":\"https:\/\/www.hotel-lyon-grandhoteldesterreaux.fr\/es\/#website\",\"url\":\"https:\/\/www.hotel-lyon-grandhoteldesterreaux.fr\/es\/\",\"name\":\"Grand H\u00f4tel des Terreaux\",\"description\":\"\",\"publisher\":{\"@id\":\"https:\/\/www.hotel-lyon-grandhoteldesterreaux.fr\/es\/#organization\"},\"potentialAction\":[{\"@type\":\"SearchAction\",\"target\":{\"@type\":\"EntryPoint\",\"urlTemplate\":\"https:\/\/www.hotel-lyon-grandhoteldesterreaux.fr\/es\/?s={search_term_string}\"},\"query-input\":{\"@type\":\"PropertyValueSpecification\",\"valueRequired\":true,\"valueName\":\"search_term_string\"}}],\"inLanguage\":\"es\"},{\"@type\":\"Organization\",\"@id\":\"https:\/\/www.hotel-lyon-grandhoteldesterreaux.fr\/es\/#organization\",\"name\":\"Grand H\u00f4tel des Terreaux\",\"url\":\"https:\/\/www.hotel-lyon-grandhoteldesterreaux.fr\/es\/\",\"logo\":{\"@type\":\"ImageObject\",\"inLanguage\":\"es\",\"@id\":\"https:\/\/www.hotel-lyon-grandhoteldesterreaux.fr\/es\/#\/schema\/logo\/image\/\",\"url\":\"https:\/\/www.hotel-lyon-grandhoteldesterreaux.fr\/wp-content\/uploads\/2021\/07\/ght-logo.png\",\"contentUrl\":\"https:\/\/www.hotel-lyon-grandhoteldesterreaux.fr\/wp-content\/uploads\/2021\/07\/ght-logo.png\",\"width\":400,\"height\":41,\"caption\":\"Grand H\u00f4tel des Terreaux\"},\"image\":{\"@id\":\"https:\/\/www.hotel-lyon-grandhoteldesterreaux.fr\/es\/#\/schema\/logo\/image\/\"}}]}<\/script>\n<!-- \/ Yoast SEO plugin. -->","yoast_head_json":{"title":"Habitaciones - Grand H\u00f4tel des Terreaux","description":"Mundos diferentes para cada habitaci\u00f3n de nuestro hotel en el centro de Lyon","robots":{"index":"index","follow":"follow","max-snippet":"max-snippet:-1","max-image-preview":"max-image-preview:large","max-video-preview":"max-video-preview:-1"},"canonical":"https:\/\/www.hotel-lyon-grandhoteldesterreaux.fr\/es\/habitaciones\/","og_locale":"es_ES","og_type":"article","og_title":"Habitaciones - Grand H\u00f4tel des Terreaux","og_description":"Mundos diferentes para cada habitaci\u00f3n de nuestro hotel en el centro de Lyon","og_url":"https:\/\/www.hotel-lyon-grandhoteldesterreaux.fr\/es\/habitaciones\/","og_site_name":"Grand H\u00f4tel des Terreaux","article_modified_time":"2021-09-02T14:32:30+00:00","twitter_card":"summary_large_image","schema":{"@context":"https:\/\/schema.org","@graph":[{"@type":"WebPage","@id":"https:\/\/www.hotel-lyon-grandhoteldesterreaux.fr\/es\/habitaciones\/","url":"https:\/\/www.hotel-lyon-grandhoteldesterreaux.fr\/es\/habitaciones\/","name":"Habitaciones - Grand H\u00f4tel des Terreaux","isPartOf":{"@id":"https:\/\/www.hotel-lyon-grandhoteldesterreaux.fr\/es\/#website"},"datePublished":"2020-07-21T09:08:18+00:00","dateModified":"2021-09-02T14:32:30+00:00","description":"Mundos diferentes para cada habitaci\u00f3n de nuestro hotel en el centro de Lyon","breadcrumb":{"@id":"https:\/\/www.hotel-lyon-grandhoteldesterreaux.fr\/es\/habitaciones\/#breadcrumb"},"inLanguage":"es","potentialAction":[{"@type":"ReadAction","target":["https:\/\/www.hotel-lyon-grandhoteldesterreaux.fr\/es\/habitaciones\/"]}]},{"@type":"BreadcrumbList","@id":"https:\/\/www.hotel-lyon-grandhoteldesterreaux.fr\/es\/habitaciones\/#breadcrumb","itemListElement":[{"@type":"ListItem","position":1,"name":"Home","item":"https:\/\/www.hotel-lyon-grandhoteldesterreaux.fr\/es\/"},{"@type":"ListItem","position":2,"name":"Habitaciones"}]},{"@type":"WebSite","@id":"https:\/\/www.hotel-lyon-grandhoteldesterreaux.fr\/es\/#website","url":"https:\/\/www.hotel-lyon-grandhoteldesterreaux.fr\/es\/","name":"Grand H\u00f4tel des Terreaux","description":"","publisher":{"@id":"https:\/\/www.hotel-lyon-grandhoteldesterreaux.fr\/es\/#organization"},"potentialAction":[{"@type":"SearchAction","target":{"@type":"EntryPoint","urlTemplate":"https:\/\/www.hotel-lyon-grandhoteldesterreaux.fr\/es\/?s={search_term_string}"},"query-input":{"@type":"PropertyValueSpecification","valueRequired":true,"valueName":"search_term_string"}}],"inLanguage":"es"},{"@type":"Organization","@id":"https:\/\/www.hotel-lyon-grandhoteldesterreaux.fr\/es\/#organization","name":"Grand H\u00f4tel des Terreaux","url":"https:\/\/www.hotel-lyon-grandhoteldesterreaux.fr\/es\/","logo":{"@type":"ImageObject","inLanguage":"es","@id":"https:\/\/www.hotel-lyon-grandhoteldesterreaux.fr\/es\/#\/schema\/logo\/image\/","url":"https:\/\/www.hotel-lyon-grandhoteldesterreaux.fr\/wp-content\/uploads\/2021\/07\/ght-logo.png","contentUrl":"https:\/\/www.hotel-lyon-grandhoteldesterreaux.fr\/wp-content\/uploads\/2021\/07\/ght-logo.png","width":400,"height":41,"caption":"Grand H\u00f4tel des Terreaux"},"image":{"@id":"https:\/\/www.hotel-lyon-grandhoteldesterreaux.fr\/es\/#\/schema\/logo\/image\/"}}]}},"_links":{"self":[{"href":"https:\/\/www.hotel-lyon-grandhoteldesterreaux.fr\/es\/wp-json\/wp\/v2\/pages\/1689","targetHints":{"allow":["GET"]}}],"collection":[{"href":"https:\/\/www.hotel-lyon-grandhoteldesterreaux.fr\/es\/wp-json\/wp\/v2\/pages"}],"about":[{"href":"https:\/\/www.hotel-lyon-grandhoteldesterreaux.fr\/es\/wp-json\/wp\/v2\/types\/page"}],"author":[{"embeddable":true,"href":"https:\/\/www.hotel-lyon-grandhoteldesterreaux.fr\/es\/wp-json\/wp\/v2\/users\/1"}],"replies":[{"embeddable":true,"href":"https:\/\/www.hotel-lyon-grandhoteldesterreaux.fr\/es\/wp-json\/wp\/v2\/comments?post=1689"}],"version-history":[{"count":1,"href":"https:\/\/www.hotel-lyon-grandhoteldesterreaux.fr\/es\/wp-json\/wp\/v2\/pages\/1689\/revisions"}],"predecessor-version":[{"id":1923,"href":"https:\/\/www.hotel-lyon-grandhoteldesterreaux.fr\/es\/wp-json\/wp\/v2\/pages\/1689\/revisions\/1923"}],"wp:attachment":[{"href":"https:\/\/www.hotel-lyon-grandhoteldesterreaux.fr\/es\/wp-json\/wp\/v2\/media?parent=1689"}],"curies":[{"name":"wp","href":"https:\/\/api.w.org\/{rel}","templated":true}]}}