{"id":1685,"date":"2020-07-21T11:08:45","date_gmt":"2020-07-21T09:08:45","guid":{"rendered":"https:\/\/www.hotel-lyon-grandhoteldesterreaux.fr\/seminaire-lyon\/"},"modified":"2023-10-24T08:36:30","modified_gmt":"2023-10-24T06:36:30","slug":"seminario-lyon","status":"publish","type":"page","link":"https:\/\/www.hotel-lyon-grandhoteldesterreaux.fr\/es\/seminario-lyon\/","title":{"rendered":"Seminarios"},"content":{"rendered":"\n<div class=\"wp-block-group\"><div class=\"wp-block-group__inner-container is-layout-flow wp-block-group-is-layout-flow\">\n<div class=\"wp-block-create-block-title\" style=\"text-align:center\"><h1 class=\"title\" style=\"font-family:Caviar Dreams\">Organice su seminario en Lyon<\/h1><\/div>\n\n\n\n<p>Situado en el coraz\u00f3n de la ciudad de Lyon, nuestro hotel en el distrito 1 de<sup> <\/sup>Lyon, junto a la famosa Place des Terreaux, puede acoger a grupos en 53 habitaciones, todas ellas con una decoraci\u00f3n \u00fanica, para organizar su seminario en Lyon.<\/p>\n\n\n\n<div class=\"wp-block-create-block-seminar\"><div style=\"text-align: center; background-color: rgb(36, 47, 58)\"><h2 class=\"block__title\">Lyon: la ciudad ideal para su seminario<\/h2><\/div><div class=\"row\"><div class=\"col6 block__body__one\" style=\"background-color:#c3ced8\"><div class=\"contain_galleries\"><p class=\"body__one\">Lyon es una ciudad c\u00e9ntrica de Francia, a 2 horas de Par\u00eds y Marsella en TGV, lo que la convierte en un lugar id\u00f3neo para que los empleados se re\u00fanan. El aeropuerto de Lyon St Exup\u00e9ry es directamente accesible desde la nave Rh\u00f4ne Express en 30 minutos. Su terminal en la estaci\u00f3n de Lyon Part-Dieu nos permite ofrecer autobuses de enlace con el centro de la ciudad de Lyon hasta nuestro Grand H\u00f4tel des Terreaux (unos 20 minutos) o directamente desde el metro (l\u00edneas B y A unos 20 minutos).<\/p><div class=\"block__btn__one\" style=\"text-align:center\"><a class=\"btn btn__one btn-style1\" href=\"https:\/\/www.hotel-lyon-grandhoteldesterreaux.fr\/es\/acceso\/\">Ver todos los accesos<\/a><\/div><\/div><\/div><div class=\"col6 block__body__two\" style=\"background-color:#dcd6cf\"><div class=\"contain_galleries\"><p class=\"body__two\">Lyon, ciudad hist\u00f3rica de la gastronom\u00eda y la cultura, ofrece una amplia gama de actividades para grupos. Nuestro equipo est\u00e1 a su disposici\u00f3n para satisfacer sus necesidades y ayudarle a organizar su seminario en Lyon.<\/p><div class=\"block__btn__two\" style=\"text-align:center\"><a class=\"btn btn__two btn-style1\" href=\"https:\/\/www.hotel-lyon-grandhoteldesterreaux.fr\/es\/contacto\/\">Solicitar un seminario en Lyon<\/a><\/div><\/div><\/div><\/div><\/div>\n<\/div><\/div>\n\n\n\n<div class=\"wp-block-group has-background\" style=\"background-color:#ffffff\"><div class=\"wp-block-group__inner-container is-layout-flow wp-block-group-is-layout-flow\">\n<p>Nuestro Grand H\u00f4tel des Terreaux no dispone directamente de una sala de reuniones, pero podemos organizar su seminario gracias a nuestros socios de los alrededores y ofrecerle varios lugares at\u00edpicos para un seminario ins\u00f3lito en Lyon:<\/p>\n\n\n\n<div class=\"wp-block-columns col3-spaced block-partners is-layout-flex wp-container-core-columns-is-layout-9d6595d7 wp-block-columns-is-layout-flex\">\n<div class=\"wp-block-column is-layout-flow wp-block-column-is-layout-flow\">\n<div class=\"wp-block-create-block-title\" style=\"text-align:center\"><h3 class=\"title\" style=\"font-family:Caviar Dreams\">SU SEMINARIO EN<br>LYON EN<\/h3><\/div>\n\n\n\n<div class=\"wp-block-create-block-title\" style=\"text-align:center\"><h4 class=\"title\" style=\"font-family:Caviar Dreams\">la Maison Lassagne<\/h4><\/div>\n\n\n<div class=\"wp-block-image\">\n<figure class=\"aligncenter size-large\"><img loading=\"lazy\" decoding=\"async\" width=\"455\" height=\"160\" src=\"https:\/\/www.hotel-lyon-grandhoteldesterreaux.fr\/wp-content\/uploads\/2021\/06\/seminaire-logo-maison-lacassagne.jpg\" alt=\"\" class=\"wp-image-580\" srcset=\"https:\/\/www.hotel-lyon-grandhoteldesterreaux.fr\/wp-content\/uploads\/2021\/06\/seminaire-logo-maison-lacassagne.jpg 455w, https:\/\/www.hotel-lyon-grandhoteldesterreaux.fr\/wp-content\/uploads\/2021\/06\/seminaire-logo-maison-lacassagne-300x105.jpg 300w\" sizes=\"auto, (max-width: 455px) 100vw, 455px\" \/><\/figure>\n<\/div>\n\n\n<p>Situada a dos pasos de la \u00d3pera, junto a la Place des Terreaux, en el distrito 1 de Lyon (a 10 minutos a pie de nuestro Grand H\u00f4tel des Terreaux), la Maison Lassagne ofrece 172m2 de espacio divididos en 4 pisos modulares, cada uno decorado a su manera. Todos los espacios est\u00e1n equipados con pantallas LED, WIFI, pizarras MoodWall, rotafolios, micr\u00f3fonos, cocinas profesionales&#8230; Con su encanto at\u00edpico, los diferentes espacios ofrecen un ambiente de convivencia gracias a una decoraci\u00f3n moderna y refinada. &nbsp;<\/p>\n\n\n\n<p><a href=\"http:\/\/maisonlassagne.fr\/\" target=\"_blank\" rel=\"noreferrer noopener\">https:\/\/maisonlassagne.fr\/<\/a><\/p>\n<\/div>\n\n\n\n<div class=\"wp-block-column is-layout-flow wp-block-column-is-layout-flow\">\n<div class=\"wp-block-create-block-title\" style=\"text-align:center\"><h3 class=\"title\" style=\"font-family:Caviar Dreams\"><meta http-equiv=\"content-type\" content=\"text\/html; charset=utf-8\">SU SEMINARIO EN<br>LYON EN<\/h3><\/div>\n\n\n\n<div class=\"wp-block-create-block-title\" style=\"text-align:center\"><h4 class=\"title\" style=\"font-family:Caviar Dreams\">Les N\u00e9gociants<\/h4><\/div>\n\n\n<div class=\"wp-block-image\">\n<figure class=\"aligncenter size-large\"><img loading=\"lazy\" decoding=\"async\" width=\"455\" height=\"160\" src=\"https:\/\/www.hotel-lyon-grandhoteldesterreaux.fr\/wp-content\/uploads\/2021\/06\/seminaire-logo-grandcafe-des-negociants.jpg\" alt=\"\" class=\"wp-image-590\" srcset=\"https:\/\/www.hotel-lyon-grandhoteldesterreaux.fr\/wp-content\/uploads\/2021\/06\/seminaire-logo-grandcafe-des-negociants.jpg 455w, https:\/\/www.hotel-lyon-grandhoteldesterreaux.fr\/wp-content\/uploads\/2021\/06\/seminaire-logo-grandcafe-des-negociants-300x105.jpg 300w\" sizes=\"auto, (max-width: 455px) 100vw, 455px\" \/><\/figure>\n<\/div>\n\n\n<p>El centro de negocios N\u00e9gociants dispone de 210 <sup>m2 de <\/sup>espacio equipado para su seminario en Lyon. Situado en el coraz\u00f3n del barrio de Cordeliers, en el segundo distrito<sup> <\/sup>de Lyon (a 5 minutos a pie de nuestro Grand H\u00f4tel des Terreaux), el espacio es modulable con varias salas para reuniones simult\u00e1neas. Las salas est\u00e1n equipadas con retroproyectores y pizarras.<\/p>\n\n\n\n<p><a href=\"https:\/\/www.lesnegociants.com\/centre-daffaires-des-negociants\" target=\"_blank\" rel=\"noreferrer noopener\">https:\/\/www.lesnegociants.com\/centre-daffaires-des-negociants<\/a><\/p>\n<\/div>\n<\/div>\n\n\n\n<div class=\"wp-block-columns col3-spaced block-partners is-layout-flex wp-container-core-columns-is-layout-9d6595d7 wp-block-columns-is-layout-flex\">\n<div class=\"wp-block-column is-layout-flow wp-block-column-is-layout-flow\">\n<div class=\"wp-block-create-block-title\" style=\"text-align:center\"><h3 class=\"title\" style=\"font-family:Caviar Dreams\"><meta http-equiv=\"content-type\" content=\"text\/html; charset=utf-8\">SU SEMINARIO EN<br>LYON EN EL<\/h3><\/div>\n\n\n\n<div class=\"wp-block-create-block-title\" style=\"text-align:center\"><h4 class=\"title\" style=\"font-family:Caviar Dreams\">Yachts de Lyon<\/h4><\/div>\n\n\n<div class=\"wp-block-image\">\n<figure class=\"aligncenter size-large\"><img loading=\"lazy\" decoding=\"async\" width=\"455\" height=\"160\" src=\"https:\/\/www.hotel-lyon-grandhoteldesterreaux.fr\/wp-content\/uploads\/2021\/06\/seminaire-logo-les-yatchs-de-lyon.jpg\" alt=\"\" class=\"wp-image-585\" srcset=\"https:\/\/www.hotel-lyon-grandhoteldesterreaux.fr\/wp-content\/uploads\/2021\/06\/seminaire-logo-les-yatchs-de-lyon.jpg 455w, https:\/\/www.hotel-lyon-grandhoteldesterreaux.fr\/wp-content\/uploads\/2021\/06\/seminaire-logo-les-yatchs-de-lyon-300x105.jpg 300w\" sizes=\"auto, (max-width: 455px) 100vw, 455px\" \/><\/figure>\n<\/div>\n\n\n<p>Los Yates de Lyon ofrecen 6 barcos con posibles viajes por el Saona y el R\u00f3dano o permaneciendo en el embarcadero. El m\u00e1s grande tiene una capacidad m\u00e1xima de 140 personas. Hay varias estaciones de embarque repartidas por la ciudad para optimizar su seminario en Lyon. Los barcos son ideales para las tardes o los almuerzos en un entorno muy divertido e inusual por la ciudad. Tambi\u00e9n est\u00e1n equipados para reuniones (pantallas, micr\u00f3fonos, videoproyector, pizarras&#8230;).<\/p>\n\n\n\n<p><a href=\"https:\/\/www.lesyachtsdelyon.com\/\" target=\"_blank\" rel=\"noreferrer noopener\">https:\/\/www.lesyachtsdelyon.com\/<\/a><\/p>\n<\/div>\n\n\n\n<div class=\"wp-block-column is-layout-flow wp-block-column-is-layout-flow\">\n<div class=\"wp-block-create-block-title\" style=\"text-align:center\"><h3 class=\"title\" style=\"font-family:Caviar Dreams\"><meta http-equiv=\"content-type\" content=\"text\/html; charset=utf-8\">SU LUGAR<br>DE TRABAJO<\/h3><\/div>\n\n\n\n<div class=\"wp-block-create-block-title\" style=\"text-align:center\"><h4 class=\"title\" style=\"font-family:Caviar Dreams\">en el coraz\u00f3n de la Presqu&#8217;\u00eele<\/h4><\/div>\n\n\n<div class=\"wp-block-image\">\n<figure class=\"aligncenter size-full\"><img loading=\"lazy\" decoding=\"async\" width=\"455\" height=\"160\" src=\"https:\/\/www.hotel-lyon-grandhoteldesterreaux.fr\/wp-content\/uploads\/2023\/10\/espace-rhone.jpg\" alt=\"\" class=\"wp-image-11757\" srcset=\"https:\/\/www.hotel-lyon-grandhoteldesterreaux.fr\/wp-content\/uploads\/2023\/10\/espace-rhone.jpg 455w, https:\/\/www.hotel-lyon-grandhoteldesterreaux.fr\/wp-content\/uploads\/2023\/10\/espace-rhone-300x105.jpg 300w\" sizes=\"auto, (max-width: 455px) 100vw, 455px\" \/><\/figure>\n<\/div>\n\n\n<p>Y a 5 minutos del Grand H\u00f4tel des Terreaux Lyon 1er<\/p>\n\n\n\n<p>Durante unas horas, disfrute de un mundo de trabajo, reflexi\u00f3n e interacci\u00f3n que combina sobriedad y confort, intemporalidad y tecnolog\u00eda.<\/p>\n\n\n\n<p>Ventaja: un servicio atento y profesional, disponible pero discreto, en espacios bien climatizados, insonorizados y generosamente equipados.<\/p>\n\n\n\n<p><a href=\"https:\/\/www.espacerhone.fr\/en\/\">https:\/\/www.espacerhone.fr\/en\/<\/a><\/p>\n<\/div>\n<\/div>\n<\/div><\/div>\n\n\n\n<div class=\"wp-block-group\"><div class=\"wp-block-group__inner-container is-layout-flow wp-block-group-is-layout-flow\">\n<div class=\"wp-block-create-block-title\" style=\"text-align:center\"><h2 class=\"title\" style=\"font-family:Caviar Dreams\"><strong>Nuestros espacios de bienestar para su seminario en Lyon<\/strong><\/h2><\/div>\n\n\n<div class=\"wp-block-image\">\n<figure class=\"aligncenter size-large\"><img loading=\"lazy\" decoding=\"async\" width=\"400\" height=\"51\" src=\"https:\/\/www.hotel-lyon-grandhoteldesterreaux.fr\/wp-content\/uploads\/2021\/05\/separateur.png\" alt=\"\" class=\"wp-image-429\" srcset=\"https:\/\/www.hotel-lyon-grandhoteldesterreaux.fr\/wp-content\/uploads\/2021\/05\/separateur.png 400w, https:\/\/www.hotel-lyon-grandhoteldesterreaux.fr\/wp-content\/uploads\/2021\/05\/separateur-300x38.png 300w\" sizes=\"auto, (max-width: 400px) 100vw, 400px\" \/><\/figure>\n<\/div>\n\n\n<div class=\"wp-block-columns is-layout-flex wp-container-core-columns-is-layout-9d6595d7 wp-block-columns-is-layout-flex\">\n<div class=\"wp-block-column is-layout-flow wp-block-column-is-layout-flow\"><div class=\"wp-block-image is-resized\">\n<figure class=\"aligncenter size-large\"><img loading=\"lazy\" decoding=\"async\" width=\"375\" height=\"375\" src=\"https:\/\/www.hotel-lyon-grandhoteldesterreaux.fr\/wp-content\/uploads\/2021\/07\/pixto-bassins.png\" alt=\"Bassins d\u00e9tente\" class=\"wp-image-1304\" srcset=\"https:\/\/www.hotel-lyon-grandhoteldesterreaux.fr\/wp-content\/uploads\/2021\/07\/pixto-bassins.png 375w, https:\/\/www.hotel-lyon-grandhoteldesterreaux.fr\/wp-content\/uploads\/2021\/07\/pixto-bassins-300x300.png 300w, https:\/\/www.hotel-lyon-grandhoteldesterreaux.fr\/wp-content\/uploads\/2021\/07\/pixto-bassins-150x150.png 150w\" sizes=\"auto, (max-width: 375px) 100vw, 375px\" \/><figcaption class=\"wp-element-caption\">Nuestras piscinas interiores de relajaci\u00f3n est\u00e1n disponibles gratuitamente para todos nuestros hu\u00e9spedes de 14 a 23 horas.<\/figcaption><\/figure>\n<\/div><\/div>\n\n\n\n<div class=\"wp-block-column is-layout-flow wp-block-column-is-layout-flow\"><div class=\"wp-block-image is-resized\">\n<figure class=\"aligncenter size-large\"><img loading=\"lazy\" decoding=\"async\" width=\"375\" height=\"375\" src=\"https:\/\/www.hotel-lyon-grandhoteldesterreaux.fr\/wp-content\/uploads\/2021\/07\/picto-bar.png\" alt=\"Bar\" class=\"wp-image-1309\" srcset=\"https:\/\/www.hotel-lyon-grandhoteldesterreaux.fr\/wp-content\/uploads\/2021\/07\/picto-bar.png 375w, https:\/\/www.hotel-lyon-grandhoteldesterreaux.fr\/wp-content\/uploads\/2021\/07\/picto-bar-300x300.png 300w, https:\/\/www.hotel-lyon-grandhoteldesterreaux.fr\/wp-content\/uploads\/2021\/07\/picto-bar-150x150.png 150w\" sizes=\"auto, (max-width: 375px) 100vw, 375px\" \/><figcaption class=\"wp-element-caption\">Nuestro bar est\u00e1 abierto hasta la 1 de la madrugada.<\/figcaption><\/figure>\n<\/div><\/div>\n\n\n\n<div class=\"wp-block-column is-layout-flow wp-block-column-is-layout-flow\"><div class=\"wp-block-image is-resized\">\n<figure class=\"aligncenter size-large\"><img loading=\"lazy\" decoding=\"async\" width=\"375\" height=\"375\" src=\"https:\/\/www.hotel-lyon-grandhoteldesterreaux.fr\/wp-content\/uploads\/2021\/07\/picto-petit-dejeuner.png\" alt=\"Petit d\u00e9jeuner\" class=\"wp-image-1319\" srcset=\"https:\/\/www.hotel-lyon-grandhoteldesterreaux.fr\/wp-content\/uploads\/2021\/07\/picto-petit-dejeuner.png 375w, https:\/\/www.hotel-lyon-grandhoteldesterreaux.fr\/wp-content\/uploads\/2021\/07\/picto-petit-dejeuner-300x300.png 300w, https:\/\/www.hotel-lyon-grandhoteldesterreaux.fr\/wp-content\/uploads\/2021\/07\/picto-petit-dejeuner-150x150.png 150w\" sizes=\"auto, (max-width: 375px) 100vw, 375px\" \/><figcaption class=\"wp-element-caption\">El desayuno se sirve en forma de buffet a partir de las 7 de la ma\u00f1ana.<\/figcaption><\/figure>\n<\/div><\/div>\n<\/div>\n\n\n\n<p class=\"wp-block-create-block-button has-text-align-center\"><a class=\"btn btn-style1\" href=\"https:\/\/www.hotel-lyon-grandhoteldesterreaux.fr\/es\/hotel-4-estrellas-en-lyon\/\">M\u00e1s informaci\u00f3n sobre nuestro hotel<\/a><\/p>\n<\/div><\/div>\n","protected":false},"excerpt":{"rendered":"<p>Situado en el coraz\u00f3n de la ciudad de Lyon, nuestro hotel en el distrito 1 de Lyon, junto a la famosa Place des Terreaux, puede acoger a grupos en 53 habitaciones, todas ellas con una decoraci\u00f3n \u00fanica, para organizar su seminario en Lyon. Nuestro Grand H\u00f4tel des Terreaux no dispone directamente de una sala de [&hellip;]<\/p>\n","protected":false},"author":1,"featured_media":0,"parent":0,"menu_order":0,"comment_status":"closed","ping_status":"closed","template":"","meta":{"pgc_sgb_lightbox_settings":"","footnotes":""},"class_list":["post-1685","page","type-page","status-publish","hentry"],"yoast_head":"<!-- This site is optimized with the Yoast SEO plugin v27.0 - https:\/\/yoast.com\/product\/yoast-seo-wordpress\/ -->\n<title>Seminarios - Grand H\u00f4tel des Terreaux<\/title>\n<meta name=\"description\" content=\"Seminarios Lyon: \u00a1organice su seminario en el Grand H\u00f4tel des Terreaux! Benef\u00edciese de un alojamiento de lujo en el coraz\u00f3n de la ciudad y de un apoyo profesional.\" \/>\n<meta name=\"robots\" content=\"index, follow, max-snippet:-1, max-image-preview:large, max-video-preview:-1\" \/>\n<link rel=\"canonical\" href=\"https:\/\/www.hotel-lyon-grandhoteldesterreaux.fr\/es\/seminario-lyon\/\" \/>\n<meta property=\"og:locale\" content=\"es_ES\" \/>\n<meta property=\"og:type\" content=\"article\" \/>\n<meta property=\"og:title\" content=\"Seminarios - Grand H\u00f4tel des Terreaux\" \/>\n<meta property=\"og:description\" content=\"Seminarios Lyon: \u00a1organice su seminario en el Grand H\u00f4tel des Terreaux! Benef\u00edciese de un alojamiento de lujo en el coraz\u00f3n de la ciudad y de un apoyo profesional.\" \/>\n<meta property=\"og:url\" content=\"https:\/\/www.hotel-lyon-grandhoteldesterreaux.fr\/es\/seminario-lyon\/\" \/>\n<meta property=\"og:site_name\" content=\"Grand H\u00f4tel des Terreaux\" \/>\n<meta property=\"article:modified_time\" content=\"2023-10-24T06:36:30+00:00\" \/>\n<meta property=\"og:image\" content=\"https:\/\/www.hotel-lyon-grandhoteldesterreaux.fr\/wp-content\/uploads\/2021\/06\/seminaire-logo-maison-lacassagne.jpg\" \/>\n<meta name=\"twitter:card\" content=\"summary_large_image\" \/>\n<script type=\"application\/ld+json\" class=\"yoast-schema-graph\">{\"@context\":\"https:\/\/schema.org\",\"@graph\":[{\"@type\":\"WebPage\",\"@id\":\"https:\/\/www.hotel-lyon-grandhoteldesterreaux.fr\/es\/seminario-lyon\/\",\"url\":\"https:\/\/www.hotel-lyon-grandhoteldesterreaux.fr\/es\/seminario-lyon\/\",\"name\":\"Seminarios - Grand H\u00f4tel des Terreaux\",\"isPartOf\":{\"@id\":\"https:\/\/www.hotel-lyon-grandhoteldesterreaux.fr\/es\/#website\"},\"primaryImageOfPage\":{\"@id\":\"https:\/\/www.hotel-lyon-grandhoteldesterreaux.fr\/es\/seminario-lyon\/#primaryimage\"},\"image\":{\"@id\":\"https:\/\/www.hotel-lyon-grandhoteldesterreaux.fr\/es\/seminario-lyon\/#primaryimage\"},\"thumbnailUrl\":\"https:\/\/www.hotel-lyon-grandhoteldesterreaux.fr\/wp-content\/uploads\/2021\/06\/seminaire-logo-maison-lacassagne.jpg\",\"datePublished\":\"2020-07-21T09:08:45+00:00\",\"dateModified\":\"2023-10-24T06:36:30+00:00\",\"description\":\"Seminarios Lyon: \u00a1organice su seminario en el Grand H\u00f4tel des Terreaux! Benef\u00edciese de un alojamiento de lujo en el coraz\u00f3n de la ciudad y de un apoyo profesional.\",\"breadcrumb\":{\"@id\":\"https:\/\/www.hotel-lyon-grandhoteldesterreaux.fr\/es\/seminario-lyon\/#breadcrumb\"},\"inLanguage\":\"es\",\"potentialAction\":[{\"@type\":\"ReadAction\",\"target\":[\"https:\/\/www.hotel-lyon-grandhoteldesterreaux.fr\/es\/seminario-lyon\/\"]}]},{\"@type\":\"ImageObject\",\"inLanguage\":\"es\",\"@id\":\"https:\/\/www.hotel-lyon-grandhoteldesterreaux.fr\/es\/seminario-lyon\/#primaryimage\",\"url\":\"https:\/\/www.hotel-lyon-grandhoteldesterreaux.fr\/wp-content\/uploads\/2021\/06\/seminaire-logo-maison-lacassagne.jpg\",\"contentUrl\":\"https:\/\/www.hotel-lyon-grandhoteldesterreaux.fr\/wp-content\/uploads\/2021\/06\/seminaire-logo-maison-lacassagne.jpg\"},{\"@type\":\"BreadcrumbList\",\"@id\":\"https:\/\/www.hotel-lyon-grandhoteldesterreaux.fr\/es\/seminario-lyon\/#breadcrumb\",\"itemListElement\":[{\"@type\":\"ListItem\",\"position\":1,\"name\":\"Home\",\"item\":\"https:\/\/www.hotel-lyon-grandhoteldesterreaux.fr\/es\/\"},{\"@type\":\"ListItem\",\"position\":2,\"name\":\"Seminarios\"}]},{\"@type\":\"WebSite\",\"@id\":\"https:\/\/www.hotel-lyon-grandhoteldesterreaux.fr\/es\/#website\",\"url\":\"https:\/\/www.hotel-lyon-grandhoteldesterreaux.fr\/es\/\",\"name\":\"Grand H\u00f4tel des Terreaux\",\"description\":\"\",\"publisher\":{\"@id\":\"https:\/\/www.hotel-lyon-grandhoteldesterreaux.fr\/es\/#organization\"},\"potentialAction\":[{\"@type\":\"SearchAction\",\"target\":{\"@type\":\"EntryPoint\",\"urlTemplate\":\"https:\/\/www.hotel-lyon-grandhoteldesterreaux.fr\/es\/?s={search_term_string}\"},\"query-input\":{\"@type\":\"PropertyValueSpecification\",\"valueRequired\":true,\"valueName\":\"search_term_string\"}}],\"inLanguage\":\"es\"},{\"@type\":\"Organization\",\"@id\":\"https:\/\/www.hotel-lyon-grandhoteldesterreaux.fr\/es\/#organization\",\"name\":\"Grand H\u00f4tel des Terreaux\",\"url\":\"https:\/\/www.hotel-lyon-grandhoteldesterreaux.fr\/es\/\",\"logo\":{\"@type\":\"ImageObject\",\"inLanguage\":\"es\",\"@id\":\"https:\/\/www.hotel-lyon-grandhoteldesterreaux.fr\/es\/#\/schema\/logo\/image\/\",\"url\":\"https:\/\/www.hotel-lyon-grandhoteldesterreaux.fr\/wp-content\/uploads\/2021\/07\/ght-logo.png\",\"contentUrl\":\"https:\/\/www.hotel-lyon-grandhoteldesterreaux.fr\/wp-content\/uploads\/2021\/07\/ght-logo.png\",\"width\":400,\"height\":41,\"caption\":\"Grand H\u00f4tel des Terreaux\"},\"image\":{\"@id\":\"https:\/\/www.hotel-lyon-grandhoteldesterreaux.fr\/es\/#\/schema\/logo\/image\/\"}}]}<\/script>\n<!-- \/ Yoast SEO plugin. -->","yoast_head_json":{"title":"Seminarios - Grand H\u00f4tel des Terreaux","description":"Seminarios Lyon: \u00a1organice su seminario en el Grand H\u00f4tel des Terreaux! Benef\u00edciese de un alojamiento de lujo en el coraz\u00f3n de la ciudad y de un apoyo profesional.","robots":{"index":"index","follow":"follow","max-snippet":"max-snippet:-1","max-image-preview":"max-image-preview:large","max-video-preview":"max-video-preview:-1"},"canonical":"https:\/\/www.hotel-lyon-grandhoteldesterreaux.fr\/es\/seminario-lyon\/","og_locale":"es_ES","og_type":"article","og_title":"Seminarios - Grand H\u00f4tel des Terreaux","og_description":"Seminarios Lyon: \u00a1organice su seminario en el Grand H\u00f4tel des Terreaux! Benef\u00edciese de un alojamiento de lujo en el coraz\u00f3n de la ciudad y de un apoyo profesional.","og_url":"https:\/\/www.hotel-lyon-grandhoteldesterreaux.fr\/es\/seminario-lyon\/","og_site_name":"Grand H\u00f4tel des Terreaux","article_modified_time":"2023-10-24T06:36:30+00:00","og_image":[{"url":"https:\/\/www.hotel-lyon-grandhoteldesterreaux.fr\/wp-content\/uploads\/2021\/06\/seminaire-logo-maison-lacassagne.jpg","type":"","width":"","height":""}],"twitter_card":"summary_large_image","schema":{"@context":"https:\/\/schema.org","@graph":[{"@type":"WebPage","@id":"https:\/\/www.hotel-lyon-grandhoteldesterreaux.fr\/es\/seminario-lyon\/","url":"https:\/\/www.hotel-lyon-grandhoteldesterreaux.fr\/es\/seminario-lyon\/","name":"Seminarios - Grand H\u00f4tel des Terreaux","isPartOf":{"@id":"https:\/\/www.hotel-lyon-grandhoteldesterreaux.fr\/es\/#website"},"primaryImageOfPage":{"@id":"https:\/\/www.hotel-lyon-grandhoteldesterreaux.fr\/es\/seminario-lyon\/#primaryimage"},"image":{"@id":"https:\/\/www.hotel-lyon-grandhoteldesterreaux.fr\/es\/seminario-lyon\/#primaryimage"},"thumbnailUrl":"https:\/\/www.hotel-lyon-grandhoteldesterreaux.fr\/wp-content\/uploads\/2021\/06\/seminaire-logo-maison-lacassagne.jpg","datePublished":"2020-07-21T09:08:45+00:00","dateModified":"2023-10-24T06:36:30+00:00","description":"Seminarios Lyon: \u00a1organice su seminario en el Grand H\u00f4tel des Terreaux! Benef\u00edciese de un alojamiento de lujo en el coraz\u00f3n de la ciudad y de un apoyo profesional.","breadcrumb":{"@id":"https:\/\/www.hotel-lyon-grandhoteldesterreaux.fr\/es\/seminario-lyon\/#breadcrumb"},"inLanguage":"es","potentialAction":[{"@type":"ReadAction","target":["https:\/\/www.hotel-lyon-grandhoteldesterreaux.fr\/es\/seminario-lyon\/"]}]},{"@type":"ImageObject","inLanguage":"es","@id":"https:\/\/www.hotel-lyon-grandhoteldesterreaux.fr\/es\/seminario-lyon\/#primaryimage","url":"https:\/\/www.hotel-lyon-grandhoteldesterreaux.fr\/wp-content\/uploads\/2021\/06\/seminaire-logo-maison-lacassagne.jpg","contentUrl":"https:\/\/www.hotel-lyon-grandhoteldesterreaux.fr\/wp-content\/uploads\/2021\/06\/seminaire-logo-maison-lacassagne.jpg"},{"@type":"BreadcrumbList","@id":"https:\/\/www.hotel-lyon-grandhoteldesterreaux.fr\/es\/seminario-lyon\/#breadcrumb","itemListElement":[{"@type":"ListItem","position":1,"name":"Home","item":"https:\/\/www.hotel-lyon-grandhoteldesterreaux.fr\/es\/"},{"@type":"ListItem","position":2,"name":"Seminarios"}]},{"@type":"WebSite","@id":"https:\/\/www.hotel-lyon-grandhoteldesterreaux.fr\/es\/#website","url":"https:\/\/www.hotel-lyon-grandhoteldesterreaux.fr\/es\/","name":"Grand H\u00f4tel des Terreaux","description":"","publisher":{"@id":"https:\/\/www.hotel-lyon-grandhoteldesterreaux.fr\/es\/#organization"},"potentialAction":[{"@type":"SearchAction","target":{"@type":"EntryPoint","urlTemplate":"https:\/\/www.hotel-lyon-grandhoteldesterreaux.fr\/es\/?s={search_term_string}"},"query-input":{"@type":"PropertyValueSpecification","valueRequired":true,"valueName":"search_term_string"}}],"inLanguage":"es"},{"@type":"Organization","@id":"https:\/\/www.hotel-lyon-grandhoteldesterreaux.fr\/es\/#organization","name":"Grand H\u00f4tel des Terreaux","url":"https:\/\/www.hotel-lyon-grandhoteldesterreaux.fr\/es\/","logo":{"@type":"ImageObject","inLanguage":"es","@id":"https:\/\/www.hotel-lyon-grandhoteldesterreaux.fr\/es\/#\/schema\/logo\/image\/","url":"https:\/\/www.hotel-lyon-grandhoteldesterreaux.fr\/wp-content\/uploads\/2021\/07\/ght-logo.png","contentUrl":"https:\/\/www.hotel-lyon-grandhoteldesterreaux.fr\/wp-content\/uploads\/2021\/07\/ght-logo.png","width":400,"height":41,"caption":"Grand H\u00f4tel des Terreaux"},"image":{"@id":"https:\/\/www.hotel-lyon-grandhoteldesterreaux.fr\/es\/#\/schema\/logo\/image\/"}}]}},"_links":{"self":[{"href":"https:\/\/www.hotel-lyon-grandhoteldesterreaux.fr\/es\/wp-json\/wp\/v2\/pages\/1685","targetHints":{"allow":["GET"]}}],"collection":[{"href":"https:\/\/www.hotel-lyon-grandhoteldesterreaux.fr\/es\/wp-json\/wp\/v2\/pages"}],"about":[{"href":"https:\/\/www.hotel-lyon-grandhoteldesterreaux.fr\/es\/wp-json\/wp\/v2\/types\/page"}],"author":[{"embeddable":true,"href":"https:\/\/www.hotel-lyon-grandhoteldesterreaux.fr\/es\/wp-json\/wp\/v2\/users\/1"}],"replies":[{"embeddable":true,"href":"https:\/\/www.hotel-lyon-grandhoteldesterreaux.fr\/es\/wp-json\/wp\/v2\/comments?post=1685"}],"version-history":[{"count":12,"href":"https:\/\/www.hotel-lyon-grandhoteldesterreaux.fr\/es\/wp-json\/wp\/v2\/pages\/1685\/revisions"}],"predecessor-version":[{"id":11770,"href":"https:\/\/www.hotel-lyon-grandhoteldesterreaux.fr\/es\/wp-json\/wp\/v2\/pages\/1685\/revisions\/11770"}],"wp:attachment":[{"href":"https:\/\/www.hotel-lyon-grandhoteldesterreaux.fr\/es\/wp-json\/wp\/v2\/media?parent=1685"}],"curies":[{"name":"wp","href":"https:\/\/api.w.org\/{rel}","templated":true}]}}