{"id":1649,"date":"2020-07-21T11:08:32","date_gmt":"2020-07-21T09:08:32","guid":{"rendered":"https:\/\/www.hotel-lyon-grandhoteldesterreaux.fr\/sejour-a-lyon\/"},"modified":"2021-09-24T11:18:05","modified_gmt":"2021-09-24T09:18:05","slug":"estancia-en-lyon","status":"publish","type":"page","link":"https:\/\/www.hotel-lyon-grandhoteldesterreaux.fr\/es\/estancia-en-lyon\/","title":{"rendered":"Nuestras f\u00f3rmulas de estancia"},"content":{"rendered":"\n<div class=\"wp-block-group\"><div class=\"wp-block-group__inner-container is-layout-flow wp-block-group-is-layout-flow\">\n<div class=\"wp-block-create-block-title\" style=\"text-align:center\"><h2 class=\"title\" style=\"color:#242f3a;font-family:Caviar Dreams\">Nuestras f\u00f3rmulas de estancia para visitar Lyon<\/h2><\/div>\n\n\n\n<p>Para que disfrute al m\u00e1ximo de su experiencia durante su estancia en Lyon, nuestro Grand H\u00f4tel des Terreaux le ofrece f\u00f3rmulas especiales que le permitir\u00e1n visitar la ciudad de las luces mientras disfruta de las ventajas de nuestros socios lioneses. Ya sea que se quede con nosotros por negocios, para descubrir la cultura o para disfrutar de una escapada rom\u00e1ntica, no dude en explorar nuestras diferentes ofertas:<\/p>\n<\/div><\/div>\n\n\n    \n                    <div class=\"block-formule\">\n            <div class=\"row block-formule-header\">\n                <div class=\"col col4 block-formule-header-offer\">\n                    Oferta especial estancia en Lyon\n                <\/div>\n\n                <div class=\"col col8 block-formule-header-title\">\n                    <h2>City Card 4 d\u00edas\/4 noches incluida<\/h2>\n                <\/div>\n            <\/div>\n            <div class=\"row block-formule-content\">\n                <div class=\"col col4 block-formule-content-img\">\n                                            <div class=\"img\">\n                            <img decoding=\"async\" loading=\"lazy\" src=\"https:\/\/www.hotel-lyon-grandhoteldesterreaux.fr\/wp-content\/uploads\/2021\/05\/jill-salinger-grand-hotel-des-terreaux-marielle-besson-010911.jpg\" alt=\"\"\/>\n                        <\/div>\n                                    <\/div>\n                <div class=\"col col8 block-formule-content-paragraph\">\n                    <div class=\"block-formule-content-paragraph-content\">\n                                                    <!-- wp:group -->\n<div class=\"wp-block-group\"><!-- wp:create-block\/title {\"alignment\":\"center\",\"tagText\":\"h3\"} -->\n<div class=\"wp-block-create-block-title\" style=\"text-align:center\"><h3 class=\"title\" style=\"font-family:Caviar Dreams\"><strong>Venga a visitar Lyon con nuestra favorable oferta de estancia cultural de 4 d\u00edas con todo incluido<\/strong><\/h3><\/div>\n<!-- \/wp:create-block\/title -->\n\n<!-- wp:paragraph -->\n<p>Pasear por las callejuelas del Viejo Lyon con un gu\u00eda que le llevar\u00e1 por las \u201ctraboules\u201d m\u00e1s secretas, visitar los m\u00e1s bellos museos de arte, ciencia o historia, tomar el famoso transporte p\u00fablico a trav\u00e9s de la famosa \"Ficelle\" hasta la Bas\u00edlica de Fourvi\u00e8re o, por \u00faltimo, navegar por el Saona o el R\u00f3dano para visitar Lyon de la manera m\u00e1s at\u00edpica... la f\u00f3rmula Lyon City Card de 4 d\u00edas le permitir\u00e1 realizar una estancia muy completa en Lyon.<\/p>\n<!-- \/wp:paragraph --><\/div>\n<!-- \/wp:group -->\n                                            <\/div>\n                <\/div>\n            <\/div>\n\n                            <h3 class=\"subtitle-formule\">Esta estancia de 4 noches en Lyon incluye:<\/h3>\n\n                <div class=\"block-formule-tags\">\n                    <div class=\"block-formule-tags-content\">\n                        <div class=\"row\">\n                                                            <div class=\"block-formule-tags-item\">\n                                    <i class=\"ght-i ght-4-nuitees\"><\/i>\n                                    <h4>Alojamiento 4 noches<\/h4>\n                                <\/div>\n                                                            <div class=\"block-formule-tags-item\">\n                                    <i class=\"ght-i ght-petit-dejeuner\"><\/i>\n                                    <h4>Desayuno<\/h4>\n                                <\/div>\n                                                            <div class=\"block-formule-tags-item\">\n                                    <i class=\"ght-i ght-city-card-4-jours\"><\/i>\n                                    <h4>1 Lyon City Card para 4 d\u00edas por persona<\/h4>\n                                <\/div>\n                                                            <div class=\"block-formule-tags-item\">\n                                    <i class=\"ght-i ght-cadeau\"><\/i>\n                                    <h4>Un peque\u00f1o regalo de Lyon<\/h4>\n                                <\/div>\n                                                            <div class=\"block-formule-tags-item\">\n                                    <i class=\"ght-i ght-bassin\"><\/i>\n                                    <h4>Acceso a nuestra piscina y spa de 14h a 23h<\/h4>\n                                <\/div>\n                                                    <\/div>\n                    <\/div>\n\n                    <a class=\"btn btn-style2\" href=\"https:\/\/www.secure-hotel-booking.com\/Grand-Hotel-des-Terreaux\/J1G4\/dateselection?\" target=\"_blank\">Reserve esta oferta de estancia en Lyon<\/a>\n                <\/div>\n                    <\/div>\n                    <div class=\"block-formule\">\n            <div class=\"row block-formule-header\">\n                <div class=\"col col4 block-formule-header-offer\">\n                    Oferta especial estancia en Lyon\n                <\/div>\n\n                <div class=\"col col8 block-formule-header-title\">\n                    <h2>City Card 2 d\u00edas\/2 noches incluida<\/h2>\n                <\/div>\n            <\/div>\n            <div class=\"row block-formule-content\">\n                <div class=\"col col4 block-formule-content-img\">\n                                            <div class=\"img\">\n                            <img decoding=\"async\" loading=\"lazy\" src=\"https:\/\/www.hotel-lyon-grandhoteldesterreaux.fr\/wp-content\/uploads\/2021\/05\/jill-salinger-grand-hotel-des-terreaux-marielle-besson-010231.jpg\" alt=\"\"\/>\n                        <\/div>\n                                    <\/div>\n                <div class=\"col col8 block-formule-content-paragraph\">\n                    <div class=\"block-formule-content-paragraph-content\">\n                                                    <!-- wp:group -->\n<div class=\"wp-block-group\"><!-- wp:create-block\/title {\"alignment\":\"center\",\"tagText\":\"h3\"} -->\n<div class=\"wp-block-create-block-title\" style=\"text-align:center\"><h3 class=\"title\" style=\"font-family:Caviar Dreams\"><strong>Venga a visitar Lyon con nuestra ventajosa oferta de estancia cultural de 2 d\u00edas con todo incluido<\/strong><\/h3><\/div>\n<!-- \/wp:create-block\/title -->\n\n<!-- wp:paragraph -->\n<p>Pasee por las estrechas calles del barrio del Viejo Lyon con su gu\u00eda que le llevar\u00e1 por las \u201ctraboules\u201d m\u00e1s secretas, visite los m\u00e1s bellos museos de arte, ciencia o historia, tome el famoso transporte p\u00fablico a trav\u00e9s de la famosa \"Ficelle\", o finalmente navegue por la ciudad de Lyon por el Saona o el R\u00f3dano para visitar Lyon de una forma at\u00edpica... la f\u00f3rmula Lyon City Card de 2 d\u00edas har\u00e1 que su estancia en Lyon sea muy agradable.<\/p>\n<!-- \/wp:paragraph --><\/div>\n<!-- \/wp:group -->\n                                            <\/div>\n                <\/div>\n            <\/div>\n\n                            <h3 class=\"subtitle-formule\">Esta estancia de 2 noches en Lyon incluye: <\/h3>\n\n                <div class=\"block-formule-tags\">\n                    <div class=\"block-formule-tags-content\">\n                        <div class=\"row\">\n                                                            <div class=\"block-formule-tags-item\">\n                                    <i class=\"ght-i ght-petit-dejeuner\"><\/i>\n                                    <h4>Desayuno<\/h4>\n                                <\/div>\n                                                            <div class=\"block-formule-tags-item\">\n                                    <i class=\"ght-i ght-cadeau\"><\/i>\n                                    <h4>Un peque\u00f1o regalo de Lyon<\/h4>\n                                <\/div>\n                                                            <div class=\"block-formule-tags-item\">\n                                    <i class=\"ght-i ght-bassin\"><\/i>\n                                    <h4>Acceso a nuestra piscina y spa de 14h a 23h<\/h4>\n                                <\/div>\n                                                            <div class=\"block-formule-tags-item\">\n                                    <i class=\"ght-i ght-2-nuitees\"><\/i>\n                                    <h4>Alojamiento 2 noches<\/h4>\n                                <\/div>\n                                                            <div class=\"block-formule-tags-item\">\n                                    <i class=\"ght-i ght-city-card\"><\/i>\n                                    <h4>1 Lyon City Card para 2 d\u00edas por persona<\/h4>\n                                <\/div>\n                                                    <\/div>\n                    <\/div>\n\n                    <a class=\"btn btn-style2\" href=\"https:\/\/www.secure-hotel-booking.com\/Grand-Hotel-des-Terreaux\/J1G4\/dateselection?\" target=\"_blank\">Reserve esta oferta de estancia en Lyon<\/a>\n                <\/div>\n                    <\/div>\n                    <div class=\"block-formule\">\n            <div class=\"row block-formule-header\">\n                <div class=\"col col4 block-formule-header-offer\">\n                    Oferta especial estancia en Lyon\n                <\/div>\n\n                <div class=\"col col8 block-formule-header-title\">\n                    <h2>Fin de semana rom\u00e1ntico para 2<\/h2>\n                <\/div>\n            <\/div>\n            <div class=\"row block-formule-content\">\n                <div class=\"col col4 block-formule-content-img\">\n                                            <div class=\"img\">\n                            <img decoding=\"async\" loading=\"lazy\" src=\"https:\/\/www.hotel-lyon-grandhoteldesterreaux.fr\/wp-content\/uploads\/2021\/05\/jill-salinger-grand-hotel-des-terreaux-marielle-besson-010561.jpg\" alt=\"\"\/>\n                        <\/div>\n                                    <\/div>\n                <div class=\"col col8 block-formule-content-paragraph\">\n                    <div class=\"block-formule-content-paragraph-content\">\n                                                    <!-- wp:group -->\n<div class=\"wp-block-group\"><!-- wp:create-block\/title {\"alignment\":\"center\",\"tagText\":\"h3\"} -->\n<div class=\"wp-block-create-block-title\" style=\"text-align:center\"><h3 class=\"title\" style=\"font-family:Caviar Dreams\"><strong>Venga a visitar la ciudad para un fin de semana rom\u00e1ntico en Lyon<\/strong><\/h3><\/div>\n<!-- \/wp:create-block\/title -->\n\n<!-- wp:paragraph -->\n<p>Lyon, capital de la gastronom\u00eda francesa, ofrece muchas oportunidades para disfrutar de una visita rom\u00e1ntica a Lyon entre enamorados.&nbsp;<\/p>\n<!-- \/wp:paragraph -->\n\n<!-- wp:paragraph -->\n<p>Disfrute del confort y la elegancia de una de nuestras habitaciones superiores para una estancia apasionante en la m\u00e1s absoluta intimidad.<\/p>\n<!-- \/wp:paragraph --><\/div>\n<!-- \/wp:group -->\n                                            <\/div>\n                <\/div>\n            <\/div>\n\n                            <h3 class=\"subtitle-formule\">Esta f\u00f3rmula incluye una estancia rom\u00e1ntica en Lyon: <\/h3>\n\n                <div class=\"block-formule-tags\">\n                    <div class=\"block-formule-tags-content\">\n                        <div class=\"row\">\n                                                            <div class=\"block-formule-tags-item\">\n                                    <i class=\"ght-i ght-bassin\"><\/i>\n                                    <h4>Acceso a nuestra piscina y spa de 14h a 23h<\/h4>\n                                <\/div>\n                                                            <div class=\"block-formule-tags-item\">\n                                    <i class=\"ght-i ght-hebergement-chambre-superieur\"><\/i>\n                                    <h4>Alojamiento en una habitaci\u00f3n superior (mejora sujeta a disponibilidad)<\/h4>\n                                <\/div>\n                                                            <div class=\"block-formule-tags-item\">\n                                    <i class=\"ght-i ght-love-box\"><\/i>\n                                    <h4>Una Love Box &#034;Tentaci\u00f3n&#034;<\/h4>\n                                <\/div>\n                                                            <div class=\"block-formule-tags-item\">\n                                    <i class=\"ght-i ght-champagne\"><\/i>\n                                    <h4>1\/2 botella de champ\u00e1n<\/h4>\n                                <\/div>\n                                                    <\/div>\n                    <\/div>\n\n                    <a class=\"btn btn-style2\" href=\"https:\/\/www.secure-hotel-booking.com\/Grand-Hotel-des-Terreaux\/J1G4\/dateselection?\" target=\"_blank\">Reserve esta oferta de estancia en Lyon<\/a>\n                <\/div>\n                    <\/div>\n                    <div class=\"block-formule\">\n            <div class=\"row block-formule-header\">\n                <div class=\"col col4 block-formule-header-offer\">\n                    Oferta b\u00e1sica de estancia en Lyon\n                <\/div>\n\n                <div class=\"col col8 block-formule-header-title\">\n                    <h2>Alojamiento s\u00f3lo<\/h2>\n                <\/div>\n            <\/div>\n            <div class=\"row block-formule-content\">\n                <div class=\"col col4 block-formule-content-img\">\n                                            <div class=\"block-formule-content-img-content\">\n                            <!-- wp:group -->\n<div class=\"wp-block-group\"><!-- wp:create-block\/title {\"alignment\":\"center\",\"tagText\":\"h3\"} -->\n<div class=\"wp-block-create-block-title\" style=\"text-align:center\"><h3 class=\"title\" style=\"font-family:Caviar Dreams\"><strong>Escriba su propio viaje a medida en Lyon<\/strong><\/h3><\/div>\n<!-- \/wp:create-block\/title -->\n\n<!-- wp:paragraph -->\n<p>Los precios de nuestras habitaciones se pueden encontrar <a href=\"https:\/\/www.hotel-lyon-grandhoteldesterreaux.fr\/es\/habitaciones\/\" data-type=\"page\" data-id=\"1689\">aqu\u00ed<\/a> e incluyen<\/p>\n<!-- \/wp:paragraph --><\/div>\n<!-- \/wp:group -->\n\n<!-- wp:paragraph -->\n<p><\/p>\n<!-- \/wp:paragraph -->\n                        <\/div>\n                                    <\/div>\n                <div class=\"col col8 block-formule-content-paragraph\">\n                    <div class=\"block-formule-content-paragraph-content\">\n                                                    <div class=\"block-formule-tags\">\n                                <div class=\"block-formule-tags-content\">\n                                    <div class=\"row\">\n                                                                                <div class=\"block-formule-tags-item\">\n                                            <i class=\"ght-i ght-bassin\"><\/i>\n                                            <h4>Acceso a nuestra piscina y spa de 14h a 23h<\/h4>\n                                        <\/div>\n                                                                                <div class=\"block-formule-tags-item\">\n                                            <i class=\"ght-i ght-1-nuitee\"><\/i>\n                                            <h4>H\u00e9bergement<\/h4>\n                                        <\/div>\n                                                                                <div class=\"block-formule-tags-item\">\n                                            <i class=\"ght-i ght-wifi\"><\/i>\n                                            <h4>Internet Wifi gratis<\/h4>\n                                        <\/div>\n                                                                            <\/div>\n                                <\/div>\n\n                                <a class=\"btn btn-style2\" href=\"https:\/\/www.secure-hotel-booking.com\/Grand-Hotel-des-Terreaux\/J1G4\/dateselection?\" target=\"_blank\">Reserve esta oferta de estancia en Lyon<\/a>\n                            <\/div>\n                                            <\/div>\n                <\/div>\n            <\/div>\n\n                    <\/div>\n    \n\n\n\n<p class=\"has-text-align-center has-light-background-color has-background\">Pago en el hotel.<br>Cambios y cancelaciones gratuitos hasta las 12h del d\u00eda de llegada.<\/p>\n","protected":false},"excerpt":{"rendered":"<p>Para que disfrute al m\u00e1ximo de su experiencia durante su estancia en Lyon, nuestro Grand H\u00f4tel des Terreaux le ofrece f\u00f3rmulas especiales que le permitir\u00e1n visitar la ciudad de las luces mientras disfruta de las ventajas de nuestros socios lioneses. Ya sea que se quede con nosotros por negocios, para descubrir la cultura o para [&hellip;]<\/p>\n","protected":false},"author":1,"featured_media":0,"parent":0,"menu_order":0,"comment_status":"closed","ping_status":"closed","template":"template-formule.php","meta":{"pgc_sgb_lightbox_settings":"","footnotes":""},"class_list":["post-1649","page","type-page","status-publish","hentry"],"yoast_head":"<!-- This site is optimized with the Yoast SEO plugin v27.0 - https:\/\/yoast.com\/product\/yoast-seo-wordpress\/ -->\n<title>Nuestras f\u00f3rmulas de estancia - Grand H\u00f4tel des Terreaux<\/title>\n<meta name=\"description\" content=\"Al\u00f3jese en Lyon: descubra todas las opciones de estancias profesionales o tur\u00edsticas en el Grand H\u00f4tel des terreaux, situado en el coraz\u00f3n de la ciudad.\" \/>\n<meta name=\"robots\" content=\"index, follow, max-snippet:-1, max-image-preview:large, max-video-preview:-1\" \/>\n<link rel=\"canonical\" href=\"https:\/\/www.hotel-lyon-grandhoteldesterreaux.fr\/es\/estancia-en-lyon\/\" \/>\n<meta property=\"og:locale\" content=\"es_ES\" \/>\n<meta property=\"og:type\" content=\"article\" \/>\n<meta property=\"og:title\" content=\"Nuestras f\u00f3rmulas de estancia - Grand H\u00f4tel des Terreaux\" \/>\n<meta property=\"og:description\" content=\"Al\u00f3jese en Lyon: descubra todas las opciones de estancias profesionales o tur\u00edsticas en el Grand H\u00f4tel des terreaux, situado en el coraz\u00f3n de la ciudad.\" \/>\n<meta property=\"og:url\" content=\"https:\/\/www.hotel-lyon-grandhoteldesterreaux.fr\/es\/estancia-en-lyon\/\" \/>\n<meta property=\"og:site_name\" content=\"Grand H\u00f4tel des Terreaux\" \/>\n<meta property=\"article:modified_time\" content=\"2021-09-24T09:18:05+00:00\" \/>\n<meta name=\"twitter:card\" content=\"summary_large_image\" \/>\n<script type=\"application\/ld+json\" class=\"yoast-schema-graph\">{\"@context\":\"https:\/\/schema.org\",\"@graph\":[{\"@type\":\"WebPage\",\"@id\":\"https:\/\/www.hotel-lyon-grandhoteldesterreaux.fr\/es\/estancia-en-lyon\/\",\"url\":\"https:\/\/www.hotel-lyon-grandhoteldesterreaux.fr\/es\/estancia-en-lyon\/\",\"name\":\"Nuestras f\u00f3rmulas de estancia - Grand H\u00f4tel des Terreaux\",\"isPartOf\":{\"@id\":\"https:\/\/www.hotel-lyon-grandhoteldesterreaux.fr\/es\/#website\"},\"datePublished\":\"2020-07-21T09:08:32+00:00\",\"dateModified\":\"2021-09-24T09:18:05+00:00\",\"description\":\"Al\u00f3jese en Lyon: descubra todas las opciones de estancias profesionales o tur\u00edsticas en el Grand H\u00f4tel des terreaux, situado en el coraz\u00f3n de la ciudad.\",\"breadcrumb\":{\"@id\":\"https:\/\/www.hotel-lyon-grandhoteldesterreaux.fr\/es\/estancia-en-lyon\/#breadcrumb\"},\"inLanguage\":\"es\",\"potentialAction\":[{\"@type\":\"ReadAction\",\"target\":[\"https:\/\/www.hotel-lyon-grandhoteldesterreaux.fr\/es\/estancia-en-lyon\/\"]}]},{\"@type\":\"BreadcrumbList\",\"@id\":\"https:\/\/www.hotel-lyon-grandhoteldesterreaux.fr\/es\/estancia-en-lyon\/#breadcrumb\",\"itemListElement\":[{\"@type\":\"ListItem\",\"position\":1,\"name\":\"Home\",\"item\":\"https:\/\/www.hotel-lyon-grandhoteldesterreaux.fr\/es\/\"},{\"@type\":\"ListItem\",\"position\":2,\"name\":\"Nuestras f\u00f3rmulas de estancia\"}]},{\"@type\":\"WebSite\",\"@id\":\"https:\/\/www.hotel-lyon-grandhoteldesterreaux.fr\/es\/#website\",\"url\":\"https:\/\/www.hotel-lyon-grandhoteldesterreaux.fr\/es\/\",\"name\":\"Grand H\u00f4tel des Terreaux\",\"description\":\"\",\"publisher\":{\"@id\":\"https:\/\/www.hotel-lyon-grandhoteldesterreaux.fr\/es\/#organization\"},\"potentialAction\":[{\"@type\":\"SearchAction\",\"target\":{\"@type\":\"EntryPoint\",\"urlTemplate\":\"https:\/\/www.hotel-lyon-grandhoteldesterreaux.fr\/es\/?s={search_term_string}\"},\"query-input\":{\"@type\":\"PropertyValueSpecification\",\"valueRequired\":true,\"valueName\":\"search_term_string\"}}],\"inLanguage\":\"es\"},{\"@type\":\"Organization\",\"@id\":\"https:\/\/www.hotel-lyon-grandhoteldesterreaux.fr\/es\/#organization\",\"name\":\"Grand H\u00f4tel des Terreaux\",\"url\":\"https:\/\/www.hotel-lyon-grandhoteldesterreaux.fr\/es\/\",\"logo\":{\"@type\":\"ImageObject\",\"inLanguage\":\"es\",\"@id\":\"https:\/\/www.hotel-lyon-grandhoteldesterreaux.fr\/es\/#\/schema\/logo\/image\/\",\"url\":\"https:\/\/www.hotel-lyon-grandhoteldesterreaux.fr\/wp-content\/uploads\/2021\/07\/ght-logo.png\",\"contentUrl\":\"https:\/\/www.hotel-lyon-grandhoteldesterreaux.fr\/wp-content\/uploads\/2021\/07\/ght-logo.png\",\"width\":400,\"height\":41,\"caption\":\"Grand H\u00f4tel des Terreaux\"},\"image\":{\"@id\":\"https:\/\/www.hotel-lyon-grandhoteldesterreaux.fr\/es\/#\/schema\/logo\/image\/\"}}]}<\/script>\n<!-- \/ Yoast SEO plugin. -->","yoast_head_json":{"title":"Nuestras f\u00f3rmulas de estancia - Grand H\u00f4tel des Terreaux","description":"Al\u00f3jese en Lyon: descubra todas las opciones de estancias profesionales o tur\u00edsticas en el Grand H\u00f4tel des terreaux, situado en el coraz\u00f3n de la ciudad.","robots":{"index":"index","follow":"follow","max-snippet":"max-snippet:-1","max-image-preview":"max-image-preview:large","max-video-preview":"max-video-preview:-1"},"canonical":"https:\/\/www.hotel-lyon-grandhoteldesterreaux.fr\/es\/estancia-en-lyon\/","og_locale":"es_ES","og_type":"article","og_title":"Nuestras f\u00f3rmulas de estancia - Grand H\u00f4tel des Terreaux","og_description":"Al\u00f3jese en Lyon: descubra todas las opciones de estancias profesionales o tur\u00edsticas en el Grand H\u00f4tel des terreaux, situado en el coraz\u00f3n de la ciudad.","og_url":"https:\/\/www.hotel-lyon-grandhoteldesterreaux.fr\/es\/estancia-en-lyon\/","og_site_name":"Grand H\u00f4tel des Terreaux","article_modified_time":"2021-09-24T09:18:05+00:00","twitter_card":"summary_large_image","schema":{"@context":"https:\/\/schema.org","@graph":[{"@type":"WebPage","@id":"https:\/\/www.hotel-lyon-grandhoteldesterreaux.fr\/es\/estancia-en-lyon\/","url":"https:\/\/www.hotel-lyon-grandhoteldesterreaux.fr\/es\/estancia-en-lyon\/","name":"Nuestras f\u00f3rmulas de estancia - Grand H\u00f4tel des Terreaux","isPartOf":{"@id":"https:\/\/www.hotel-lyon-grandhoteldesterreaux.fr\/es\/#website"},"datePublished":"2020-07-21T09:08:32+00:00","dateModified":"2021-09-24T09:18:05+00:00","description":"Al\u00f3jese en Lyon: descubra todas las opciones de estancias profesionales o tur\u00edsticas en el Grand H\u00f4tel des terreaux, situado en el coraz\u00f3n de la ciudad.","breadcrumb":{"@id":"https:\/\/www.hotel-lyon-grandhoteldesterreaux.fr\/es\/estancia-en-lyon\/#breadcrumb"},"inLanguage":"es","potentialAction":[{"@type":"ReadAction","target":["https:\/\/www.hotel-lyon-grandhoteldesterreaux.fr\/es\/estancia-en-lyon\/"]}]},{"@type":"BreadcrumbList","@id":"https:\/\/www.hotel-lyon-grandhoteldesterreaux.fr\/es\/estancia-en-lyon\/#breadcrumb","itemListElement":[{"@type":"ListItem","position":1,"name":"Home","item":"https:\/\/www.hotel-lyon-grandhoteldesterreaux.fr\/es\/"},{"@type":"ListItem","position":2,"name":"Nuestras f\u00f3rmulas de estancia"}]},{"@type":"WebSite","@id":"https:\/\/www.hotel-lyon-grandhoteldesterreaux.fr\/es\/#website","url":"https:\/\/www.hotel-lyon-grandhoteldesterreaux.fr\/es\/","name":"Grand H\u00f4tel des Terreaux","description":"","publisher":{"@id":"https:\/\/www.hotel-lyon-grandhoteldesterreaux.fr\/es\/#organization"},"potentialAction":[{"@type":"SearchAction","target":{"@type":"EntryPoint","urlTemplate":"https:\/\/www.hotel-lyon-grandhoteldesterreaux.fr\/es\/?s={search_term_string}"},"query-input":{"@type":"PropertyValueSpecification","valueRequired":true,"valueName":"search_term_string"}}],"inLanguage":"es"},{"@type":"Organization","@id":"https:\/\/www.hotel-lyon-grandhoteldesterreaux.fr\/es\/#organization","name":"Grand H\u00f4tel des Terreaux","url":"https:\/\/www.hotel-lyon-grandhoteldesterreaux.fr\/es\/","logo":{"@type":"ImageObject","inLanguage":"es","@id":"https:\/\/www.hotel-lyon-grandhoteldesterreaux.fr\/es\/#\/schema\/logo\/image\/","url":"https:\/\/www.hotel-lyon-grandhoteldesterreaux.fr\/wp-content\/uploads\/2021\/07\/ght-logo.png","contentUrl":"https:\/\/www.hotel-lyon-grandhoteldesterreaux.fr\/wp-content\/uploads\/2021\/07\/ght-logo.png","width":400,"height":41,"caption":"Grand H\u00f4tel des Terreaux"},"image":{"@id":"https:\/\/www.hotel-lyon-grandhoteldesterreaux.fr\/es\/#\/schema\/logo\/image\/"}}]}},"_links":{"self":[{"href":"https:\/\/www.hotel-lyon-grandhoteldesterreaux.fr\/es\/wp-json\/wp\/v2\/pages\/1649","targetHints":{"allow":["GET"]}}],"collection":[{"href":"https:\/\/www.hotel-lyon-grandhoteldesterreaux.fr\/es\/wp-json\/wp\/v2\/pages"}],"about":[{"href":"https:\/\/www.hotel-lyon-grandhoteldesterreaux.fr\/es\/wp-json\/wp\/v2\/types\/page"}],"author":[{"embeddable":true,"href":"https:\/\/www.hotel-lyon-grandhoteldesterreaux.fr\/es\/wp-json\/wp\/v2\/users\/1"}],"replies":[{"embeddable":true,"href":"https:\/\/www.hotel-lyon-grandhoteldesterreaux.fr\/es\/wp-json\/wp\/v2\/comments?post=1649"}],"version-history":[{"count":4,"href":"https:\/\/www.hotel-lyon-grandhoteldesterreaux.fr\/es\/wp-json\/wp\/v2\/pages\/1649\/revisions"}],"predecessor-version":[{"id":1829,"href":"https:\/\/www.hotel-lyon-grandhoteldesterreaux.fr\/es\/wp-json\/wp\/v2\/pages\/1649\/revisions\/1829"}],"wp:attachment":[{"href":"https:\/\/www.hotel-lyon-grandhoteldesterreaux.fr\/es\/wp-json\/wp\/v2\/media?parent=1649"}],"curies":[{"name":"wp","href":"https:\/\/api.w.org\/{rel}","templated":true}]}}