{"id":1674,"date":"2020-07-21T11:09:48","date_gmt":"2020-07-21T09:09:48","guid":{"rendered":"https:\/\/www.hotel-lyon-grandhoteldesterreaux.fr\/acces\/"},"modified":"2021-09-06T15:26:53","modified_gmt":"2021-09-06T13:26:53","slug":"acces","status":"publish","type":"page","link":"https:\/\/www.hotel-lyon-grandhoteldesterreaux.fr\/en\/acces\/","title":{"rendered":"Access"},"content":{"rendered":"\n<div class=\"wp-block-group\"><div class=\"wp-block-group__inner-container is-layout-flow wp-block-group-is-layout-flow\">\n<div class=\"wp-block-create-block-title\" style=\"text-align:center\"><h1 class=\"title\" style=\"font-family:Caviar Dreams\">Access : how to reach us ?<\/h1><\/div>\n<\/div><\/div>\n\n\n\n<div class=\"wp-block-columns has-background has-light-background-color is-layout-flex wp-container-core-columns-is-layout-9d6595d7 wp-block-columns-is-layout-flex\">\n<div class=\"wp-block-column bg-style6 is-layout-flow wp-block-column-is-layout-flow\">\n<div class=\"wp-block-create-block-title\" style=\"text-align:center\"><h2 class=\"title\" style=\"font-family:Caviar Dreams\">By car<\/h2><\/div>\n\n\n\n<div class=\"wp-block-image\"><figure class=\"aligncenter size-large\"><img loading=\"lazy\" decoding=\"async\" width=\"400\" height=\"51\" src=\"https:\/\/www.hotel-lyon-grandhoteldesterreaux.fr\/wp-content\/uploads\/2021\/05\/separateur.png\" alt=\"\" class=\"wp-image-426\" srcset=\"https:\/\/www.hotel-lyon-grandhoteldesterreaux.fr\/wp-content\/uploads\/2021\/05\/separateur.png 400w, https:\/\/www.hotel-lyon-grandhoteldesterreaux.fr\/wp-content\/uploads\/2021\/05\/separateur-300x38.png 300w\" sizes=\"auto, (max-width: 400px) 100vw, 400px\" \/><\/figure><\/div>\n\n\n\n<div class=\"wp-block-create-block-gmap\"><div id=\"block-maps\"><div class=\"block-maps-content\"><div class=\"iframe\"><iframe loading=\"lazy\" src=\"https:\/\/snazzymaps.com\/embed\/328903\" width=\"100%\" height=\"400px\"><\/iframe><\/div><a href=\"https:\/\/www.google.com\/maps\/dir\/\/Grand+H%C3%B4tel+Des+Terreaux,+16+Rue+Lanterne,+69001+Lyon\/@45.7663377,4.8294783,17z\/data=!4m9!4m8!1m0!1m5!1m1!1s0x47f4eaffb2ee130d:0x9709d5e925430bff!2m2!1d4.831667!2d45.766334!3e0\" class=\"btn btn-style2\">Calculate your itinerary<\/a><\/div><\/div><\/div>\n<\/div>\n<\/div>\n\n\n\n<div class=\"wp-block-group\"><div class=\"wp-block-group__inner-container is-layout-flow wp-block-group-is-layout-flow\">\n<div class=\"wp-block-create-block-title\" style=\"text-align:center\"><h2 class=\"title\" style=\"font-family:Caviar Dreams\">By public transport<\/h2><\/div>\n\n\n\n<div class=\"wp-block-image\"><figure class=\"aligncenter size-large\"><img loading=\"lazy\" decoding=\"async\" width=\"400\" height=\"51\" src=\"https:\/\/www.hotel-lyon-grandhoteldesterreaux.fr\/wp-content\/uploads\/2021\/05\/separateur.png\" alt=\"\" class=\"wp-image-426\" srcset=\"https:\/\/www.hotel-lyon-grandhoteldesterreaux.fr\/wp-content\/uploads\/2021\/05\/separateur.png 400w, https:\/\/www.hotel-lyon-grandhoteldesterreaux.fr\/wp-content\/uploads\/2021\/05\/separateur-300x38.png 300w\" sizes=\"auto, (max-width: 400px) 100vw, 400px\" \/><\/figure><\/div>\n\n\n\n<div class=\"wp-block-columns is-layout-flex wp-container-core-columns-is-layout-9d6595d7 wp-block-columns-is-layout-flex\">\n<div class=\"wp-block-column is-layout-flow wp-block-column-is-layout-flow\">\n<div class=\"wp-block-columns are-vertically-aligned-top cols-same-height has-blue-light-background-color has-background is-layout-flex wp-container-core-columns-is-layout-9d6595d7 wp-block-columns-is-layout-flex\">\n<div class=\"wp-block-column is-vertically-aligned-top is-layout-flow wp-block-column-is-layout-flow\">\n<div class=\"wp-block-create-block-title\" style=\"text-align:center\"><h3 class=\"title\" style=\"font-family:Caviar Dreams\">From the train station<br>Lyon Perrache<\/h3><\/div>\n\n\n\n<div class=\"wp-block-image\"><figure class=\"aligncenter size-large\"><img loading=\"lazy\" decoding=\"async\" width=\"400\" height=\"51\" src=\"https:\/\/www.hotel-lyon-grandhoteldesterreaux.fr\/wp-content\/uploads\/2021\/05\/separateur.png\" alt=\"\" class=\"wp-image-426\" srcset=\"https:\/\/www.hotel-lyon-grandhoteldesterreaux.fr\/wp-content\/uploads\/2021\/05\/separateur.png 400w, https:\/\/www.hotel-lyon-grandhoteldesterreaux.fr\/wp-content\/uploads\/2021\/05\/separateur-300x38.png 300w\" sizes=\"auto, (max-width: 400px) 100vw, 400px\" \/><\/figure><\/div>\n\n\n\n<div class=\"wp-block-create-block-title\" style=\"text-align:center\"><h4 class=\"title\" style=\"font-family:Caviar Dreams\">(15 mn)<br><\/h4><\/div>\n\n\n\n<ul class=\"wp-block-list\"><li>Take the metro line A towards Vaulx-en-Velin La Soie.<\/li><li>Get off at the H\u00f4tel de Ville stop. Take rue Joseph Serlin towards Place Terreaux.<\/li><li>Walk along the Mus\u00e9e des Beaux-Arts.<\/li><li>Continue on rue Constantine.<\/li><li>Take the 1st left: rue Lanterne. The Grand H\u00f4tel des Terreaux is at number 16.<\/li><\/ul>\n<\/div>\n<\/div>\n\n\n\n<div class=\"wp-block-columns are-vertically-aligned-top cols-same-height has-background is-layout-flex wp-container-core-columns-is-layout-9d6595d7 wp-block-columns-is-layout-flex\" style=\"background-color:#c7bcaf\">\n<div class=\"wp-block-column is-vertically-aligned-top is-layout-flow wp-block-column-is-layout-flow\">\n<div class=\"wp-block-create-block-title\" style=\"text-align:center\"><h3 class=\"title\" style=\"font-family:Caviar Dreams\">From the Airport<br>St Exupery Airport<\/h3><\/div>\n\n\n\n<div class=\"wp-block-image\"><figure class=\"aligncenter size-large\"><img loading=\"lazy\" decoding=\"async\" width=\"400\" height=\"51\" src=\"https:\/\/www.hotel-lyon-grandhoteldesterreaux.fr\/wp-content\/uploads\/2021\/05\/separateur.png\" alt=\"\" class=\"wp-image-426\" srcset=\"https:\/\/www.hotel-lyon-grandhoteldesterreaux.fr\/wp-content\/uploads\/2021\/05\/separateur.png 400w, https:\/\/www.hotel-lyon-grandhoteldesterreaux.fr\/wp-content\/uploads\/2021\/05\/separateur-300x38.png 300w\" sizes=\"auto, (max-width: 400px) 100vw, 400px\" \/><\/figure><\/div>\n\n\n\n<div class=\"wp-block-create-block-title\" style=\"text-align:center\"><h4 class=\"title\" style=\"font-family:Caviar Dreams\">(50 mn)<br><\/h4><\/div>\n\n\n\n<ul class=\"wp-block-list\"><li>Take the Rh\u00f4ne Express to Vaulx-en-Velin La Soie.<\/li><li>Take the metro line A towards Perrrache.<\/li><li>Get off at the H\u00f4tel de Ville stop.<\/li><li>Take rue Joseph Serlin towards Place Terreaux.<\/li><li>Walk along the Mus\u00e9e des Beaux-Arts.<\/li><li>Continue on rue Constantine.<\/li><li>Take the 1st left: rue Lanterne. The Grand H\u00f4tel des Terreaux is at number 16.<\/li><\/ul>\n<\/div>\n<\/div>\n<\/div>\n\n\n\n<div class=\"wp-block-column is-layout-flow wp-block-column-is-layout-flow\">\n<div class=\"wp-block-columns cols-same-height has-background is-layout-flex wp-container-core-columns-is-layout-9d6595d7 wp-block-columns-is-layout-flex\" style=\"background-color:#c4b6a7\">\n<div class=\"wp-block-column is-layout-flow wp-block-column-is-layout-flow\">\n<div class=\"wp-block-create-block-title\" style=\"text-align:center\"><h3 class=\"title\" style=\"font-family:Caviar Dreams\">From the train station<br>Lyon Part-Dieu<\/h3><\/div>\n\n\n\n<div class=\"wp-block-image\"><figure class=\"aligncenter size-large\"><img loading=\"lazy\" decoding=\"async\" width=\"400\" height=\"51\" src=\"https:\/\/www.hotel-lyon-grandhoteldesterreaux.fr\/wp-content\/uploads\/2021\/05\/separateur.png\" alt=\"\" class=\"wp-image-426\" srcset=\"https:\/\/www.hotel-lyon-grandhoteldesterreaux.fr\/wp-content\/uploads\/2021\/05\/separateur.png 400w, https:\/\/www.hotel-lyon-grandhoteldesterreaux.fr\/wp-content\/uploads\/2021\/05\/separateur-300x38.png 300w\" sizes=\"auto, (max-width: 400px) 100vw, 400px\" \/><\/figure><\/div>\n\n\n\n<div class=\"wp-block-create-block-title\" style=\"text-align:center\"><h4 class=\"title\" style=\"font-family:Caviar Dreams\">(22 mn)<br><\/h4><\/div>\n\n\n\n<ul class=\"wp-block-list\"><li>Take the trolley-bus C13 direction Montessuy Gutenberg.<\/li><li>Get off at the Terreaux stop.<\/li><li>Continue straight ahead to reach rue Lanterne.<\/li><li>Turn left: the Grand H\u00f4tel des Terreaux is at n\u00b016<\/li><\/ul>\n<\/div>\n<\/div>\n\n\n\n<div class=\"wp-block-columns cols-same-height has-blue-light-background-color has-background is-layout-flex wp-container-core-columns-is-layout-9d6595d7 wp-block-columns-is-layout-flex\">\n<div class=\"wp-block-column is-layout-flow wp-block-column-is-layout-flow\">\n<div class=\"wp-block-create-block-title\" style=\"text-align:center\"><h3 class=\"title\" style=\"font-family:Caviar Dreams\">From the Cit\u00e9<br>Internationale<\/h3><\/div>\n\n\n\n<div class=\"wp-block-image\"><figure class=\"aligncenter size-large\"><img loading=\"lazy\" decoding=\"async\" width=\"400\" height=\"51\" src=\"https:\/\/www.hotel-lyon-grandhoteldesterreaux.fr\/wp-content\/uploads\/2021\/05\/separateur.png\" alt=\"\" class=\"wp-image-426\" srcset=\"https:\/\/www.hotel-lyon-grandhoteldesterreaux.fr\/wp-content\/uploads\/2021\/05\/separateur.png 400w, https:\/\/www.hotel-lyon-grandhoteldesterreaux.fr\/wp-content\/uploads\/2021\/05\/separateur-300x38.png 300w\" sizes=\"auto, (max-width: 400px) 100vw, 400px\" \/><\/figure><\/div>\n\n\n\n<div class=\"wp-block-create-block-title\" style=\"text-align:center\"><h4 class=\"title\" style=\"font-family:Caviar Dreams\">(25 mn)<br><\/h4><\/div>\n\n\n\n<ul class=\"wp-block-list\"><li>Take the trolley-bus C5 direction Bellecour.<\/li><li>Get off at the H\u00f4tel de Ville stop.<\/li><li>Cross Place Louis Pradel in the direction of the Opera.<\/li><li>Take rue Joseph Serlin (to the left of the H\u00f4tel de Ville) towards Place des Terreaux.<\/li><li>Walk along the Mus\u00e9e des Beaux-Arts.<\/li><li>Continue on rue Constantine.<\/li><li>Take the 1st left: rue Lanterne. The Grand H\u00f4tel des Terreaux is at number 16.<\/li><\/ul>\n<\/div>\n<\/div>\n<\/div>\n<\/div>\n<\/div><\/div>\n\n\n\n<div class=\"wp-block-group has-blue-light-background-color has-background\"><div class=\"wp-block-group__inner-container is-layout-flow wp-block-group-is-layout-flow\">\n<div class=\"wp-block-create-block-title\" style=\"text-align:center\"><h2 class=\"title\" style=\"font-family:Caviar Dreams\">GPS coordinates<\/h2><\/div>\n\n\n\n<div class=\"wp-block-image\"><figure class=\"aligncenter size-large\"><img loading=\"lazy\" decoding=\"async\" width=\"400\" height=\"51\" src=\"https:\/\/www.hotel-lyon-grandhoteldesterreaux.fr\/wp-content\/uploads\/2021\/05\/separateur.png\" alt=\"\" class=\"wp-image-426\" srcset=\"https:\/\/www.hotel-lyon-grandhoteldesterreaux.fr\/wp-content\/uploads\/2021\/05\/separateur.png 400w, https:\/\/www.hotel-lyon-grandhoteldesterreaux.fr\/wp-content\/uploads\/2021\/05\/separateur-300x38.png 300w\" sizes=\"auto, (max-width: 400px) 100vw, 400px\" \/><\/figure><\/div>\n\n\n\n<p class=\"has-text-align-center\">Latitude : 45.4558.69&#8243;N &#8211; Longitude: 4.4954.3&#8243;E<\/p>\n<\/div><\/div>\n\n\n\n<div class=\"wp-block-group\"><div class=\"wp-block-group__inner-container is-layout-flow wp-block-group-is-layout-flow\">\n<p class=\"wp-block-create-block-button has-text-align-center\"><a class=\"btn btn-style2\" href=\"https:\/\/www.hotel-lyon-grandhoteldesterreaux.fr\/en\/contact\/\">Difficult access for PRM (assistance required). Contact our reservation department.<\/a><\/p>\n<\/div><\/div>\n","protected":false},"excerpt":{"rendered":"<p>Calculate your itinerary Take the metro line A towards Vaulx-en-Velin La Soie. Get off at the H\u00f4tel de Ville stop. Take rue Joseph Serlin towards Place Terreaux. Walk along the Mus\u00e9e des Beaux-Arts. Continue on rue Constantine. Take the 1st left: rue Lanterne. The Grand H\u00f4tel des Terreaux is at number 16. Take the Rh\u00f4ne [&hellip;]<\/p>\n","protected":false},"author":1,"featured_media":0,"parent":0,"menu_order":0,"comment_status":"closed","ping_status":"closed","template":"","meta":{"pgc_sgb_lightbox_settings":"","footnotes":""},"class_list":["post-1674","page","type-page","status-publish","hentry"],"yoast_head":"<!-- This site is optimized with the Yoast SEO plugin v27.0 - https:\/\/yoast.com\/product\/yoast-seo-wordpress\/ -->\n<title>Access - Grand H\u00f4tel des Terreaux<\/title>\n<meta name=\"description\" content=\"How to reach us ?\" \/>\n<meta name=\"robots\" content=\"index, follow, max-snippet:-1, max-image-preview:large, max-video-preview:-1\" \/>\n<link rel=\"canonical\" href=\"https:\/\/www.hotel-lyon-grandhoteldesterreaux.fr\/en\/acces\/\" \/>\n<meta property=\"og:locale\" content=\"en_US\" \/>\n<meta property=\"og:type\" content=\"article\" \/>\n<meta property=\"og:title\" content=\"Access - Grand H\u00f4tel des Terreaux\" \/>\n<meta property=\"og:description\" content=\"How to reach us ?\" \/>\n<meta property=\"og:url\" content=\"https:\/\/www.hotel-lyon-grandhoteldesterreaux.fr\/en\/acces\/\" \/>\n<meta property=\"og:site_name\" content=\"Grand H\u00f4tel des Terreaux\" \/>\n<meta property=\"article:modified_time\" content=\"2021-09-06T13:26:53+00:00\" \/>\n<meta property=\"og:image\" content=\"https:\/\/www.hotel-lyon-grandhoteldesterreaux.fr\/wp-content\/uploads\/2021\/05\/separateur.png\" \/>\n<meta name=\"twitter:card\" content=\"summary_large_image\" \/>\n<script type=\"application\/ld+json\" class=\"yoast-schema-graph\">{\"@context\":\"https:\/\/schema.org\",\"@graph\":[{\"@type\":\"WebPage\",\"@id\":\"https:\/\/www.hotel-lyon-grandhoteldesterreaux.fr\/en\/acces\/\",\"url\":\"https:\/\/www.hotel-lyon-grandhoteldesterreaux.fr\/en\/acces\/\",\"name\":\"Access - Grand H\u00f4tel des Terreaux\",\"isPartOf\":{\"@id\":\"https:\/\/www.hotel-lyon-grandhoteldesterreaux.fr\/en\/#website\"},\"primaryImageOfPage\":{\"@id\":\"https:\/\/www.hotel-lyon-grandhoteldesterreaux.fr\/en\/acces\/#primaryimage\"},\"image\":{\"@id\":\"https:\/\/www.hotel-lyon-grandhoteldesterreaux.fr\/en\/acces\/#primaryimage\"},\"thumbnailUrl\":\"https:\/\/www.hotel-lyon-grandhoteldesterreaux.fr\/wp-content\/uploads\/2021\/05\/separateur.png\",\"datePublished\":\"2020-07-21T09:09:48+00:00\",\"dateModified\":\"2021-09-06T13:26:53+00:00\",\"description\":\"How to reach us ?\",\"breadcrumb\":{\"@id\":\"https:\/\/www.hotel-lyon-grandhoteldesterreaux.fr\/en\/acces\/#breadcrumb\"},\"inLanguage\":\"en-US\",\"potentialAction\":[{\"@type\":\"ReadAction\",\"target\":[\"https:\/\/www.hotel-lyon-grandhoteldesterreaux.fr\/en\/acces\/\"]}]},{\"@type\":\"ImageObject\",\"inLanguage\":\"en-US\",\"@id\":\"https:\/\/www.hotel-lyon-grandhoteldesterreaux.fr\/en\/acces\/#primaryimage\",\"url\":\"https:\/\/www.hotel-lyon-grandhoteldesterreaux.fr\/wp-content\/uploads\/2021\/05\/separateur.png\",\"contentUrl\":\"https:\/\/www.hotel-lyon-grandhoteldesterreaux.fr\/wp-content\/uploads\/2021\/05\/separateur.png\"},{\"@type\":\"BreadcrumbList\",\"@id\":\"https:\/\/www.hotel-lyon-grandhoteldesterreaux.fr\/en\/acces\/#breadcrumb\",\"itemListElement\":[{\"@type\":\"ListItem\",\"position\":1,\"name\":\"Home\",\"item\":\"https:\/\/www.hotel-lyon-grandhoteldesterreaux.fr\/en\/\"},{\"@type\":\"ListItem\",\"position\":2,\"name\":\"Access\"}]},{\"@type\":\"WebSite\",\"@id\":\"https:\/\/www.hotel-lyon-grandhoteldesterreaux.fr\/en\/#website\",\"url\":\"https:\/\/www.hotel-lyon-grandhoteldesterreaux.fr\/en\/\",\"name\":\"Grand H\u00f4tel des Terreaux\",\"description\":\"\",\"publisher\":{\"@id\":\"https:\/\/www.hotel-lyon-grandhoteldesterreaux.fr\/en\/#organization\"},\"potentialAction\":[{\"@type\":\"SearchAction\",\"target\":{\"@type\":\"EntryPoint\",\"urlTemplate\":\"https:\/\/www.hotel-lyon-grandhoteldesterreaux.fr\/en\/?s={search_term_string}\"},\"query-input\":{\"@type\":\"PropertyValueSpecification\",\"valueRequired\":true,\"valueName\":\"search_term_string\"}}],\"inLanguage\":\"en-US\"},{\"@type\":\"Organization\",\"@id\":\"https:\/\/www.hotel-lyon-grandhoteldesterreaux.fr\/en\/#organization\",\"name\":\"Grand H\u00f4tel des Terreaux\",\"url\":\"https:\/\/www.hotel-lyon-grandhoteldesterreaux.fr\/en\/\",\"logo\":{\"@type\":\"ImageObject\",\"inLanguage\":\"en-US\",\"@id\":\"https:\/\/www.hotel-lyon-grandhoteldesterreaux.fr\/en\/#\/schema\/logo\/image\/\",\"url\":\"https:\/\/www.hotel-lyon-grandhoteldesterreaux.fr\/wp-content\/uploads\/2021\/07\/ght-logo.png\",\"contentUrl\":\"https:\/\/www.hotel-lyon-grandhoteldesterreaux.fr\/wp-content\/uploads\/2021\/07\/ght-logo.png\",\"width\":400,\"height\":41,\"caption\":\"Grand H\u00f4tel des Terreaux\"},\"image\":{\"@id\":\"https:\/\/www.hotel-lyon-grandhoteldesterreaux.fr\/en\/#\/schema\/logo\/image\/\"}}]}<\/script>\n<!-- \/ Yoast SEO plugin. -->","yoast_head_json":{"title":"Access - Grand H\u00f4tel des Terreaux","description":"How to reach us ?","robots":{"index":"index","follow":"follow","max-snippet":"max-snippet:-1","max-image-preview":"max-image-preview:large","max-video-preview":"max-video-preview:-1"},"canonical":"https:\/\/www.hotel-lyon-grandhoteldesterreaux.fr\/en\/acces\/","og_locale":"en_US","og_type":"article","og_title":"Access - Grand H\u00f4tel des Terreaux","og_description":"How to reach us ?","og_url":"https:\/\/www.hotel-lyon-grandhoteldesterreaux.fr\/en\/acces\/","og_site_name":"Grand H\u00f4tel des Terreaux","article_modified_time":"2021-09-06T13:26:53+00:00","og_image":[{"url":"https:\/\/www.hotel-lyon-grandhoteldesterreaux.fr\/wp-content\/uploads\/2021\/05\/separateur.png","type":"","width":"","height":""}],"twitter_card":"summary_large_image","schema":{"@context":"https:\/\/schema.org","@graph":[{"@type":"WebPage","@id":"https:\/\/www.hotel-lyon-grandhoteldesterreaux.fr\/en\/acces\/","url":"https:\/\/www.hotel-lyon-grandhoteldesterreaux.fr\/en\/acces\/","name":"Access - Grand H\u00f4tel des Terreaux","isPartOf":{"@id":"https:\/\/www.hotel-lyon-grandhoteldesterreaux.fr\/en\/#website"},"primaryImageOfPage":{"@id":"https:\/\/www.hotel-lyon-grandhoteldesterreaux.fr\/en\/acces\/#primaryimage"},"image":{"@id":"https:\/\/www.hotel-lyon-grandhoteldesterreaux.fr\/en\/acces\/#primaryimage"},"thumbnailUrl":"https:\/\/www.hotel-lyon-grandhoteldesterreaux.fr\/wp-content\/uploads\/2021\/05\/separateur.png","datePublished":"2020-07-21T09:09:48+00:00","dateModified":"2021-09-06T13:26:53+00:00","description":"How to reach us ?","breadcrumb":{"@id":"https:\/\/www.hotel-lyon-grandhoteldesterreaux.fr\/en\/acces\/#breadcrumb"},"inLanguage":"en-US","potentialAction":[{"@type":"ReadAction","target":["https:\/\/www.hotel-lyon-grandhoteldesterreaux.fr\/en\/acces\/"]}]},{"@type":"ImageObject","inLanguage":"en-US","@id":"https:\/\/www.hotel-lyon-grandhoteldesterreaux.fr\/en\/acces\/#primaryimage","url":"https:\/\/www.hotel-lyon-grandhoteldesterreaux.fr\/wp-content\/uploads\/2021\/05\/separateur.png","contentUrl":"https:\/\/www.hotel-lyon-grandhoteldesterreaux.fr\/wp-content\/uploads\/2021\/05\/separateur.png"},{"@type":"BreadcrumbList","@id":"https:\/\/www.hotel-lyon-grandhoteldesterreaux.fr\/en\/acces\/#breadcrumb","itemListElement":[{"@type":"ListItem","position":1,"name":"Home","item":"https:\/\/www.hotel-lyon-grandhoteldesterreaux.fr\/en\/"},{"@type":"ListItem","position":2,"name":"Access"}]},{"@type":"WebSite","@id":"https:\/\/www.hotel-lyon-grandhoteldesterreaux.fr\/en\/#website","url":"https:\/\/www.hotel-lyon-grandhoteldesterreaux.fr\/en\/","name":"Grand H\u00f4tel des Terreaux","description":"","publisher":{"@id":"https:\/\/www.hotel-lyon-grandhoteldesterreaux.fr\/en\/#organization"},"potentialAction":[{"@type":"SearchAction","target":{"@type":"EntryPoint","urlTemplate":"https:\/\/www.hotel-lyon-grandhoteldesterreaux.fr\/en\/?s={search_term_string}"},"query-input":{"@type":"PropertyValueSpecification","valueRequired":true,"valueName":"search_term_string"}}],"inLanguage":"en-US"},{"@type":"Organization","@id":"https:\/\/www.hotel-lyon-grandhoteldesterreaux.fr\/en\/#organization","name":"Grand H\u00f4tel des Terreaux","url":"https:\/\/www.hotel-lyon-grandhoteldesterreaux.fr\/en\/","logo":{"@type":"ImageObject","inLanguage":"en-US","@id":"https:\/\/www.hotel-lyon-grandhoteldesterreaux.fr\/en\/#\/schema\/logo\/image\/","url":"https:\/\/www.hotel-lyon-grandhoteldesterreaux.fr\/wp-content\/uploads\/2021\/07\/ght-logo.png","contentUrl":"https:\/\/www.hotel-lyon-grandhoteldesterreaux.fr\/wp-content\/uploads\/2021\/07\/ght-logo.png","width":400,"height":41,"caption":"Grand H\u00f4tel des Terreaux"},"image":{"@id":"https:\/\/www.hotel-lyon-grandhoteldesterreaux.fr\/en\/#\/schema\/logo\/image\/"}}]}},"_links":{"self":[{"href":"https:\/\/www.hotel-lyon-grandhoteldesterreaux.fr\/en\/wp-json\/wp\/v2\/pages\/1674","targetHints":{"allow":["GET"]}}],"collection":[{"href":"https:\/\/www.hotel-lyon-grandhoteldesterreaux.fr\/en\/wp-json\/wp\/v2\/pages"}],"about":[{"href":"https:\/\/www.hotel-lyon-grandhoteldesterreaux.fr\/en\/wp-json\/wp\/v2\/types\/page"}],"author":[{"embeddable":true,"href":"https:\/\/www.hotel-lyon-grandhoteldesterreaux.fr\/en\/wp-json\/wp\/v2\/users\/1"}],"replies":[{"embeddable":true,"href":"https:\/\/www.hotel-lyon-grandhoteldesterreaux.fr\/en\/wp-json\/wp\/v2\/comments?post=1674"}],"version-history":[{"count":4,"href":"https:\/\/www.hotel-lyon-grandhoteldesterreaux.fr\/en\/wp-json\/wp\/v2\/pages\/1674\/revisions"}],"predecessor-version":[{"id":2220,"href":"https:\/\/www.hotel-lyon-grandhoteldesterreaux.fr\/en\/wp-json\/wp\/v2\/pages\/1674\/revisions\/2220"}],"wp:attachment":[{"href":"https:\/\/www.hotel-lyon-grandhoteldesterreaux.fr\/en\/wp-json\/wp\/v2\/media?parent=1674"}],"curies":[{"name":"wp","href":"https:\/\/api.w.org\/{rel}","templated":true}]}}