{"id":1646,"date":"2020-07-21T11:08:32","date_gmt":"2020-07-21T09:08:32","guid":{"rendered":"https:\/\/www.hotel-lyon-grandhoteldesterreaux.fr\/sejour-a-lyon\/"},"modified":"2021-09-24T10:08:35","modified_gmt":"2021-09-24T08:08:35","slug":"stay-at-lyon","status":"publish","type":"page","link":"https:\/\/www.hotel-lyon-grandhoteldesterreaux.fr\/en\/stay-at-lyon\/","title":{"rendered":"Our stay packages"},"content":{"rendered":"\n<div class=\"wp-block-group\"><div class=\"wp-block-group__inner-container is-layout-flow wp-block-group-is-layout-flow\">\n<div class=\"wp-block-create-block-title\" style=\"text-align:center\"><h2 class=\"title\" style=\"color:#242f3a;font-family:Caviar Dreams\">Our stay packages to visit Lyon<\/h2><\/div>\n\n\n\n<p>To make the most of your experience during your stay in Lyon, our Grand Hotel des Terreaux offers special packages that will allow you to visit the city of lights while enjoying the advantages of our Lyon partners. Whether you are staying with us for business, to discover the culture, or to enjoy a romantic getaway, feel free to explore our different offers:<\/p>\n<\/div><\/div>\n\n\n    \n                    <div class=\"block-formule\">\n            <div class=\"row block-formule-header\">\n                <div class=\"col col4 block-formule-header-offer\">\n                    Special offer stay in Lyon\n                <\/div>\n\n                <div class=\"col col8 block-formule-header-title\">\n                    <h2>City Card 4 days\/4 nights included<\/h2>\n                <\/div>\n            <\/div>\n            <div class=\"row block-formule-content\">\n                <div class=\"col col4 block-formule-content-img\">\n                                            <div class=\"img\">\n                            <img decoding=\"async\" loading=\"lazy\" src=\"https:\/\/www.hotel-lyon-grandhoteldesterreaux.fr\/wp-content\/uploads\/2021\/05\/jill-salinger-grand-hotel-des-terreaux-marielle-besson-010911.jpg\" alt=\"\"\/>\n                        <\/div>\n                                    <\/div>\n                <div class=\"col col8 block-formule-content-paragraph\">\n                    <div class=\"block-formule-content-paragraph-content\">\n                                                    <!-- wp:group -->\n<div class=\"wp-block-group\"><!-- wp:create-block\/title {\"alignment\":\"center\",\"tagText\":\"h3\"} -->\n<div class=\"wp-block-create-block-title\" style=\"text-align:center\"><h3 class=\"title\" style=\"font-family:Caviar Dreams\"><strong>Come visit Lyon with our advantageous offer for a 4-day all-inclusive cultural stay<\/strong><\/h3><\/div>\n<!-- \/wp:create-block\/title -->\n\n<!-- wp:paragraph -->\n<p>Stroll through the narrow streets of Old Lyon with a guide who will take you through the most secret traboules, visit the most beautiful art, science, or history museums, take the famous \"Ficelle\" public transport to the Basilica of Fourvi\u00e8re, or finally, sail on the Sa\u00f4ne or the Rh\u00f4ne to visit Lyon in an atypical way... the Lyon City Card 4-day package will allow you to have a very complete stay in Lyon.<\/p>\n<!-- \/wp:paragraph --><\/div>\n<!-- \/wp:group -->\n                                            <\/div>\n                <\/div>\n            <\/div>\n\n                            <h3 class=\"subtitle-formule\">Are included in this package stay in Lyon 4 nights: <\/h3>\n\n                <div class=\"block-formule-tags\">\n                    <div class=\"block-formule-tags-content\">\n                        <div class=\"row\">\n                                                            <div class=\"block-formule-tags-item\">\n                                    <i class=\"ght-i ght-4-nuitees\"><\/i>\n                                    <h4>Accommodation 4 nights<\/h4>\n                                <\/div>\n                                                            <div class=\"block-formule-tags-item\">\n                                    <i class=\"ght-i ght-petit-dejeuner\"><\/i>\n                                    <h4>Breakfast<\/h4>\n                                <\/div>\n                                                            <div class=\"block-formule-tags-item\">\n                                    <i class=\"ght-i ght-city-card-4-jours\"><\/i>\n                                    <h4>1 Lyon City Card for 4 days per person<\/h4>\n                                <\/div>\n                                                            <div class=\"block-formule-tags-item\">\n                                    <i class=\"ght-i ght-cadeau\"><\/i>\n                                    <h4>A small gift from Lyon<\/h4>\n                                <\/div>\n                                                            <div class=\"block-formule-tags-item\">\n                                    <i class=\"ght-i ght-bassin\"><\/i>\n                                    <h4>Access to our swimming pool and balneo from 14h to 23h<\/h4>\n                                <\/div>\n                                                    <\/div>\n                    <\/div>\n\n                    <a class=\"btn btn-style2\" href=\"https:\/\/www.secure-hotel-booking.com\/Grand-Hotel-des-Terreaux\/J1G4\/dateselection?\" target=\"_blank\">Book this offer of stay in Lyon<\/a>\n                <\/div>\n                    <\/div>\n                    <div class=\"block-formule\">\n            <div class=\"row block-formule-header\">\n                <div class=\"col col4 block-formule-header-offer\">\n                    Special offer stay in Lyon\n                <\/div>\n\n                <div class=\"col col8 block-formule-header-title\">\n                    <h2>City Card 2 days\/2 nights included<\/h2>\n                <\/div>\n            <\/div>\n            <div class=\"row block-formule-content\">\n                <div class=\"col col4 block-formule-content-img\">\n                                            <div class=\"img\">\n                            <img decoding=\"async\" loading=\"lazy\" src=\"https:\/\/www.hotel-lyon-grandhoteldesterreaux.fr\/wp-content\/uploads\/2021\/05\/jill-salinger-grand-hotel-des-terreaux-marielle-besson-010231.jpg\" alt=\"\"\/>\n                        <\/div>\n                                    <\/div>\n                <div class=\"col col8 block-formule-content-paragraph\">\n                    <div class=\"block-formule-content-paragraph-content\">\n                                                    <!-- wp:group -->\n<div class=\"wp-block-group\"><!-- wp:create-block\/title {\"alignment\":\"center\",\"tagText\":\"h3\"} -->\n<div class=\"wp-block-create-block-title\" style=\"text-align:center\"><h3 class=\"title\" style=\"font-family:Caviar Dreams\"><strong>Come visit Lyon with our 2-day all-inclusive cultural stay offer<\/strong><\/h3><\/div>\n<!-- \/wp:create-block\/title -->\n\n<!-- wp:paragraph -->\n<p>Stroll through the narrow streets of the Old Lyon district with your guide who will take you through the most secret traboules, visit the most beautiful art, science, or history museums, take public transportation to Fourvi\u00e8re with the famous \"Ficelle\", or finally navigate the city of Lyon on the Sa\u00f4ne or the Rh\u00f4ne to visit Lyon in an atypical way... The Lyon City Card 2 days package will make your stay in Lyon very pleasant.<\/p>\n<!-- \/wp:paragraph --><\/div>\n<!-- \/wp:group -->\n                                            <\/div>\n                <\/div>\n            <\/div>\n\n                            <h3 class=\"subtitle-formule\">Are included in this package stay in Lyon 2 nights:<\/h3>\n\n                <div class=\"block-formule-tags\">\n                    <div class=\"block-formule-tags-content\">\n                        <div class=\"row\">\n                                                            <div class=\"block-formule-tags-item\">\n                                    <i class=\"ght-i ght-petit-dejeuner\"><\/i>\n                                    <h4>Breakfast<\/h4>\n                                <\/div>\n                                                            <div class=\"block-formule-tags-item\">\n                                    <i class=\"ght-i ght-cadeau\"><\/i>\n                                    <h4>A small gift from Lyon<\/h4>\n                                <\/div>\n                                                            <div class=\"block-formule-tags-item\">\n                                    <i class=\"ght-i ght-bassin\"><\/i>\n                                    <h4>Access to our swimming pool and balneo from 14h to 23h<\/h4>\n                                <\/div>\n                                                            <div class=\"block-formule-tags-item\">\n                                    <i class=\"ght-i ght-2-nuitees\"><\/i>\n                                    <h4>Accommodation 2 nights<\/h4>\n                                <\/div>\n                                                            <div class=\"block-formule-tags-item\">\n                                    <i class=\"ght-i ght-city-card\"><\/i>\n                                    <h4>1 Lyon City Card for 2 days per perso<\/h4>\n                                <\/div>\n                                                    <\/div>\n                    <\/div>\n\n                    <a class=\"btn btn-style2\" href=\"https:\/\/www.secure-hotel-booking.com\/Grand-Hotel-des-Terreaux\/J1G4\/dateselection?\" target=\"_blank\">Book this offer of stay in Lyon<\/a>\n                <\/div>\n                    <\/div>\n                    <div class=\"block-formule\">\n            <div class=\"row block-formule-header\">\n                <div class=\"col col4 block-formule-header-offer\">\n                    Special offer stay in Lyon\n                <\/div>\n\n                <div class=\"col col8 block-formule-header-title\">\n                    <h2>A romantic weekend for 2 in Lyon<\/h2>\n                <\/div>\n            <\/div>\n            <div class=\"row block-formule-content\">\n                <div class=\"col col4 block-formule-content-img\">\n                                            <div class=\"img\">\n                            <img decoding=\"async\" loading=\"lazy\" src=\"https:\/\/www.hotel-lyon-grandhoteldesterreaux.fr\/wp-content\/uploads\/2021\/05\/jill-salinger-grand-hotel-des-terreaux-marielle-besson-010561.jpg\" alt=\"\"\/>\n                        <\/div>\n                                    <\/div>\n                <div class=\"col col8 block-formule-content-paragraph\">\n                    <div class=\"block-formule-content-paragraph-content\">\n                                                    <!-- wp:group -->\n<div class=\"wp-block-group\"><!-- wp:create-block\/title {\"alignment\":\"center\",\"tagText\":\"h3\"} -->\n<div class=\"wp-block-create-block-title\" style=\"text-align:center\"><h3 class=\"title\" style=\"font-family:Caviar Dreams\"><strong>Come to Lyon for a romantic weekend<\/strong><\/h3><\/div>\n<!-- \/wp:create-block\/title -->\n\n<!-- wp:paragraph -->\n<p>Lyon, the capital of French gastronomy, offers many opportunities to enjoy a romantic stay in Lyon with your partner.&nbsp;<\/p>\n<!-- \/wp:paragraph -->\n\n<!-- wp:paragraph -->\n<p>Enjoy the comfort and elegance of one of our superior rooms for a passionate stay in complete privacy.<\/p>\n<!-- \/wp:paragraph --><\/div>\n<!-- \/wp:group -->\n\n<!-- wp:paragraph -->\n<p><\/p>\n<!-- \/wp:paragraph -->\n                                            <\/div>\n                <\/div>\n            <\/div>\n\n                            <h3 class=\"subtitle-formule\">Are included in this package stay in Lyon romantic: <\/h3>\n\n                <div class=\"block-formule-tags\">\n                    <div class=\"block-formule-tags-content\">\n                        <div class=\"row\">\n                                                            <div class=\"block-formule-tags-item\">\n                                    <i class=\"ght-i ght-bassin\"><\/i>\n                                    <h4>Access to our swimming pool and balneo from 14h to 23h<\/h4>\n                                <\/div>\n                                                            <div class=\"block-formule-tags-item\">\n                                    <i class=\"ght-i ght-hebergement-chambre-superieur\"><\/i>\n                                    <h4>Accommodation in a Superior Room<\/h4>\n                                <\/div>\n                                                            <div class=\"block-formule-tags-item\">\n                                    <i class=\"ght-i ght-love-box\"><\/i>\n                                    <h4>A Love Box &#034;Tentation\u201d<\/h4>\n                                <\/div>\n                                                            <div class=\"block-formule-tags-item\">\n                                    <i class=\"ght-i ght-champagne\"><\/i>\n                                    <h4>1\/2 bottle of champagne<\/h4>\n                                <\/div>\n                                                    <\/div>\n                    <\/div>\n\n                    <a class=\"btn btn-style2\" href=\"https:\/\/www.secure-hotel-booking.com\/Grand-Hotel-des-Terreaux\/J1G4\/dateselection?\" target=\"_blank\">Book this offer of stay in Lyon<\/a>\n                <\/div>\n                    <\/div>\n                    <div class=\"block-formule\">\n            <div class=\"row block-formule-header\">\n                <div class=\"col col4 block-formule-header-offer\">\n                    Basic offer stay in Lyon\n                <\/div>\n\n                <div class=\"col col8 block-formule-header-title\">\n                    <h2>Accommodation only<\/h2>\n                <\/div>\n            <\/div>\n            <div class=\"row block-formule-content\">\n                <div class=\"col col4 block-formule-content-img\">\n                                            <div class=\"block-formule-content-img-content\">\n                            <!-- wp:group -->\n<div class=\"wp-block-group\"><!-- wp:create-block\/title {\"alignment\":\"center\",\"tagText\":\"h3\"} -->\n<div class=\"wp-block-create-block-title\" style=\"text-align:center\"><h3 class=\"title\" style=\"font-family:Caviar Dreams\">Write your own custom trip to Lyon<\/h3><\/div>\n<!-- \/wp:create-block\/title -->\n\n<!-- wp:paragraph -->\n<p>The rates of our rooms are to be found <a href=\"https:\/\/www.hotel-lyon-grandhoteldesterreaux.fr\/en\/rooms\/\" data-type=\"page\" data-id=\"1686\">here<\/a> and include:<\/p>\n<!-- \/wp:paragraph --><\/div>\n<!-- \/wp:group -->\n\n<!-- wp:paragraph -->\n<p><\/p>\n<!-- \/wp:paragraph -->\n                        <\/div>\n                                    <\/div>\n                <div class=\"col col8 block-formule-content-paragraph\">\n                    <div class=\"block-formule-content-paragraph-content\">\n                                                    <div class=\"block-formule-tags\">\n                                <div class=\"block-formule-tags-content\">\n                                    <div class=\"row\">\n                                                                                <div class=\"block-formule-tags-item\">\n                                            <i class=\"ght-i ght-bassin\"><\/i>\n                                            <h4>Access to our swimming pool and balneo from 14h to 23h<\/h4>\n                                        <\/div>\n                                                                                <div class=\"block-formule-tags-item\">\n                                            <i class=\"ght-i ght-1-nuitee\"><\/i>\n                                            <h4>H\u00e9bergement<\/h4>\n                                        <\/div>\n                                                                                <div class=\"block-formule-tags-item\">\n                                            <i class=\"ght-i ght-wifi\"><\/i>\n                                            <h4>Free WIFI Internet<\/h4>\n                                        <\/div>\n                                                                            <\/div>\n                                <\/div>\n\n                                <a class=\"btn btn-style2\" href=\"https:\/\/www.secure-hotel-booking.com\/Grand-Hotel-des-Terreaux\/J1G4\/dateselection?\" target=\"_blank\">Book this offer of stay in Lyon<\/a>\n                            <\/div>\n                                            <\/div>\n                <\/div>\n            <\/div>\n\n                    <\/div>\n    \n\n\n\n<p class=\"has-text-align-center has-light-background-color has-background\">Payment at the hotel.<br>Free changes and cancellations until midnight on the day of your arrival.<\/p>\n","protected":false},"excerpt":{"rendered":"<p>To make the most of your experience during your stay in Lyon, our Grand Hotel des Terreaux offers special packages that will allow you to visit the city of lights while enjoying the advantages of our Lyon partners. Whether you are staying with us for business, to discover the culture, or to enjoy a romantic [&hellip;]<\/p>\n","protected":false},"author":1,"featured_media":0,"parent":0,"menu_order":0,"comment_status":"closed","ping_status":"closed","template":"template-formule.php","meta":{"pgc_sgb_lightbox_settings":"","footnotes":""},"class_list":["post-1646","page","type-page","status-publish","hentry"],"yoast_head":"<!-- This site is optimized with the Yoast SEO plugin v27.0 - https:\/\/yoast.com\/product\/yoast-seo-wordpress\/ -->\n<title>Our stay packages - Grand H\u00f4tel des Terreaux<\/title>\n<meta name=\"description\" content=\"Stay in Lyon: discover all the packages for professional or tourist stays at the Grand H\u00f4tel des terreaux located in the heart of the city.\" \/>\n<meta name=\"robots\" content=\"index, follow, max-snippet:-1, max-image-preview:large, max-video-preview:-1\" \/>\n<link rel=\"canonical\" href=\"https:\/\/www.hotel-lyon-grandhoteldesterreaux.fr\/en\/stay-at-lyon\/\" \/>\n<meta property=\"og:locale\" content=\"en_US\" \/>\n<meta property=\"og:type\" content=\"article\" \/>\n<meta property=\"og:title\" content=\"Our stay packages - Grand H\u00f4tel des Terreaux\" \/>\n<meta property=\"og:description\" content=\"Stay in Lyon: discover all the packages for professional or tourist stays at the Grand H\u00f4tel des terreaux located in the heart of the city.\" \/>\n<meta property=\"og:url\" content=\"https:\/\/www.hotel-lyon-grandhoteldesterreaux.fr\/en\/stay-at-lyon\/\" \/>\n<meta property=\"og:site_name\" content=\"Grand H\u00f4tel des Terreaux\" \/>\n<meta property=\"article:modified_time\" content=\"2021-09-24T08:08:35+00:00\" \/>\n<meta name=\"twitter:card\" content=\"summary_large_image\" \/>\n<script type=\"application\/ld+json\" class=\"yoast-schema-graph\">{\"@context\":\"https:\/\/schema.org\",\"@graph\":[{\"@type\":\"WebPage\",\"@id\":\"https:\/\/www.hotel-lyon-grandhoteldesterreaux.fr\/en\/stay-at-lyon\/\",\"url\":\"https:\/\/www.hotel-lyon-grandhoteldesterreaux.fr\/en\/stay-at-lyon\/\",\"name\":\"Our stay packages - Grand H\u00f4tel des Terreaux\",\"isPartOf\":{\"@id\":\"https:\/\/www.hotel-lyon-grandhoteldesterreaux.fr\/en\/#website\"},\"datePublished\":\"2020-07-21T09:08:32+00:00\",\"dateModified\":\"2021-09-24T08:08:35+00:00\",\"description\":\"Stay in Lyon: discover all the packages for professional or tourist stays at the Grand H\u00f4tel des terreaux located in the heart of the city.\",\"breadcrumb\":{\"@id\":\"https:\/\/www.hotel-lyon-grandhoteldesterreaux.fr\/en\/stay-at-lyon\/#breadcrumb\"},\"inLanguage\":\"en-US\",\"potentialAction\":[{\"@type\":\"ReadAction\",\"target\":[\"https:\/\/www.hotel-lyon-grandhoteldesterreaux.fr\/en\/stay-at-lyon\/\"]}]},{\"@type\":\"BreadcrumbList\",\"@id\":\"https:\/\/www.hotel-lyon-grandhoteldesterreaux.fr\/en\/stay-at-lyon\/#breadcrumb\",\"itemListElement\":[{\"@type\":\"ListItem\",\"position\":1,\"name\":\"Home\",\"item\":\"https:\/\/www.hotel-lyon-grandhoteldesterreaux.fr\/en\/\"},{\"@type\":\"ListItem\",\"position\":2,\"name\":\"Our stay packages\"}]},{\"@type\":\"WebSite\",\"@id\":\"https:\/\/www.hotel-lyon-grandhoteldesterreaux.fr\/en\/#website\",\"url\":\"https:\/\/www.hotel-lyon-grandhoteldesterreaux.fr\/en\/\",\"name\":\"Grand H\u00f4tel des Terreaux\",\"description\":\"\",\"publisher\":{\"@id\":\"https:\/\/www.hotel-lyon-grandhoteldesterreaux.fr\/en\/#organization\"},\"potentialAction\":[{\"@type\":\"SearchAction\",\"target\":{\"@type\":\"EntryPoint\",\"urlTemplate\":\"https:\/\/www.hotel-lyon-grandhoteldesterreaux.fr\/en\/?s={search_term_string}\"},\"query-input\":{\"@type\":\"PropertyValueSpecification\",\"valueRequired\":true,\"valueName\":\"search_term_string\"}}],\"inLanguage\":\"en-US\"},{\"@type\":\"Organization\",\"@id\":\"https:\/\/www.hotel-lyon-grandhoteldesterreaux.fr\/en\/#organization\",\"name\":\"Grand H\u00f4tel des Terreaux\",\"url\":\"https:\/\/www.hotel-lyon-grandhoteldesterreaux.fr\/en\/\",\"logo\":{\"@type\":\"ImageObject\",\"inLanguage\":\"en-US\",\"@id\":\"https:\/\/www.hotel-lyon-grandhoteldesterreaux.fr\/en\/#\/schema\/logo\/image\/\",\"url\":\"https:\/\/www.hotel-lyon-grandhoteldesterreaux.fr\/wp-content\/uploads\/2021\/07\/ght-logo.png\",\"contentUrl\":\"https:\/\/www.hotel-lyon-grandhoteldesterreaux.fr\/wp-content\/uploads\/2021\/07\/ght-logo.png\",\"width\":400,\"height\":41,\"caption\":\"Grand H\u00f4tel des Terreaux\"},\"image\":{\"@id\":\"https:\/\/www.hotel-lyon-grandhoteldesterreaux.fr\/en\/#\/schema\/logo\/image\/\"}}]}<\/script>\n<!-- \/ Yoast SEO plugin. -->","yoast_head_json":{"title":"Our stay packages - Grand H\u00f4tel des Terreaux","description":"Stay in Lyon: discover all the packages for professional or tourist stays at the Grand H\u00f4tel des terreaux located in the heart of the city.","robots":{"index":"index","follow":"follow","max-snippet":"max-snippet:-1","max-image-preview":"max-image-preview:large","max-video-preview":"max-video-preview:-1"},"canonical":"https:\/\/www.hotel-lyon-grandhoteldesterreaux.fr\/en\/stay-at-lyon\/","og_locale":"en_US","og_type":"article","og_title":"Our stay packages - Grand H\u00f4tel des Terreaux","og_description":"Stay in Lyon: discover all the packages for professional or tourist stays at the Grand H\u00f4tel des terreaux located in the heart of the city.","og_url":"https:\/\/www.hotel-lyon-grandhoteldesterreaux.fr\/en\/stay-at-lyon\/","og_site_name":"Grand H\u00f4tel des Terreaux","article_modified_time":"2021-09-24T08:08:35+00:00","twitter_card":"summary_large_image","schema":{"@context":"https:\/\/schema.org","@graph":[{"@type":"WebPage","@id":"https:\/\/www.hotel-lyon-grandhoteldesterreaux.fr\/en\/stay-at-lyon\/","url":"https:\/\/www.hotel-lyon-grandhoteldesterreaux.fr\/en\/stay-at-lyon\/","name":"Our stay packages - Grand H\u00f4tel des Terreaux","isPartOf":{"@id":"https:\/\/www.hotel-lyon-grandhoteldesterreaux.fr\/en\/#website"},"datePublished":"2020-07-21T09:08:32+00:00","dateModified":"2021-09-24T08:08:35+00:00","description":"Stay in Lyon: discover all the packages for professional or tourist stays at the Grand H\u00f4tel des terreaux located in the heart of the city.","breadcrumb":{"@id":"https:\/\/www.hotel-lyon-grandhoteldesterreaux.fr\/en\/stay-at-lyon\/#breadcrumb"},"inLanguage":"en-US","potentialAction":[{"@type":"ReadAction","target":["https:\/\/www.hotel-lyon-grandhoteldesterreaux.fr\/en\/stay-at-lyon\/"]}]},{"@type":"BreadcrumbList","@id":"https:\/\/www.hotel-lyon-grandhoteldesterreaux.fr\/en\/stay-at-lyon\/#breadcrumb","itemListElement":[{"@type":"ListItem","position":1,"name":"Home","item":"https:\/\/www.hotel-lyon-grandhoteldesterreaux.fr\/en\/"},{"@type":"ListItem","position":2,"name":"Our stay packages"}]},{"@type":"WebSite","@id":"https:\/\/www.hotel-lyon-grandhoteldesterreaux.fr\/en\/#website","url":"https:\/\/www.hotel-lyon-grandhoteldesterreaux.fr\/en\/","name":"Grand H\u00f4tel des Terreaux","description":"","publisher":{"@id":"https:\/\/www.hotel-lyon-grandhoteldesterreaux.fr\/en\/#organization"},"potentialAction":[{"@type":"SearchAction","target":{"@type":"EntryPoint","urlTemplate":"https:\/\/www.hotel-lyon-grandhoteldesterreaux.fr\/en\/?s={search_term_string}"},"query-input":{"@type":"PropertyValueSpecification","valueRequired":true,"valueName":"search_term_string"}}],"inLanguage":"en-US"},{"@type":"Organization","@id":"https:\/\/www.hotel-lyon-grandhoteldesterreaux.fr\/en\/#organization","name":"Grand H\u00f4tel des Terreaux","url":"https:\/\/www.hotel-lyon-grandhoteldesterreaux.fr\/en\/","logo":{"@type":"ImageObject","inLanguage":"en-US","@id":"https:\/\/www.hotel-lyon-grandhoteldesterreaux.fr\/en\/#\/schema\/logo\/image\/","url":"https:\/\/www.hotel-lyon-grandhoteldesterreaux.fr\/wp-content\/uploads\/2021\/07\/ght-logo.png","contentUrl":"https:\/\/www.hotel-lyon-grandhoteldesterreaux.fr\/wp-content\/uploads\/2021\/07\/ght-logo.png","width":400,"height":41,"caption":"Grand H\u00f4tel des Terreaux"},"image":{"@id":"https:\/\/www.hotel-lyon-grandhoteldesterreaux.fr\/en\/#\/schema\/logo\/image\/"}}]}},"_links":{"self":[{"href":"https:\/\/www.hotel-lyon-grandhoteldesterreaux.fr\/en\/wp-json\/wp\/v2\/pages\/1646","targetHints":{"allow":["GET"]}}],"collection":[{"href":"https:\/\/www.hotel-lyon-grandhoteldesterreaux.fr\/en\/wp-json\/wp\/v2\/pages"}],"about":[{"href":"https:\/\/www.hotel-lyon-grandhoteldesterreaux.fr\/en\/wp-json\/wp\/v2\/types\/page"}],"author":[{"embeddable":true,"href":"https:\/\/www.hotel-lyon-grandhoteldesterreaux.fr\/en\/wp-json\/wp\/v2\/users\/1"}],"replies":[{"embeddable":true,"href":"https:\/\/www.hotel-lyon-grandhoteldesterreaux.fr\/en\/wp-json\/wp\/v2\/comments?post=1646"}],"version-history":[{"count":5,"href":"https:\/\/www.hotel-lyon-grandhoteldesterreaux.fr\/en\/wp-json\/wp\/v2\/pages\/1646\/revisions"}],"predecessor-version":[{"id":1885,"href":"https:\/\/www.hotel-lyon-grandhoteldesterreaux.fr\/en\/wp-json\/wp\/v2\/pages\/1646\/revisions\/1885"}],"wp:attachment":[{"href":"https:\/\/www.hotel-lyon-grandhoteldesterreaux.fr\/en\/wp-json\/wp\/v2\/media?parent=1646"}],"curies":[{"name":"wp","href":"https:\/\/api.w.org\/{rel}","templated":true}]}}