{"id":1691,"date":"2020-07-21T11:08:07","date_gmt":"2020-07-21T09:08:07","guid":{"rendered":"https:\/\/www.hotel-lyon-grandhoteldesterreaux.fr\/hotel-4-etoiles-a-lyon\/"},"modified":"2021-09-24T10:51:02","modified_gmt":"2021-09-24T08:51:02","slug":"4-sterne-hotel-in-lyon","status":"publish","type":"page","link":"https:\/\/www.hotel-lyon-grandhoteldesterreaux.fr\/de\/4-sterne-hotel-in-lyon\/","title":{"rendered":"Pr\u00e4sentation des Hotels"},"content":{"rendered":"\n<div class=\"wp-block-group\"><div class=\"wp-block-group__inner-container is-layout-flow wp-block-group-is-layout-flow\">\n<div class=\"wp-block-create-block-title\" style=\"text-align:center\"><h1 class=\"title\" style=\"font-family:Caviar Dreams\"><strong>Vorstellung unseres 4-Sterne-Hotels in Lyon<\/strong><\/h1><\/div>\n\n\n\n<div class=\"wp-block-create-block-title\" style=\"text-align:center\"><h2 class=\"title\" style=\"font-family:Caviar Dreams\">GRAND H\u00d4TEL DES TERREAUX<br><strong>Entdecken Sie die Werte, die uns zu Spitzenleistungen f\u00fchren<\/strong><\/h2><\/div>\n\n\n\n<div class=\"wp-block-image\"><figure class=\"aligncenter size-large\"><img loading=\"lazy\" decoding=\"async\" width=\"400\" height=\"51\" src=\"https:\/\/www.hotel-lyon-grandhoteldesterreaux.fr\/wp-content\/uploads\/2021\/05\/separateur.png\" alt=\"\" class=\"wp-image-427\" srcset=\"https:\/\/www.hotel-lyon-grandhoteldesterreaux.fr\/wp-content\/uploads\/2021\/05\/separateur.png 400w, https:\/\/www.hotel-lyon-grandhoteldesterreaux.fr\/wp-content\/uploads\/2021\/05\/separateur-300x38.png 300w\" sizes=\"auto, (max-width: 400px) 100vw, 400px\" \/><\/figure><\/div>\n\n\n\n<div class=\"wp-block-create-block-title\" style=\"text-align:center\"><h3 class=\"title\" style=\"font-family:Caviar Dreams\"><strong>Die Frauen und M\u00e4nner des Grand H\u00f4tel des Terreaux<\/strong><\/h3><\/div>\n\n\n\n<div class=\"wp-block-columns col2-spaced is-layout-flex wp-container-core-columns-is-layout-9d6595d7 wp-block-columns-is-layout-flex\">\n<div class=\"wp-block-column is-layout-flow wp-block-column-is-layout-flow\">\n<p>Die Geschichte des Grand H\u00f4tel des Terreaux wird in erster Linie von den M\u00e4nnern und Frauen geschrieben, die sich seit Jahren t\u00e4glich daf\u00fcr einsetzen, Ihren Aufenthalt in Lyon zu einem unvergesslichen Erlebnis zu machen.<\/p>\n\n\n\n<p>Herr und Frau Bernard, die Eigent\u00fcmer des Grand H\u00f4tel des Terreaux, sorgen seit 1992 daf\u00fcr, dass Ihre W\u00fcnsche erf\u00fcllt werden. Die Hoteliers, die seit \u00fcber 40 Jahren in Lyon ans\u00e4ssig sind, haben sich mit qualifizierten und dynamischen Mitarbeitern umgeben, die die Seele dieses Hotels im Herzen von Lyon 1 erhalten wollen.<\/p>\n<\/div>\n\n\n\n<div class=\"wp-block-column is-layout-flow wp-block-column-is-layout-flow\">\n<p>Seit seiner Er\u00f6ffnung im Jahr 1855 ist das Grand H\u00f4tel des Terreaux ein unabh\u00e4ngiges, familiengef\u00fchrtes Hotel. Diese Unabh\u00e4ngigkeit erm\u00f6glicht es uns, unserer Fantasie freien Lauf zu lassen, um unsere Dienstleistungen zu personalisieren und st\u00e4ndig zu verbessern.\u00a0 F\u00fcr Sie, Besucher oder Gesch\u00e4ftsreisende, ist es die Garantie f\u00fcr eine authentische und einzigartige Erfahrung im Zentrum der Halbinsel.\u00a0<\/p>\n<\/div>\n<\/div>\n\n\n\n<p class=\"wp-block-create-block-button has-text-align-center\"><a class=\"btn btn-style1\" href=\"https:\/\/www.hotel-lyon-grandhoteldesterreaux.fr\/de\/zimmer\/\">Seite Zimmer &gt;&gt;<\/a><\/p>\n<\/div><\/div>\n\n\n\n<div class=\"wp-block-group has-light-background-color has-background\"><div class=\"wp-block-group__inner-container is-layout-flow wp-block-group-is-layout-flow\">\n<div class=\"wp-block-create-block-title\" style=\"text-align:center\"><h3 class=\"title\" style=\"font-family:Caviar Dreams\">Lyon: die Stadt, die uns durch ihre Ereignisse leben l\u00e4sst<\/h3><\/div>\n\n\n\n<div class=\"wp-block-image\"><figure class=\"aligncenter size-large\"><img loading=\"lazy\" decoding=\"async\" width=\"400\" height=\"51\" src=\"https:\/\/www.hotel-lyon-grandhoteldesterreaux.fr\/wp-content\/uploads\/2021\/05\/separateur.png\" alt=\"\" class=\"wp-image-427\" srcset=\"https:\/\/www.hotel-lyon-grandhoteldesterreaux.fr\/wp-content\/uploads\/2021\/05\/separateur.png 400w, https:\/\/www.hotel-lyon-grandhoteldesterreaux.fr\/wp-content\/uploads\/2021\/05\/separateur-300x38.png 300w\" sizes=\"auto, (max-width: 400px) 100vw, 400px\" \/><\/figure><\/div>\n\n\n\n<p>Traditionelle Kunst, Stra\u00dfenkunst, Musik, Gastronomie und Malerei&#8230; Das Grand H\u00f4tel Terreaux, ein 4-Sterne-Hotel in Lyon, baut seine Geschichte an der Seite von Partnern auf, die ebenfalls die Stadt der Lichter zum Leben erwecken.<\/p>\n\n\n\n<p><strong>Unsere Qualit\u00e4tspartner in Lyon bieten regelm\u00e4\u00dfig Veranstaltungen zu Ihrem Vergn\u00fcgen an:\u00a0<\/strong><\/p>\n\n\n\n<div class=\"wp-block-columns is-layout-flex wp-container-core-columns-is-layout-9d6595d7 wp-block-columns-is-layout-flex\">\n<div class=\"wp-block-column is-layout-flow wp-block-column-is-layout-flow\">\n<figure class=\"wp-block-image size-large\"><a href=\"https:\/\/www.nuitsdefourviere.com\/\" target=\"_blank\" rel=\"noopener\"><img loading=\"lazy\" decoding=\"async\" width=\"456\" height=\"140\" src=\"https:\/\/www.hotel-lyon-grandhoteldesterreaux.fr\/wp-content\/uploads\/2021\/06\/presentation-logo-nuits-fourviere.png\" alt=\"Les nuits de Fourvi\u00e8re\" class=\"wp-image-548\" srcset=\"https:\/\/www.hotel-lyon-grandhoteldesterreaux.fr\/wp-content\/uploads\/2021\/06\/presentation-logo-nuits-fourviere.png 456w, https:\/\/www.hotel-lyon-grandhoteldesterreaux.fr\/wp-content\/uploads\/2021\/06\/presentation-logo-nuits-fourviere-300x92.png 300w\" sizes=\"auto, (max-width: 456px) 100vw, 456px\" \/><\/a><figcaption>LDas Grand H\u00f4tel Terreaux, Partner der Nuits de Fourvi\u00e8re<\/figcaption><\/figure>\n<\/div>\n\n\n\n<div class=\"wp-block-column is-layout-flow wp-block-column-is-layout-flow\">\n<figure class=\"wp-block-image size-large\"><a href=\"https:\/\/www.quaisdupolar.com\/\" target=\"_blank\" rel=\"noopener\"><img loading=\"lazy\" decoding=\"async\" width=\"455\" height=\"140\" src=\"https:\/\/www.hotel-lyon-grandhoteldesterreaux.fr\/wp-content\/uploads\/2021\/06\/presentation-logo-quais-polar.png\" alt=\"Quais du polar\" class=\"wp-image-543\" srcset=\"https:\/\/www.hotel-lyon-grandhoteldesterreaux.fr\/wp-content\/uploads\/2021\/06\/presentation-logo-quais-polar.png 455w, https:\/\/www.hotel-lyon-grandhoteldesterreaux.fr\/wp-content\/uploads\/2021\/06\/presentation-logo-quais-polar-300x92.png 300w\" sizes=\"auto, (max-width: 455px) 100vw, 455px\" \/><\/a><figcaption>Das Grand H\u00f4tel Terreaux ist Partner des festival Quais du Polar<\/figcaption><\/figure>\n<\/div>\n\n\n\n<div class=\"wp-block-column is-layout-flow wp-block-column-is-layout-flow\">\n<figure class=\"wp-block-image size-large\"><a href=\"https:\/\/www.festival-lumiere.org\/\" target=\"_blank\" rel=\"noopener\"><img loading=\"lazy\" decoding=\"async\" width=\"455\" height=\"140\" src=\"https:\/\/www.hotel-lyon-grandhoteldesterreaux.fr\/wp-content\/uploads\/2021\/06\/presentation-logo-festival-lumiere-2020.png\" alt=\"Festival Lumi\u00e8re\" class=\"wp-image-553\" srcset=\"https:\/\/www.hotel-lyon-grandhoteldesterreaux.fr\/wp-content\/uploads\/2021\/06\/presentation-logo-festival-lumiere-2020.png 455w, https:\/\/www.hotel-lyon-grandhoteldesterreaux.fr\/wp-content\/uploads\/2021\/06\/presentation-logo-festival-lumiere-2020-300x92.png 300w\" sizes=\"auto, (max-width: 455px) 100vw, 455px\" \/><\/a><figcaption>Das Grand Hotel Terreaux ist Partner des Festival Lumi\u00e8re 2020<\/figcaption><\/figure>\n<\/div>\n<\/div>\n\n\n\n<div class=\"wp-block-columns is-layout-flex wp-container-core-columns-is-layout-9d6595d7 wp-block-columns-is-layout-flex\">\n<div class=\"wp-block-column is-layout-flow wp-block-column-is-layout-flow\">\n<figure class=\"wp-block-image size-large\"><a href=\"https:\/\/www.hotclubjazzlyon.com\/\" target=\"_blank\" rel=\"noopener\"><img loading=\"lazy\" decoding=\"async\" width=\"456\" height=\"167\" src=\"https:\/\/www.hotel-lyon-grandhoteldesterreaux.fr\/wp-content\/uploads\/2021\/06\/presentation-logo-logo-hot-club.png\" alt=\"Hot Club Jazz\" class=\"wp-image-528\" srcset=\"https:\/\/www.hotel-lyon-grandhoteldesterreaux.fr\/wp-content\/uploads\/2021\/06\/presentation-logo-logo-hot-club.png 456w, https:\/\/www.hotel-lyon-grandhoteldesterreaux.fr\/wp-content\/uploads\/2021\/06\/presentation-logo-logo-hot-club-300x110.png 300w\" sizes=\"auto, (max-width: 456px) 100vw, 456px\" \/><\/a><figcaption>Das Grand H\u00f4tel Terreaux kooperiert mit dem Hot Club de Jazz, Lyon<\/figcaption><\/figure>\n<\/div>\n\n\n\n<div class=\"wp-block-column is-layout-flow wp-block-column-is-layout-flow\">\n<figure class=\"wp-block-image size-large\"><a href=\"https:\/\/ecoles-conde.com\/\" target=\"_blank\" rel=\"noopener\"><img loading=\"lazy\" decoding=\"async\" width=\"455\" height=\"167\" src=\"https:\/\/www.hotel-lyon-grandhoteldesterreaux.fr\/wp-content\/uploads\/2021\/06\/presentation-logo-logo-ecole-conde.png\" alt=\"\u00c9col de cond\u00e9\" class=\"wp-image-538\" srcset=\"https:\/\/www.hotel-lyon-grandhoteldesterreaux.fr\/wp-content\/uploads\/2021\/06\/presentation-logo-logo-ecole-conde.png 455w, https:\/\/www.hotel-lyon-grandhoteldesterreaux.fr\/wp-content\/uploads\/2021\/06\/presentation-logo-logo-ecole-conde-300x110.png 300w\" sizes=\"auto, (max-width: 455px) 100vw, 455px\" \/><\/a><figcaption>Das Grand H\u00f4tel Terreaux arbeitet mit den Schule Cond\u00e9<\/figcaption><\/figure>\n<\/div>\n\n\n\n<div class=\"wp-block-column is-layout-flow wp-block-column-is-layout-flow\">\n<figure class=\"wp-block-image size-large\"><a href=\"https:\/\/www.ecole-tunon.com\/ecole-tourisme-lyon\" target=\"_blank\" rel=\"noopener\"><img loading=\"lazy\" decoding=\"async\" width=\"455\" height=\"167\" src=\"https:\/\/www.hotel-lyon-grandhoteldesterreaux.fr\/wp-content\/uploads\/2021\/06\/presentation-logo-logo-ecole-tunon.png\" alt=\"\u00c9cole Tunon\" class=\"wp-image-533\" srcset=\"https:\/\/www.hotel-lyon-grandhoteldesterreaux.fr\/wp-content\/uploads\/2021\/06\/presentation-logo-logo-ecole-tunon.png 455w, https:\/\/www.hotel-lyon-grandhoteldesterreaux.fr\/wp-content\/uploads\/2021\/06\/presentation-logo-logo-ecole-tunon-300x110.png 300w\" sizes=\"auto, (max-width: 455px) 100vw, 455px\" \/><\/a><figcaption>Das Grand H\u00f4tel Terreaux arbeitet mit den Schule Tunon<\/figcaption><\/figure>\n<\/div>\n<\/div>\n\n\n\n<p class=\"wp-block-create-block-button has-text-align-center\"><a class=\"btn btn-style1\" href=\"https:\/\/www.visiterlyon.com\/\">Seite Aktivit\u00e4ten &gt;&gt;<\/a><\/p>\n<\/div><\/div>\n\n\n\n<div class=\"wp-block-group\"><div class=\"wp-block-group__inner-container is-layout-flow wp-block-group-is-layout-flow\">\n<div class=\"wp-block-create-block-title\" style=\"text-align:center\"><h3 class=\"title\" style=\"font-family:Caviar Dreams\">Das Grand H\u00f4tel Terreaux, ein 4-Sterne-Hotel in Lyon,<br><strong>steht in der Tradition der franz\u00f6sischen Hotellerie<\/strong><\/h3><\/div>\n\n\n\n<div class=\"wp-block-image\"><figure class=\"aligncenter size-large\"><img loading=\"lazy\" decoding=\"async\" width=\"400\" height=\"51\" src=\"https:\/\/www.hotel-lyon-grandhoteldesterreaux.fr\/wp-content\/uploads\/2021\/05\/separateur.png\" alt=\"\" class=\"wp-image-427\" srcset=\"https:\/\/www.hotel-lyon-grandhoteldesterreaux.fr\/wp-content\/uploads\/2021\/05\/separateur.png 400w, https:\/\/www.hotel-lyon-grandhoteldesterreaux.fr\/wp-content\/uploads\/2021\/05\/separateur-300x38.png 300w\" sizes=\"auto, (max-width: 400px) 100vw, 400px\" \/><\/figure><\/div>\n\n\n\n<p>Die sch\u00f6nsten Gesch\u00e4fte der Stadt, die gepflasterten Stra\u00dfen von Vieux Lyon, der wei\u00dfe Marmor der Place des Jacobins, der triumphale Ludwig XIV. Der Place Bellecour, die majest\u00e4tische Basilika Notre-Dame-de-Fourvi\u00e8re und die ber\u00fchmten H\u00e4nge der Croix Rousse &#8230; Die ganze Seele Lyons wartet auf Sie f\u00fcr einen kulturellen Streifzug.<\/p>\n\n\n\n<p>Unser 4-Sterne-Hotel in Lyon liegt im Herzen der Stadt der Gones und ist der ideale Ort f\u00fcr einen Aufenthalt, der mit der Identit\u00e4t der Stadt der Lichter verbunden ist. Das Personal, Kenner der Stadt, ber\u00e4t und begleitet Sie bei einem Aufenthalt nach Ma\u00df: von den geheimsten Traboules bis zu den ber\u00fchmtesten Bouchons, tauchen Sie ein in die reiche und alte Geschichte der Place de Terreaux im Herzen der Halbinsel.<\/p>\n\n\n\n<p>Unser Hotel ist auch perfekt an die \u00f6ffentlichen Verkehrsmittel angebunden, dank der Metrostation und der Busse am <em>H\u00f4tel de Ville Louis Pradel <\/em>oder <em>Place des Terreaux<\/em>. Sie k\u00f6nnen alle Sehensw\u00fcrdigkeiten der Welthauptstadt der franz\u00f6sischen Gastronomie in wenigen Minuten erreichen.<\/p>\n\n\n\n<p class=\"wp-block-create-block-button has-text-align-center\"><a class=\"btn btn-style1\" href=\"https:\/\/www.hotel-lyon-grandhoteldesterreaux.fr\/de\/zugang\/\">Zugangsseite &gt;&gt;<\/a><\/p>\n<\/div><\/div>\n","protected":false},"excerpt":{"rendered":"<p>Die Geschichte des Grand H\u00f4tel des Terreaux wird in erster Linie von den M\u00e4nnern und Frauen geschrieben, die sich seit Jahren t\u00e4glich daf\u00fcr einsetzen, Ihren Aufenthalt in Lyon zu einem unvergesslichen Erlebnis zu machen. Herr und Frau Bernard, die Eigent\u00fcmer des Grand H\u00f4tel des Terreaux, sorgen seit 1992 daf\u00fcr, dass Ihre W\u00fcnsche erf\u00fcllt werden. Die [&hellip;]<\/p>\n","protected":false},"author":1,"featured_media":733,"parent":0,"menu_order":0,"comment_status":"closed","ping_status":"closed","template":"template-banner.php","meta":{"pgc_sgb_lightbox_settings":"","footnotes":""},"class_list":["post-1691","page","type-page","status-publish","has-post-thumbnail","hentry"],"yoast_head":"<!-- This site is optimized with the Yoast SEO plugin v27.0 - https:\/\/yoast.com\/product\/yoast-seo-wordpress\/ -->\n<title>Pr\u00e4sentation des Hotels - Grand H\u00f4tel des Terreaux<\/title>\n<meta name=\"description\" content=\"4-Sterne-Hotel in Lyon : Das Grand H\u00f4tel des Terreaux liegt im historischen Viertel Lyon 1, im Herzen der Stadt, und bietet Ihnen einen komfortablen Aufenthalt\" \/>\n<meta name=\"robots\" content=\"index, follow, max-snippet:-1, max-image-preview:large, max-video-preview:-1\" \/>\n<link rel=\"canonical\" href=\"https:\/\/www.hotel-lyon-grandhoteldesterreaux.fr\/de\/4-sterne-hotel-in-lyon\/\" \/>\n<meta property=\"og:locale\" content=\"de_DE\" \/>\n<meta property=\"og:type\" content=\"article\" \/>\n<meta property=\"og:title\" content=\"Pr\u00e4sentation des Hotels - Grand H\u00f4tel des Terreaux\" \/>\n<meta property=\"og:description\" content=\"4-Sterne-Hotel in Lyon : Das Grand H\u00f4tel des Terreaux liegt im historischen Viertel Lyon 1, im Herzen der Stadt, und bietet Ihnen einen komfortablen Aufenthalt\" \/>\n<meta property=\"og:url\" content=\"https:\/\/www.hotel-lyon-grandhoteldesterreaux.fr\/de\/4-sterne-hotel-in-lyon\/\" \/>\n<meta property=\"og:site_name\" content=\"Grand H\u00f4tel des Terreaux\" \/>\n<meta property=\"article:modified_time\" content=\"2021-09-24T08:51:02+00:00\" \/>\n<meta property=\"og:image\" content=\"https:\/\/www.hotel-lyon-grandhoteldesterreaux.fr\/wp-content\/uploads\/2021\/06\/presentation-couverture-banque-accueil_02.jpg\" \/>\n\t<meta property=\"og:image:width\" content=\"1920\" \/>\n\t<meta property=\"og:image:height\" content=\"571\" \/>\n\t<meta property=\"og:image:type\" content=\"image\/jpeg\" \/>\n<meta name=\"twitter:card\" content=\"summary_large_image\" \/>\n<script type=\"application\/ld+json\" class=\"yoast-schema-graph\">{\"@context\":\"https:\/\/schema.org\",\"@graph\":[{\"@type\":\"WebPage\",\"@id\":\"https:\/\/www.hotel-lyon-grandhoteldesterreaux.fr\/de\/4-sterne-hotel-in-lyon\/\",\"url\":\"https:\/\/www.hotel-lyon-grandhoteldesterreaux.fr\/de\/4-sterne-hotel-in-lyon\/\",\"name\":\"Pr\u00e4sentation des Hotels - Grand H\u00f4tel des Terreaux\",\"isPartOf\":{\"@id\":\"https:\/\/www.hotel-lyon-grandhoteldesterreaux.fr\/de\/#website\"},\"primaryImageOfPage\":{\"@id\":\"https:\/\/www.hotel-lyon-grandhoteldesterreaux.fr\/de\/4-sterne-hotel-in-lyon\/#primaryimage\"},\"image\":{\"@id\":\"https:\/\/www.hotel-lyon-grandhoteldesterreaux.fr\/de\/4-sterne-hotel-in-lyon\/#primaryimage\"},\"thumbnailUrl\":\"https:\/\/www.hotel-lyon-grandhoteldesterreaux.fr\/wp-content\/uploads\/2021\/06\/presentation-couverture-banque-accueil_02.jpg\",\"datePublished\":\"2020-07-21T09:08:07+00:00\",\"dateModified\":\"2021-09-24T08:51:02+00:00\",\"description\":\"4-Sterne-Hotel in Lyon : Das Grand H\u00f4tel des Terreaux liegt im historischen Viertel Lyon 1, im Herzen der Stadt, und bietet Ihnen einen komfortablen Aufenthalt\",\"breadcrumb\":{\"@id\":\"https:\/\/www.hotel-lyon-grandhoteldesterreaux.fr\/de\/4-sterne-hotel-in-lyon\/#breadcrumb\"},\"inLanguage\":\"de\",\"potentialAction\":[{\"@type\":\"ReadAction\",\"target\":[\"https:\/\/www.hotel-lyon-grandhoteldesterreaux.fr\/de\/4-sterne-hotel-in-lyon\/\"]}]},{\"@type\":\"ImageObject\",\"inLanguage\":\"de\",\"@id\":\"https:\/\/www.hotel-lyon-grandhoteldesterreaux.fr\/de\/4-sterne-hotel-in-lyon\/#primaryimage\",\"url\":\"https:\/\/www.hotel-lyon-grandhoteldesterreaux.fr\/wp-content\/uploads\/2021\/06\/presentation-couverture-banque-accueil_02.jpg\",\"contentUrl\":\"https:\/\/www.hotel-lyon-grandhoteldesterreaux.fr\/wp-content\/uploads\/2021\/06\/presentation-couverture-banque-accueil_02.jpg\",\"width\":1920,\"height\":571},{\"@type\":\"BreadcrumbList\",\"@id\":\"https:\/\/www.hotel-lyon-grandhoteldesterreaux.fr\/de\/4-sterne-hotel-in-lyon\/#breadcrumb\",\"itemListElement\":[{\"@type\":\"ListItem\",\"position\":1,\"name\":\"Home\",\"item\":\"https:\/\/www.hotel-lyon-grandhoteldesterreaux.fr\/de\/\"},{\"@type\":\"ListItem\",\"position\":2,\"name\":\"Pr\u00e4sentation des Hotels\"}]},{\"@type\":\"WebSite\",\"@id\":\"https:\/\/www.hotel-lyon-grandhoteldesterreaux.fr\/de\/#website\",\"url\":\"https:\/\/www.hotel-lyon-grandhoteldesterreaux.fr\/de\/\",\"name\":\"Grand H\u00f4tel des Terreaux\",\"description\":\"\",\"publisher\":{\"@id\":\"https:\/\/www.hotel-lyon-grandhoteldesterreaux.fr\/de\/#organization\"},\"potentialAction\":[{\"@type\":\"SearchAction\",\"target\":{\"@type\":\"EntryPoint\",\"urlTemplate\":\"https:\/\/www.hotel-lyon-grandhoteldesterreaux.fr\/de\/?s={search_term_string}\"},\"query-input\":{\"@type\":\"PropertyValueSpecification\",\"valueRequired\":true,\"valueName\":\"search_term_string\"}}],\"inLanguage\":\"de\"},{\"@type\":\"Organization\",\"@id\":\"https:\/\/www.hotel-lyon-grandhoteldesterreaux.fr\/de\/#organization\",\"name\":\"Grand H\u00f4tel des Terreaux\",\"url\":\"https:\/\/www.hotel-lyon-grandhoteldesterreaux.fr\/de\/\",\"logo\":{\"@type\":\"ImageObject\",\"inLanguage\":\"de\",\"@id\":\"https:\/\/www.hotel-lyon-grandhoteldesterreaux.fr\/de\/#\/schema\/logo\/image\/\",\"url\":\"https:\/\/www.hotel-lyon-grandhoteldesterreaux.fr\/wp-content\/uploads\/2021\/07\/ght-logo.png\",\"contentUrl\":\"https:\/\/www.hotel-lyon-grandhoteldesterreaux.fr\/wp-content\/uploads\/2021\/07\/ght-logo.png\",\"width\":400,\"height\":41,\"caption\":\"Grand H\u00f4tel des Terreaux\"},\"image\":{\"@id\":\"https:\/\/www.hotel-lyon-grandhoteldesterreaux.fr\/de\/#\/schema\/logo\/image\/\"}}]}<\/script>\n<!-- \/ Yoast SEO plugin. -->","yoast_head_json":{"title":"Pr\u00e4sentation des Hotels - Grand H\u00f4tel des Terreaux","description":"4-Sterne-Hotel in Lyon : Das Grand H\u00f4tel des Terreaux liegt im historischen Viertel Lyon 1, im Herzen der Stadt, und bietet Ihnen einen komfortablen Aufenthalt","robots":{"index":"index","follow":"follow","max-snippet":"max-snippet:-1","max-image-preview":"max-image-preview:large","max-video-preview":"max-video-preview:-1"},"canonical":"https:\/\/www.hotel-lyon-grandhoteldesterreaux.fr\/de\/4-sterne-hotel-in-lyon\/","og_locale":"de_DE","og_type":"article","og_title":"Pr\u00e4sentation des Hotels - Grand H\u00f4tel des Terreaux","og_description":"4-Sterne-Hotel in Lyon : Das Grand H\u00f4tel des Terreaux liegt im historischen Viertel Lyon 1, im Herzen der Stadt, und bietet Ihnen einen komfortablen Aufenthalt","og_url":"https:\/\/www.hotel-lyon-grandhoteldesterreaux.fr\/de\/4-sterne-hotel-in-lyon\/","og_site_name":"Grand H\u00f4tel des Terreaux","article_modified_time":"2021-09-24T08:51:02+00:00","og_image":[{"width":1920,"height":571,"url":"https:\/\/www.hotel-lyon-grandhoteldesterreaux.fr\/wp-content\/uploads\/2021\/06\/presentation-couverture-banque-accueil_02.jpg","type":"image\/jpeg"}],"twitter_card":"summary_large_image","schema":{"@context":"https:\/\/schema.org","@graph":[{"@type":"WebPage","@id":"https:\/\/www.hotel-lyon-grandhoteldesterreaux.fr\/de\/4-sterne-hotel-in-lyon\/","url":"https:\/\/www.hotel-lyon-grandhoteldesterreaux.fr\/de\/4-sterne-hotel-in-lyon\/","name":"Pr\u00e4sentation des Hotels - Grand H\u00f4tel des Terreaux","isPartOf":{"@id":"https:\/\/www.hotel-lyon-grandhoteldesterreaux.fr\/de\/#website"},"primaryImageOfPage":{"@id":"https:\/\/www.hotel-lyon-grandhoteldesterreaux.fr\/de\/4-sterne-hotel-in-lyon\/#primaryimage"},"image":{"@id":"https:\/\/www.hotel-lyon-grandhoteldesterreaux.fr\/de\/4-sterne-hotel-in-lyon\/#primaryimage"},"thumbnailUrl":"https:\/\/www.hotel-lyon-grandhoteldesterreaux.fr\/wp-content\/uploads\/2021\/06\/presentation-couverture-banque-accueil_02.jpg","datePublished":"2020-07-21T09:08:07+00:00","dateModified":"2021-09-24T08:51:02+00:00","description":"4-Sterne-Hotel in Lyon : Das Grand H\u00f4tel des Terreaux liegt im historischen Viertel Lyon 1, im Herzen der Stadt, und bietet Ihnen einen komfortablen Aufenthalt","breadcrumb":{"@id":"https:\/\/www.hotel-lyon-grandhoteldesterreaux.fr\/de\/4-sterne-hotel-in-lyon\/#breadcrumb"},"inLanguage":"de","potentialAction":[{"@type":"ReadAction","target":["https:\/\/www.hotel-lyon-grandhoteldesterreaux.fr\/de\/4-sterne-hotel-in-lyon\/"]}]},{"@type":"ImageObject","inLanguage":"de","@id":"https:\/\/www.hotel-lyon-grandhoteldesterreaux.fr\/de\/4-sterne-hotel-in-lyon\/#primaryimage","url":"https:\/\/www.hotel-lyon-grandhoteldesterreaux.fr\/wp-content\/uploads\/2021\/06\/presentation-couverture-banque-accueil_02.jpg","contentUrl":"https:\/\/www.hotel-lyon-grandhoteldesterreaux.fr\/wp-content\/uploads\/2021\/06\/presentation-couverture-banque-accueil_02.jpg","width":1920,"height":571},{"@type":"BreadcrumbList","@id":"https:\/\/www.hotel-lyon-grandhoteldesterreaux.fr\/de\/4-sterne-hotel-in-lyon\/#breadcrumb","itemListElement":[{"@type":"ListItem","position":1,"name":"Home","item":"https:\/\/www.hotel-lyon-grandhoteldesterreaux.fr\/de\/"},{"@type":"ListItem","position":2,"name":"Pr\u00e4sentation des Hotels"}]},{"@type":"WebSite","@id":"https:\/\/www.hotel-lyon-grandhoteldesterreaux.fr\/de\/#website","url":"https:\/\/www.hotel-lyon-grandhoteldesterreaux.fr\/de\/","name":"Grand H\u00f4tel des Terreaux","description":"","publisher":{"@id":"https:\/\/www.hotel-lyon-grandhoteldesterreaux.fr\/de\/#organization"},"potentialAction":[{"@type":"SearchAction","target":{"@type":"EntryPoint","urlTemplate":"https:\/\/www.hotel-lyon-grandhoteldesterreaux.fr\/de\/?s={search_term_string}"},"query-input":{"@type":"PropertyValueSpecification","valueRequired":true,"valueName":"search_term_string"}}],"inLanguage":"de"},{"@type":"Organization","@id":"https:\/\/www.hotel-lyon-grandhoteldesterreaux.fr\/de\/#organization","name":"Grand H\u00f4tel des Terreaux","url":"https:\/\/www.hotel-lyon-grandhoteldesterreaux.fr\/de\/","logo":{"@type":"ImageObject","inLanguage":"de","@id":"https:\/\/www.hotel-lyon-grandhoteldesterreaux.fr\/de\/#\/schema\/logo\/image\/","url":"https:\/\/www.hotel-lyon-grandhoteldesterreaux.fr\/wp-content\/uploads\/2021\/07\/ght-logo.png","contentUrl":"https:\/\/www.hotel-lyon-grandhoteldesterreaux.fr\/wp-content\/uploads\/2021\/07\/ght-logo.png","width":400,"height":41,"caption":"Grand H\u00f4tel des Terreaux"},"image":{"@id":"https:\/\/www.hotel-lyon-grandhoteldesterreaux.fr\/de\/#\/schema\/logo\/image\/"}}]}},"_links":{"self":[{"href":"https:\/\/www.hotel-lyon-grandhoteldesterreaux.fr\/de\/wp-json\/wp\/v2\/pages\/1691","targetHints":{"allow":["GET"]}}],"collection":[{"href":"https:\/\/www.hotel-lyon-grandhoteldesterreaux.fr\/de\/wp-json\/wp\/v2\/pages"}],"about":[{"href":"https:\/\/www.hotel-lyon-grandhoteldesterreaux.fr\/de\/wp-json\/wp\/v2\/types\/page"}],"author":[{"embeddable":true,"href":"https:\/\/www.hotel-lyon-grandhoteldesterreaux.fr\/de\/wp-json\/wp\/v2\/users\/1"}],"replies":[{"embeddable":true,"href":"https:\/\/www.hotel-lyon-grandhoteldesterreaux.fr\/de\/wp-json\/wp\/v2\/comments?post=1691"}],"version-history":[{"count":8,"href":"https:\/\/www.hotel-lyon-grandhoteldesterreaux.fr\/de\/wp-json\/wp\/v2\/pages\/1691\/revisions"}],"predecessor-version":[{"id":2286,"href":"https:\/\/www.hotel-lyon-grandhoteldesterreaux.fr\/de\/wp-json\/wp\/v2\/pages\/1691\/revisions\/2286"}],"wp:featuredmedia":[{"embeddable":true,"href":"https:\/\/www.hotel-lyon-grandhoteldesterreaux.fr\/de\/wp-json\/wp\/v2\/media\/733"}],"wp:attachment":[{"href":"https:\/\/www.hotel-lyon-grandhoteldesterreaux.fr\/de\/wp-json\/wp\/v2\/media?parent=1691"}],"curies":[{"name":"wp","href":"https:\/\/api.w.org\/{rel}","templated":true}]}}