{"id":1687,"date":"2020-07-21T11:08:18","date_gmt":"2020-07-21T09:08:18","guid":{"rendered":"https:\/\/www.hotel-lyon-grandhoteldesterreaux.fr\/chambres\/"},"modified":"2021-09-02T17:49:22","modified_gmt":"2021-09-02T15:49:22","slug":"zimmer","status":"publish","type":"page","link":"https:\/\/www.hotel-lyon-grandhoteldesterreaux.fr\/de\/zimmer\/","title":{"rendered":"Zimmer"},"content":{"rendered":"\n<div class=\"wp-block-group\"><div class=\"wp-block-group__inner-container is-layout-flow wp-block-group-is-layout-flow\">\n<div class=\"wp-block-create-block-title\" style=\"text-align:center\"><h1 class=\"title\" style=\"font-family:Caviar Dreams\">Verschiedene Welten f\u00fcr jedes Zimmer in unserem Hotel im Zentrum von Lyon<\/h1><\/div>\n\n\n\n<p>Das Grand H\u00f4tel des Terreaux, ein 4-Sterne-Hotel in Lyon, empf\u00e4ngt Sie in seiner authentischen Lyoner Welt mit einer intimen und herzlichen Atmosph\u00e4re und verspricht Ihnen einen hochwertigen Aufenthalt voller Geschichte. Die Zimmer des Hotels sind einzigartig dekoriert, wobei M\u00f6bel und Elemente harmonisch kombiniert wurden, um eine raffinierte Atmosph\u00e4re zu schaffen.<\/p>\n<\/div><\/div>\n\n\n<div class=\"list-card-rooms contentpage\">\n            <div class=\"row\">\n                            <div class=\"col col6 block__image\">\n                    <img decoding=\"async\" loading=\"lazy\" src=\"https:\/\/www.hotel-lyon-grandhoteldesterreaux.fr\/wp-content\/uploads\/2021\/05\/jill-salinger-grand-hotel-des-terreaux-chambre-individuelle-768x431.jpg\" alt=\"\" \/>\n                <\/div>\n            \n            <div class=\"col col6 block__content_container block__1\">\n                <div class=\"block__content\">\n                    <h3 class=\"block__title\">Einzel Zimmer<\/h3>\n                    <div class=\"block__body\">\n                        <p>Le Grand H\u00f4tel des Terreaux vous pr\u00e9sente sa chambre Individuelle \u00e0 Lyon, tout confort, id\u00e9ale pour le s\u00e9jour d\u2019une personne seule, voyageant pour les affaires ou pour visiter la ville.<\/p>\n                        <p class=\"has-text-align-center\">\n                            <a href=\"https:\/\/www.hotel-lyon-grandhoteldesterreaux.fr\/de\/zimmer\/raum-individuell-lyon\/\" title=\"Zimmer Einzel  Zimmer\" class=\"btn btn-style1\">Weitere Informationen >><\/a>\n                        <\/p>\n                    <\/div>\n                <\/div>\n            <\/div>\n\n                    <\/div>\n            <div class=\"row\">\n            \n            <div class=\"col col6 block__content_container block__2\">\n                <div class=\"block__content\">\n                    <h3 class=\"block__title\">Doppelzimmer Seite<\/h3>\n                    <div class=\"block__body\">\n                        <p>Le Grand H\u00f4tel des Terreaux vous propose sa chambre Double, v\u00e9ritable petit cocon, d\u00e9cor\u00e9e \u00e9galement de fa\u00e7on unique, permettant ainsi de personnaliser l\u2019ambiance de chacune d\u2019entre elles.<\/p>\n                        <p class=\"has-text-align-center\">\n                            <a href=\"https:\/\/www.hotel-lyon-grandhoteldesterreaux.fr\/de\/zimmer\/doppelzimmer-hotel-paar-lyon\/\" title=\"Zimmer Doppelzimmer  Seite\" class=\"btn btn-style1\">Weitere Informationen >><\/a>\n                        <\/p>\n                    <\/div>\n                <\/div>\n            <\/div>\n\n                            <div class=\"col col6 block__image\">\n                    <img decoding=\"async\" loading=\"lazy\" src=\"https:\/\/www.hotel-lyon-grandhoteldesterreaux.fr\/wp-content\/uploads\/2021\/05\/jill-salinger-grand-hotel-des-terreaux-chambre-double-768x555.jpg\" alt=\"\" \/>\n                <\/div>\n                    <\/div>\n            <div class=\"row\">\n                            <div class=\"col col6 block__image\">\n                    <img decoding=\"async\" loading=\"lazy\" src=\"https:\/\/www.hotel-lyon-grandhoteldesterreaux.fr\/wp-content\/uploads\/2021\/05\/jill-salinger-grand-hotel-des-terreaux-chambre-confort-jaune-768x474.jpg\" alt=\"\" \/>\n                <\/div>\n            \n            <div class=\"col col6 block__content_container block__3\">\n                <div class=\"block__content\">\n                    <h3 class=\"block__title\">Komfort Zimmer<\/h3>\n                    <div class=\"block__body\">\n                        <p>Chacune de ces chambres est personnalis\u00e9e avec une ambiance diff\u00e9rente, mais toujours dans un univers \u00e9l\u00e9gant et authentique. Profitez pleinement de votre s\u00e9jour en h\u00f4tel \u00e0 Lyon en savourant confort et charme de votre logement.<\/p>\n                        <p class=\"has-text-align-center\">\n                            <a href=\"https:\/\/www.hotel-lyon-grandhoteldesterreaux.fr\/de\/zimmer\/zimmer-komfort-hotel-lyon\/\" title=\"Zimmer Komfort  Zimmer\" class=\"btn btn-style1\">Weitere Informationen >><\/a>\n                        <\/p>\n                    <\/div>\n                <\/div>\n            <\/div>\n\n                    <\/div>\n            <div class=\"row\">\n            \n            <div class=\"col col6 block__content_container block__4\">\n                <div class=\"block__content\">\n                    <h3 class=\"block__title\">Superior Zimmer<\/h3>\n                    <div class=\"block__body\">\n                        <p>La chambre Sup\u00e9rieure est une chambre o\u00f9 le confort est roi et o\u00f9 l\u2019espace est privil\u00e9gi\u00e9 pour que vous puissiez profiter pleinement de votre s\u00e9jour en h\u00f4tel en couple \u00e0 Lyon.<\/p>\n                        <p class=\"has-text-align-center\">\n                            <a href=\"https:\/\/www.hotel-lyon-grandhoteldesterreaux.fr\/de\/zimmer\/kammer-superior-hotel-lyon\/\" title=\"Zimmer Superior  Zimmer\" class=\"btn btn-style1\">Weitere Informationen >><\/a>\n                        <\/p>\n                    <\/div>\n                <\/div>\n            <\/div>\n\n                            <div class=\"col col6 block__image\">\n                    <img decoding=\"async\" loading=\"lazy\" src=\"https:\/\/www.hotel-lyon-grandhoteldesterreaux.fr\/wp-content\/uploads\/2021\/05\/jill-salinger-grand-hotel-des-terreaux-chambre-superieure-768x574.jpg\" alt=\"\" \/>\n                <\/div>\n                    <\/div>\n            <div class=\"row\">\n                            <div class=\"col col6 block__image\">\n                    <img decoding=\"async\" loading=\"lazy\" src=\"https:\/\/www.hotel-lyon-grandhoteldesterreaux.fr\/wp-content\/uploads\/2021\/05\/jill-salinger-grand-hotel-des-terreaux-chambre-junior-768x405.jpg\" alt=\"\" \/>\n                <\/div>\n            \n            <div class=\"col col6 block__content_container block__5\">\n                <div class=\"block__content\">\n                    <h3 class=\"block__title\">Junior Zimmer<\/h3>\n                    <div class=\"block__body\">\n                        <p>La chambre Junior est une chambre proposant tout le confort n\u00e9cessaire tant par l'espace, le mat\u00e9riel et l'\u00e9quipement pour un s\u00e9jour dont le bien-\u00eatre sera ma\u00eetre mot. D\u00e9cor\u00e9e de mani\u00e8re unique, chaque chambre poss\u00e8de une d\u00e9coration chic qui lui est propre.<\/p>\n                        <p class=\"has-text-align-center\">\n                            <a href=\"https:\/\/www.hotel-lyon-grandhoteldesterreaux.fr\/de\/zimmer\/zimmer-junior-lyon-centre\/\" title=\"Zimmer Junior  Zimmer\" class=\"btn btn-style1\">Weitere Informationen >><\/a>\n                        <\/p>\n                    <\/div>\n                <\/div>\n            <\/div>\n\n                    <\/div>\n    <\/div>\n\n","protected":false},"excerpt":{"rendered":"<p>Das Grand H\u00f4tel des Terreaux, ein 4-Sterne-Hotel in Lyon, empf\u00e4ngt Sie in seiner authentischen Lyoner Welt mit einer intimen und herzlichen Atmosph\u00e4re und verspricht Ihnen einen hochwertigen Aufenthalt voller Geschichte. Die Zimmer des Hotels sind einzigartig dekoriert, wobei M\u00f6bel und Elemente harmonisch kombiniert wurden, um eine raffinierte Atmosph\u00e4re zu schaffen.<\/p>\n","protected":false},"author":1,"featured_media":0,"parent":0,"menu_order":0,"comment_status":"closed","ping_status":"closed","template":"","meta":{"pgc_sgb_lightbox_settings":"","footnotes":""},"class_list":["post-1687","page","type-page","status-publish","hentry"],"yoast_head":"<!-- This site is optimized with the Yoast SEO plugin v27.0 - https:\/\/yoast.com\/product\/yoast-seo-wordpress\/ -->\n<title>Zimmer - Grand H\u00f4tel des Terreaux<\/title>\n<meta name=\"description\" content=\"Verschiedene Welten f\u00fcr jedes Zimmer in unserem Hotel im Zentrum von Lyon\" \/>\n<meta name=\"robots\" content=\"index, follow, max-snippet:-1, max-image-preview:large, max-video-preview:-1\" \/>\n<link rel=\"canonical\" href=\"https:\/\/www.hotel-lyon-grandhoteldesterreaux.fr\/de\/zimmer\/\" \/>\n<meta property=\"og:locale\" content=\"de_DE\" \/>\n<meta property=\"og:type\" content=\"article\" \/>\n<meta property=\"og:title\" content=\"Zimmer - Grand H\u00f4tel des Terreaux\" \/>\n<meta property=\"og:description\" content=\"Verschiedene Welten f\u00fcr jedes Zimmer in unserem Hotel im Zentrum von Lyon\" \/>\n<meta property=\"og:url\" content=\"https:\/\/www.hotel-lyon-grandhoteldesterreaux.fr\/de\/zimmer\/\" \/>\n<meta property=\"og:site_name\" content=\"Grand H\u00f4tel des Terreaux\" \/>\n<meta property=\"article:modified_time\" content=\"2021-09-02T15:49:22+00:00\" \/>\n<meta name=\"twitter:card\" content=\"summary_large_image\" \/>\n<script type=\"application\/ld+json\" class=\"yoast-schema-graph\">{\"@context\":\"https:\/\/schema.org\",\"@graph\":[{\"@type\":\"WebPage\",\"@id\":\"https:\/\/www.hotel-lyon-grandhoteldesterreaux.fr\/de\/zimmer\/\",\"url\":\"https:\/\/www.hotel-lyon-grandhoteldesterreaux.fr\/de\/zimmer\/\",\"name\":\"Zimmer - Grand H\u00f4tel des Terreaux\",\"isPartOf\":{\"@id\":\"https:\/\/www.hotel-lyon-grandhoteldesterreaux.fr\/de\/#website\"},\"datePublished\":\"2020-07-21T09:08:18+00:00\",\"dateModified\":\"2021-09-02T15:49:22+00:00\",\"description\":\"Verschiedene Welten f\u00fcr jedes Zimmer in unserem Hotel im Zentrum von Lyon\",\"breadcrumb\":{\"@id\":\"https:\/\/www.hotel-lyon-grandhoteldesterreaux.fr\/de\/zimmer\/#breadcrumb\"},\"inLanguage\":\"de\",\"potentialAction\":[{\"@type\":\"ReadAction\",\"target\":[\"https:\/\/www.hotel-lyon-grandhoteldesterreaux.fr\/de\/zimmer\/\"]}]},{\"@type\":\"BreadcrumbList\",\"@id\":\"https:\/\/www.hotel-lyon-grandhoteldesterreaux.fr\/de\/zimmer\/#breadcrumb\",\"itemListElement\":[{\"@type\":\"ListItem\",\"position\":1,\"name\":\"Home\",\"item\":\"https:\/\/www.hotel-lyon-grandhoteldesterreaux.fr\/de\/\"},{\"@type\":\"ListItem\",\"position\":2,\"name\":\"Zimmer\"}]},{\"@type\":\"WebSite\",\"@id\":\"https:\/\/www.hotel-lyon-grandhoteldesterreaux.fr\/de\/#website\",\"url\":\"https:\/\/www.hotel-lyon-grandhoteldesterreaux.fr\/de\/\",\"name\":\"Grand H\u00f4tel des Terreaux\",\"description\":\"\",\"publisher\":{\"@id\":\"https:\/\/www.hotel-lyon-grandhoteldesterreaux.fr\/de\/#organization\"},\"potentialAction\":[{\"@type\":\"SearchAction\",\"target\":{\"@type\":\"EntryPoint\",\"urlTemplate\":\"https:\/\/www.hotel-lyon-grandhoteldesterreaux.fr\/de\/?s={search_term_string}\"},\"query-input\":{\"@type\":\"PropertyValueSpecification\",\"valueRequired\":true,\"valueName\":\"search_term_string\"}}],\"inLanguage\":\"de\"},{\"@type\":\"Organization\",\"@id\":\"https:\/\/www.hotel-lyon-grandhoteldesterreaux.fr\/de\/#organization\",\"name\":\"Grand H\u00f4tel des Terreaux\",\"url\":\"https:\/\/www.hotel-lyon-grandhoteldesterreaux.fr\/de\/\",\"logo\":{\"@type\":\"ImageObject\",\"inLanguage\":\"de\",\"@id\":\"https:\/\/www.hotel-lyon-grandhoteldesterreaux.fr\/de\/#\/schema\/logo\/image\/\",\"url\":\"https:\/\/www.hotel-lyon-grandhoteldesterreaux.fr\/wp-content\/uploads\/2021\/07\/ght-logo.png\",\"contentUrl\":\"https:\/\/www.hotel-lyon-grandhoteldesterreaux.fr\/wp-content\/uploads\/2021\/07\/ght-logo.png\",\"width\":400,\"height\":41,\"caption\":\"Grand H\u00f4tel des Terreaux\"},\"image\":{\"@id\":\"https:\/\/www.hotel-lyon-grandhoteldesterreaux.fr\/de\/#\/schema\/logo\/image\/\"}}]}<\/script>\n<!-- \/ Yoast SEO plugin. -->","yoast_head_json":{"title":"Zimmer - Grand H\u00f4tel des Terreaux","description":"Verschiedene Welten f\u00fcr jedes Zimmer in unserem Hotel im Zentrum von Lyon","robots":{"index":"index","follow":"follow","max-snippet":"max-snippet:-1","max-image-preview":"max-image-preview:large","max-video-preview":"max-video-preview:-1"},"canonical":"https:\/\/www.hotel-lyon-grandhoteldesterreaux.fr\/de\/zimmer\/","og_locale":"de_DE","og_type":"article","og_title":"Zimmer - Grand H\u00f4tel des Terreaux","og_description":"Verschiedene Welten f\u00fcr jedes Zimmer in unserem Hotel im Zentrum von Lyon","og_url":"https:\/\/www.hotel-lyon-grandhoteldesterreaux.fr\/de\/zimmer\/","og_site_name":"Grand H\u00f4tel des Terreaux","article_modified_time":"2021-09-02T15:49:22+00:00","twitter_card":"summary_large_image","schema":{"@context":"https:\/\/schema.org","@graph":[{"@type":"WebPage","@id":"https:\/\/www.hotel-lyon-grandhoteldesterreaux.fr\/de\/zimmer\/","url":"https:\/\/www.hotel-lyon-grandhoteldesterreaux.fr\/de\/zimmer\/","name":"Zimmer - Grand H\u00f4tel des Terreaux","isPartOf":{"@id":"https:\/\/www.hotel-lyon-grandhoteldesterreaux.fr\/de\/#website"},"datePublished":"2020-07-21T09:08:18+00:00","dateModified":"2021-09-02T15:49:22+00:00","description":"Verschiedene Welten f\u00fcr jedes Zimmer in unserem Hotel im Zentrum von Lyon","breadcrumb":{"@id":"https:\/\/www.hotel-lyon-grandhoteldesterreaux.fr\/de\/zimmer\/#breadcrumb"},"inLanguage":"de","potentialAction":[{"@type":"ReadAction","target":["https:\/\/www.hotel-lyon-grandhoteldesterreaux.fr\/de\/zimmer\/"]}]},{"@type":"BreadcrumbList","@id":"https:\/\/www.hotel-lyon-grandhoteldesterreaux.fr\/de\/zimmer\/#breadcrumb","itemListElement":[{"@type":"ListItem","position":1,"name":"Home","item":"https:\/\/www.hotel-lyon-grandhoteldesterreaux.fr\/de\/"},{"@type":"ListItem","position":2,"name":"Zimmer"}]},{"@type":"WebSite","@id":"https:\/\/www.hotel-lyon-grandhoteldesterreaux.fr\/de\/#website","url":"https:\/\/www.hotel-lyon-grandhoteldesterreaux.fr\/de\/","name":"Grand H\u00f4tel des Terreaux","description":"","publisher":{"@id":"https:\/\/www.hotel-lyon-grandhoteldesterreaux.fr\/de\/#organization"},"potentialAction":[{"@type":"SearchAction","target":{"@type":"EntryPoint","urlTemplate":"https:\/\/www.hotel-lyon-grandhoteldesterreaux.fr\/de\/?s={search_term_string}"},"query-input":{"@type":"PropertyValueSpecification","valueRequired":true,"valueName":"search_term_string"}}],"inLanguage":"de"},{"@type":"Organization","@id":"https:\/\/www.hotel-lyon-grandhoteldesterreaux.fr\/de\/#organization","name":"Grand H\u00f4tel des Terreaux","url":"https:\/\/www.hotel-lyon-grandhoteldesterreaux.fr\/de\/","logo":{"@type":"ImageObject","inLanguage":"de","@id":"https:\/\/www.hotel-lyon-grandhoteldesterreaux.fr\/de\/#\/schema\/logo\/image\/","url":"https:\/\/www.hotel-lyon-grandhoteldesterreaux.fr\/wp-content\/uploads\/2021\/07\/ght-logo.png","contentUrl":"https:\/\/www.hotel-lyon-grandhoteldesterreaux.fr\/wp-content\/uploads\/2021\/07\/ght-logo.png","width":400,"height":41,"caption":"Grand H\u00f4tel des Terreaux"},"image":{"@id":"https:\/\/www.hotel-lyon-grandhoteldesterreaux.fr\/de\/#\/schema\/logo\/image\/"}}]}},"_links":{"self":[{"href":"https:\/\/www.hotel-lyon-grandhoteldesterreaux.fr\/de\/wp-json\/wp\/v2\/pages\/1687","targetHints":{"allow":["GET"]}}],"collection":[{"href":"https:\/\/www.hotel-lyon-grandhoteldesterreaux.fr\/de\/wp-json\/wp\/v2\/pages"}],"about":[{"href":"https:\/\/www.hotel-lyon-grandhoteldesterreaux.fr\/de\/wp-json\/wp\/v2\/types\/page"}],"author":[{"embeddable":true,"href":"https:\/\/www.hotel-lyon-grandhoteldesterreaux.fr\/de\/wp-json\/wp\/v2\/users\/1"}],"replies":[{"embeddable":true,"href":"https:\/\/www.hotel-lyon-grandhoteldesterreaux.fr\/de\/wp-json\/wp\/v2\/comments?post=1687"}],"version-history":[{"count":2,"href":"https:\/\/www.hotel-lyon-grandhoteldesterreaux.fr\/de\/wp-json\/wp\/v2\/pages\/1687\/revisions"}],"predecessor-version":[{"id":2002,"href":"https:\/\/www.hotel-lyon-grandhoteldesterreaux.fr\/de\/wp-json\/wp\/v2\/pages\/1687\/revisions\/2002"}],"wp:attachment":[{"href":"https:\/\/www.hotel-lyon-grandhoteldesterreaux.fr\/de\/wp-json\/wp\/v2\/media?parent=1687"}],"curies":[{"name":"wp","href":"https:\/\/api.w.org\/{rel}","templated":true}]}}