{"id":1683,"date":"2020-07-21T11:08:45","date_gmt":"2020-07-21T09:08:45","guid":{"rendered":"https:\/\/www.hotel-lyon-grandhoteldesterreaux.fr\/seminaire-lyon\/"},"modified":"2023-10-24T08:38:06","modified_gmt":"2023-10-24T06:38:06","slug":"seminar-lyon","status":"publish","type":"page","link":"https:\/\/www.hotel-lyon-grandhoteldesterreaux.fr\/de\/seminar-lyon\/","title":{"rendered":"Seminare"},"content":{"rendered":"\n<div class=\"wp-block-group\"><div class=\"wp-block-group__inner-container is-layout-flow wp-block-group-is-layout-flow\">\n<div class=\"wp-block-create-block-title\" style=\"text-align:center\"><h1 class=\"title\" style=\"font-family:Caviar Dreams\"><strong>Organisieren Sie Ihr Seminar in Lyon<\/strong><\/h1><\/div>\n\n\n\n<p>Unser Hotel im <sup>1. <\/sup>Arrondissement von Lyon, direkt am ber\u00fchmten Place des Terreaux, liegt im Herzen der Stadt und kann Gruppen in 53 einzigartig eingerichteten Zimmern unterbringen, um Ihr Seminar in Lyon zu organisieren.&nbsp;<\/p>\n\n\n\n<div class=\"wp-block-create-block-seminar\"><div style=\"text-align: center; background-color: rgb(36, 47, 58)\"><h2 class=\"block__title\">Lyon : die ideale Stadt f\u00fcr Ihr Seminar<\/h2><\/div><div class=\"row\"><div class=\"col6 block__body__one\" style=\"background-color:#c3ced8\"><div class=\"contain_galleries\"><p class=\"body__one\">Lyon ist eine zentral gelegene Stadt in Frankreich, die mit dem TGV 2 Stunden von Paris und Marseille entfernt ist und somit ein idealer Treffpunkt f\u00fcr die Mitarbeiter ist. Der Flughafen Lyon St. Exup\u00e9ry ist vom Rh\u00f4ne Express Shuttle in 30 Minuten direkt erreichbar. Seine Endstation ist der Bahnhof Lyon Part-Dieu, von dem aus wir Shuttlebusse ins Stadtzentrum von Lyon zu unserem Grand H\u00f4tel des Terreaux (ca. 20 Minuten) oder direkt von der Metro (Linien B und A ca. 20 Minuten) anbieten k\u00f6nnen.<\/p><div class=\"block__btn__one\" style=\"text-align:center\"><a class=\"btn btn__one btn-style1\" href=\"https:\/\/www.hotel-lyon-grandhoteldesterreaux.fr\/de\/zugang\/\">Alle Zug\u00e4nge anzeigen<\/a><\/div><\/div><\/div><div class=\"col6 block__body__two\" style=\"background-color:#dcd6cf\"><div class=\"contain_galleries\"><p class=\"body__two\">Lyon, die geschichtstr\u00e4chtige Stadt der Gastronomie und Kultur, bietet ein breites Spektrum an Aktivit\u00e4ten f\u00fcr Gruppen. Unser Team steht Ihnen zur Verf\u00fcgung, um Ihre Bed\u00fcrfnisse zu erf\u00fcllen und Ihnen bei der Organisation Ihres Seminars in Lyon zu helfen.<\/p><div class=\"block__btn__two\" style=\"text-align:center\"><a class=\"btn btn__two btn-style1\" href=\"https:\/\/www.hotel-lyon-grandhoteldesterreaux.fr\/de\/beruhrung\/\">Anfrage f\u00fcr ein Seminar in Lyon<\/a><\/div><\/div><\/div><\/div><\/div>\n<\/div><\/div>\n\n\n\n<div class=\"wp-block-group has-background\" style=\"background-color:#ffffff\"><div class=\"wp-block-group__inner-container is-layout-flow wp-block-group-is-layout-flow\">\n<p>Unser Grand H\u00f4tel des Terreaux verf\u00fcgt nicht direkt \u00fcber einen Tagungsraum, aber wir k\u00f6nnen Ihr Seminar dank unserer Partner in der Umgebung organisieren und Ihnen mehrere untypische Orte f\u00fcr ein au\u00dfergew\u00f6hnliches Seminar in Lyon anbieten:<\/p>\n\n\n\n<div class=\"wp-block-columns col3-spaced block-partners is-layout-flex wp-container-core-columns-is-layout-9d6595d7 wp-block-columns-is-layout-flex\">\n<div class=\"wp-block-column is-layout-flow wp-block-column-is-layout-flow\">\n<div class=\"wp-block-create-block-title\" style=\"text-align:center\"><h3 class=\"title\" style=\"font-family:Caviar Dreams\">IHR SEMINAR<br>IN LYON IM<\/h3><\/div>\n\n\n\n<div class=\"wp-block-create-block-title\" style=\"text-align:center\"><h4 class=\"title\" style=\"font-family:Caviar Dreams\">Maison Lassagne<\/h4><\/div>\n\n\n<div class=\"wp-block-image\">\n<figure class=\"aligncenter size-large\"><img loading=\"lazy\" decoding=\"async\" width=\"455\" height=\"160\" src=\"https:\/\/www.hotel-lyon-grandhoteldesterreaux.fr\/wp-content\/uploads\/2021\/06\/seminaire-logo-maison-lacassagne.jpg\" alt=\"\" class=\"wp-image-578\" srcset=\"https:\/\/www.hotel-lyon-grandhoteldesterreaux.fr\/wp-content\/uploads\/2021\/06\/seminaire-logo-maison-lacassagne.jpg 455w, https:\/\/www.hotel-lyon-grandhoteldesterreaux.fr\/wp-content\/uploads\/2021\/06\/seminaire-logo-maison-lacassagne-300x105.jpg 300w\" sizes=\"auto, (max-width: 455px) 100vw, 455px\" \/><\/figure>\n<\/div>\n\n\n<p>Nur einen Steinwurf von der Oper entfernt, in der N\u00e4he des Place des Terreaux, im <sup>1. <\/sup>Sadtbezirk von Lyon (10 Minuten zu Fu\u00df von unserem Grand H\u00f4tel des Terreaux), bietet das Maison Lassagne eine Fl\u00e4che von 172 m2, die in 4 modulare Wohnungen aufgeteilt ist, von denen jede auf ihre eigene Weise eingerichtet ist. Alle R\u00e4ume sind mit LED-Bildschirmen, WIFI, MoodWall-Tafeln, Flipcharts, Mikrofonen und professionellen K\u00fcchen ausgestattet&#8230; Mit ihrem untypischen Charme bieten die verschiedenen R\u00e4ume dank einer modernen und raffinierten Dekoration einen geselligen Rahmen. &nbsp;<\/p>\n\n\n\n<p><a href=\"http:\/\/maisonlassagne.fr\/\" target=\"_blank\" rel=\"noreferrer noopener\">https:\/\/maisonlassagne.fr\/<\/a><\/p>\n<\/div>\n\n\n\n<div class=\"wp-block-column is-layout-flow wp-block-column-is-layout-flow\">\n<div class=\"wp-block-create-block-title\" style=\"text-align:center\"><h3 class=\"title\" style=\"font-family:Caviar Dreams\"><meta http-equiv=\"content-type\" content=\"text\/html; charset=utf-8\">IHR SEMINAR<br>IN LYON BEI<\/h3><\/div>\n\n\n\n<div class=\"wp-block-create-block-title\" style=\"text-align:center\"><h4 class=\"title\" style=\"font-family:Caviar Dreams\">Les N\u00e9gociants<\/h4><\/div>\n\n\n<div class=\"wp-block-image\">\n<figure class=\"aligncenter size-large\"><img loading=\"lazy\" decoding=\"async\" width=\"455\" height=\"160\" src=\"https:\/\/www.hotel-lyon-grandhoteldesterreaux.fr\/wp-content\/uploads\/2021\/06\/seminaire-logo-grandcafe-des-negociants.jpg\" alt=\"\" class=\"wp-image-588\" srcset=\"https:\/\/www.hotel-lyon-grandhoteldesterreaux.fr\/wp-content\/uploads\/2021\/06\/seminaire-logo-grandcafe-des-negociants.jpg 455w, https:\/\/www.hotel-lyon-grandhoteldesterreaux.fr\/wp-content\/uploads\/2021\/06\/seminaire-logo-grandcafe-des-negociants-300x105.jpg 300w\" sizes=\"auto, (max-width: 455px) 100vw, 455px\" \/><\/figure>\n<\/div>\n\n\n<p>Das Business Center N\u00e9gociants verf\u00fcgt \u00fcber 210 <sup>m2 <\/sup>ausgestattete Fl\u00e4che f\u00fcr Ihr Seminar in Lyon. Im Herzen des Cordeliers-Viertels im <sup>2. <\/sup>Stadtbezirk von Lyon (5 Minuten zu Fu\u00df von unserem Grand H\u00f4tel des Terreaux) gelegen, ist der Raum modular aufgebaut und bietet mehrere R\u00e4ume f\u00fcr gleichzeitige Sitzungen. Die R\u00e4ume sind mit Overheadprojektoren und Tafeln ausgestattet.<\/p>\n\n\n\n<p><a href=\"https:\/\/www.lesnegociants.com\/centre-daffaires-des-negociants\" target=\"_blank\" rel=\"noreferrer noopener\">https:\/\/www.lesnegociants.com\/centre-daffaires-des-negociants<\/a><\/p>\n<\/div>\n<\/div>\n\n\n\n<div class=\"wp-block-columns col3-spaced block-partners is-layout-flex wp-container-core-columns-is-layout-9d6595d7 wp-block-columns-is-layout-flex\">\n<div class=\"wp-block-column is-layout-flow wp-block-column-is-layout-flow\">\n<div class=\"wp-block-create-block-title\" style=\"text-align:center\"><h3 class=\"title\" style=\"font-family:Caviar Dreams\"><meta http-equiv=\"content-type\" content=\"text\/html; charset=utf-8\">IHR SEMINAR<br>IN LYON AUF DEN<\/h3><\/div>\n\n\n\n<div class=\"wp-block-create-block-title\" style=\"text-align:center\"><h4 class=\"title\" style=\"font-family:Caviar Dreams\">Yachts de Lyon<\/h4><\/div>\n\n\n<div class=\"wp-block-image\">\n<figure class=\"aligncenter size-large\"><img loading=\"lazy\" decoding=\"async\" width=\"455\" height=\"160\" src=\"https:\/\/www.hotel-lyon-grandhoteldesterreaux.fr\/wp-content\/uploads\/2021\/06\/seminaire-logo-les-yatchs-de-lyon.jpg\" alt=\"\" class=\"wp-image-583\" srcset=\"https:\/\/www.hotel-lyon-grandhoteldesterreaux.fr\/wp-content\/uploads\/2021\/06\/seminaire-logo-les-yatchs-de-lyon.jpg 455w, https:\/\/www.hotel-lyon-grandhoteldesterreaux.fr\/wp-content\/uploads\/2021\/06\/seminaire-logo-les-yatchs-de-lyon-300x105.jpg 300w\" sizes=\"auto, (max-width: 455px) 100vw, 455px\" \/><\/figure>\n<\/div>\n\n\n<p>Die Yachten von Lyon bieten 6 Boote an, mit denen man auf der Sa\u00f4ne und der Rh\u00f4ne fahren oder am Kai bleiben kann. Der gr\u00f6\u00dfte hat eine maximale Kapazit\u00e4t von 140 Personen. Um Ihr Seminar in Lyon zu optimieren, gibt es in der ganzen Stadt mehrere Einstiegsstationen.&nbsp; Die Boote sind ideal f\u00fcr Abende oder Mittagessen in einer sehr lustigen und ungew\u00f6hnlichen Umgebung in der Stadt. Sie sind auch f\u00fcr Besprechungen ausgestattet (Bildschirme, Mikrofone, Videoprojektor, Papier&#8230;).<\/p>\n\n\n\n<p><a href=\"https:\/\/www.lesyachtsdelyon.com\/\" target=\"_blank\" rel=\"noreferrer noopener\">https:\/\/www.lesyachtsdelyon.com\/<\/a><\/p>\n<\/div>\n\n\n\n<div class=\"wp-block-column is-layout-flow wp-block-column-is-layout-flow\">\n<div class=\"wp-block-create-block-title\" style=\"text-align:center\"><h3 class=\"title\" style=\"font-family:Caviar Dreams\"><meta http-equiv=\"content-type\" content=\"text\/html; charset=utf-8\">IHR ARBEITSPLATZ<br>IM HERZEN DER PRESQU&#8217;\u00ceLE<\/h3><\/div>\n\n\n\n<div class=\"wp-block-create-block-title\" style=\"text-align:center\"><h4 class=\"title\" style=\"font-family:Caviar Dreams\">Espace Rh\u00f4ne<\/h4><\/div>\n\n\n<div class=\"wp-block-image\">\n<figure class=\"aligncenter size-full\"><img loading=\"lazy\" decoding=\"async\" width=\"455\" height=\"160\" src=\"https:\/\/www.hotel-lyon-grandhoteldesterreaux.fr\/wp-content\/uploads\/2023\/10\/espace-rhone.jpg\" alt=\"\" class=\"wp-image-11755\" srcset=\"https:\/\/www.hotel-lyon-grandhoteldesterreaux.fr\/wp-content\/uploads\/2023\/10\/espace-rhone.jpg 455w, https:\/\/www.hotel-lyon-grandhoteldesterreaux.fr\/wp-content\/uploads\/2023\/10\/espace-rhone-300x105.jpg 300w\" sizes=\"auto, (max-width: 455px) 100vw, 455px\" \/><\/figure>\n<\/div>\n\n\n<p>Und 5 Minuten vom Grand H\u00f4tel des Terreaux Lyons Erste Viertel entfernt.<\/p>\n\n\n\n<p>Verf\u00fcgen Sie f\u00fcr einige Stunden \u00fcber eine Welt der Arbeit, des Nachdenkens und der Interaktion, die Schlichtheit und Komfort, Zeitlosigkeit und Technologie miteinander zu verbinden.<\/p>\n\n\n\n<p>Trumpf: Ein wohlwollender und professioneller, pr\u00e4senter, aber diskreter Service in sinnvoll klimatisierten, schallisolierten und gro\u00dfz\u00fcgig ausgestatteten R\u00e4umen.<\/p>\n\n\n\n<p><a href=\"https:\/\/www.espacerhone.fr\/en\/\">https:\/\/www.espacerhone.fr\/en\/<\/a><\/p>\n<\/div>\n<\/div>\n<\/div><\/div>\n\n\n\n<div class=\"wp-block-group\"><div class=\"wp-block-group__inner-container is-layout-flow wp-block-group-is-layout-flow\">\n<div class=\"wp-block-create-block-title\" style=\"text-align:center\"><h2 class=\"title\" style=\"font-family:Caviar Dreams\"><strong>Unsere Wellnessbereiche f\u00fcr Ihr Seminar in Lyon<\/strong><\/h2><\/div>\n\n\n<div class=\"wp-block-image\">\n<figure class=\"aligncenter size-large\"><img loading=\"lazy\" decoding=\"async\" width=\"400\" height=\"51\" src=\"https:\/\/www.hotel-lyon-grandhoteldesterreaux.fr\/wp-content\/uploads\/2021\/05\/separateur.png\" alt=\"\" class=\"wp-image-427\" srcset=\"https:\/\/www.hotel-lyon-grandhoteldesterreaux.fr\/wp-content\/uploads\/2021\/05\/separateur.png 400w, https:\/\/www.hotel-lyon-grandhoteldesterreaux.fr\/wp-content\/uploads\/2021\/05\/separateur-300x38.png 300w\" sizes=\"auto, (max-width: 400px) 100vw, 400px\" \/><\/figure>\n<\/div>\n\n\n<div class=\"wp-block-columns is-layout-flex wp-container-core-columns-is-layout-9d6595d7 wp-block-columns-is-layout-flex\">\n<div class=\"wp-block-column is-layout-flow wp-block-column-is-layout-flow\"><div class=\"wp-block-image is-resized\">\n<figure class=\"aligncenter size-large\"><img loading=\"lazy\" decoding=\"async\" width=\"375\" height=\"375\" src=\"https:\/\/www.hotel-lyon-grandhoteldesterreaux.fr\/wp-content\/uploads\/2021\/07\/pixto-bassins.png\" alt=\"Bassins d\u00e9tente\" class=\"wp-image-1302\" srcset=\"https:\/\/www.hotel-lyon-grandhoteldesterreaux.fr\/wp-content\/uploads\/2021\/07\/pixto-bassins.png 375w, https:\/\/www.hotel-lyon-grandhoteldesterreaux.fr\/wp-content\/uploads\/2021\/07\/pixto-bassins-300x300.png 300w, https:\/\/www.hotel-lyon-grandhoteldesterreaux.fr\/wp-content\/uploads\/2021\/07\/pixto-bassins-150x150.png 150w\" sizes=\"auto, (max-width: 375px) 100vw, 375px\" \/><figcaption class=\"wp-element-caption\">Unsere Schwimmb\u00e4der stehen allen unseren G\u00e4sten von 14 bis 23 Uhr kostenlos zur Verf\u00fcgung.<\/figcaption><\/figure>\n<\/div><\/div>\n\n\n\n<div class=\"wp-block-column is-layout-flow wp-block-column-is-layout-flow\"><div class=\"wp-block-image is-resized\">\n<figure class=\"aligncenter size-large\"><img loading=\"lazy\" decoding=\"async\" width=\"375\" height=\"375\" src=\"https:\/\/www.hotel-lyon-grandhoteldesterreaux.fr\/wp-content\/uploads\/2021\/07\/picto-bar.png\" alt=\"Bar\" class=\"wp-image-1307\" srcset=\"https:\/\/www.hotel-lyon-grandhoteldesterreaux.fr\/wp-content\/uploads\/2021\/07\/picto-bar.png 375w, https:\/\/www.hotel-lyon-grandhoteldesterreaux.fr\/wp-content\/uploads\/2021\/07\/picto-bar-300x300.png 300w, https:\/\/www.hotel-lyon-grandhoteldesterreaux.fr\/wp-content\/uploads\/2021\/07\/picto-bar-150x150.png 150w\" sizes=\"auto, (max-width: 375px) 100vw, 375px\" \/><figcaption class=\"wp-element-caption\">Unsere Bar ist bis 1 Uhr nachts ge\u00f6ffnet.<\/figcaption><\/figure>\n<\/div><\/div>\n\n\n\n<div class=\"wp-block-column is-layout-flow wp-block-column-is-layout-flow\"><div class=\"wp-block-image is-resized\">\n<figure class=\"aligncenter size-large\"><img loading=\"lazy\" decoding=\"async\" width=\"375\" height=\"375\" src=\"https:\/\/www.hotel-lyon-grandhoteldesterreaux.fr\/wp-content\/uploads\/2021\/07\/picto-petit-dejeuner.png\" alt=\"Petit d\u00e9jeuner\" class=\"wp-image-1317\" srcset=\"https:\/\/www.hotel-lyon-grandhoteldesterreaux.fr\/wp-content\/uploads\/2021\/07\/picto-petit-dejeuner.png 375w, https:\/\/www.hotel-lyon-grandhoteldesterreaux.fr\/wp-content\/uploads\/2021\/07\/picto-petit-dejeuner-300x300.png 300w, https:\/\/www.hotel-lyon-grandhoteldesterreaux.fr\/wp-content\/uploads\/2021\/07\/picto-petit-dejeuner-150x150.png 150w\" sizes=\"auto, (max-width: 375px) 100vw, 375px\" \/><figcaption class=\"wp-element-caption\">Das Fr\u00fchst\u00fcck wird ab 7 Uhr in Buffetform serviert.<\/figcaption><\/figure>\n<\/div><\/div>\n<\/div>\n\n\n\n<p class=\"wp-block-create-block-button has-text-align-center\"><a class=\"btn btn-style1\" href=\"https:\/\/www.hotel-lyon-grandhoteldesterreaux.fr\/de\/4-sterne-hotel-in-lyon\/\">Erfahren Sie mehr \u00fcber unser Hotel<\/a><\/p>\n<\/div><\/div>\n","protected":false},"excerpt":{"rendered":"<p>Unser Hotel im 1. Arrondissement von Lyon, direkt am ber\u00fchmten Place des Terreaux, liegt im Herzen der Stadt und kann Gruppen in 53 einzigartig eingerichteten Zimmern unterbringen, um Ihr Seminar in Lyon zu organisieren.&nbsp; Unser Grand H\u00f4tel des Terreaux verf\u00fcgt nicht direkt \u00fcber einen Tagungsraum, aber wir k\u00f6nnen Ihr Seminar dank unserer Partner in der [&hellip;]<\/p>\n","protected":false},"author":1,"featured_media":0,"parent":0,"menu_order":0,"comment_status":"closed","ping_status":"closed","template":"","meta":{"pgc_sgb_lightbox_settings":"","footnotes":""},"class_list":["post-1683","page","type-page","status-publish","hentry"],"yoast_head":"<!-- This site is optimized with the Yoast SEO plugin v27.0 - https:\/\/yoast.com\/product\/yoast-seo-wordpress\/ -->\n<title>Seminare - Grand H\u00f4tel des Terreaux<\/title>\n<meta name=\"description\" content=\"Seminare Lyon: Organisieren Sie Ihr Seminar im Grand H\u00f4tel des Terreaux! Profitieren Sie von einer luxuri\u00f6sen Unterkunft im Herzen der Stadt und professioneller Unterst\u00fctzung.\" \/>\n<meta name=\"robots\" content=\"index, follow, max-snippet:-1, max-image-preview:large, max-video-preview:-1\" \/>\n<link rel=\"canonical\" href=\"https:\/\/www.hotel-lyon-grandhoteldesterreaux.fr\/de\/seminar-lyon\/\" \/>\n<meta property=\"og:locale\" content=\"de_DE\" \/>\n<meta property=\"og:type\" content=\"article\" \/>\n<meta property=\"og:title\" content=\"Seminare - Grand H\u00f4tel des Terreaux\" \/>\n<meta property=\"og:description\" content=\"Seminare Lyon: Organisieren Sie Ihr Seminar im Grand H\u00f4tel des Terreaux! Profitieren Sie von einer luxuri\u00f6sen Unterkunft im Herzen der Stadt und professioneller Unterst\u00fctzung.\" \/>\n<meta property=\"og:url\" content=\"https:\/\/www.hotel-lyon-grandhoteldesterreaux.fr\/de\/seminar-lyon\/\" \/>\n<meta property=\"og:site_name\" content=\"Grand H\u00f4tel des Terreaux\" \/>\n<meta property=\"article:modified_time\" content=\"2023-10-24T06:38:06+00:00\" \/>\n<meta property=\"og:image\" content=\"https:\/\/www.hotel-lyon-grandhoteldesterreaux.fr\/wp-content\/uploads\/2021\/06\/seminaire-logo-maison-lacassagne.jpg\" \/>\n<meta name=\"twitter:card\" content=\"summary_large_image\" \/>\n<script type=\"application\/ld+json\" class=\"yoast-schema-graph\">{\"@context\":\"https:\/\/schema.org\",\"@graph\":[{\"@type\":\"WebPage\",\"@id\":\"https:\/\/www.hotel-lyon-grandhoteldesterreaux.fr\/de\/seminar-lyon\/\",\"url\":\"https:\/\/www.hotel-lyon-grandhoteldesterreaux.fr\/de\/seminar-lyon\/\",\"name\":\"Seminare - Grand H\u00f4tel des Terreaux\",\"isPartOf\":{\"@id\":\"https:\/\/www.hotel-lyon-grandhoteldesterreaux.fr\/de\/#website\"},\"primaryImageOfPage\":{\"@id\":\"https:\/\/www.hotel-lyon-grandhoteldesterreaux.fr\/de\/seminar-lyon\/#primaryimage\"},\"image\":{\"@id\":\"https:\/\/www.hotel-lyon-grandhoteldesterreaux.fr\/de\/seminar-lyon\/#primaryimage\"},\"thumbnailUrl\":\"https:\/\/www.hotel-lyon-grandhoteldesterreaux.fr\/wp-content\/uploads\/2021\/06\/seminaire-logo-maison-lacassagne.jpg\",\"datePublished\":\"2020-07-21T09:08:45+00:00\",\"dateModified\":\"2023-10-24T06:38:06+00:00\",\"description\":\"Seminare Lyon: Organisieren Sie Ihr Seminar im Grand H\u00f4tel des Terreaux! Profitieren Sie von einer luxuri\u00f6sen Unterkunft im Herzen der Stadt und professioneller Unterst\u00fctzung.\",\"breadcrumb\":{\"@id\":\"https:\/\/www.hotel-lyon-grandhoteldesterreaux.fr\/de\/seminar-lyon\/#breadcrumb\"},\"inLanguage\":\"de\",\"potentialAction\":[{\"@type\":\"ReadAction\",\"target\":[\"https:\/\/www.hotel-lyon-grandhoteldesterreaux.fr\/de\/seminar-lyon\/\"]}]},{\"@type\":\"ImageObject\",\"inLanguage\":\"de\",\"@id\":\"https:\/\/www.hotel-lyon-grandhoteldesterreaux.fr\/de\/seminar-lyon\/#primaryimage\",\"url\":\"https:\/\/www.hotel-lyon-grandhoteldesterreaux.fr\/wp-content\/uploads\/2021\/06\/seminaire-logo-maison-lacassagne.jpg\",\"contentUrl\":\"https:\/\/www.hotel-lyon-grandhoteldesterreaux.fr\/wp-content\/uploads\/2021\/06\/seminaire-logo-maison-lacassagne.jpg\"},{\"@type\":\"BreadcrumbList\",\"@id\":\"https:\/\/www.hotel-lyon-grandhoteldesterreaux.fr\/de\/seminar-lyon\/#breadcrumb\",\"itemListElement\":[{\"@type\":\"ListItem\",\"position\":1,\"name\":\"Home\",\"item\":\"https:\/\/www.hotel-lyon-grandhoteldesterreaux.fr\/de\/\"},{\"@type\":\"ListItem\",\"position\":2,\"name\":\"Seminare\"}]},{\"@type\":\"WebSite\",\"@id\":\"https:\/\/www.hotel-lyon-grandhoteldesterreaux.fr\/de\/#website\",\"url\":\"https:\/\/www.hotel-lyon-grandhoteldesterreaux.fr\/de\/\",\"name\":\"Grand H\u00f4tel des Terreaux\",\"description\":\"\",\"publisher\":{\"@id\":\"https:\/\/www.hotel-lyon-grandhoteldesterreaux.fr\/de\/#organization\"},\"potentialAction\":[{\"@type\":\"SearchAction\",\"target\":{\"@type\":\"EntryPoint\",\"urlTemplate\":\"https:\/\/www.hotel-lyon-grandhoteldesterreaux.fr\/de\/?s={search_term_string}\"},\"query-input\":{\"@type\":\"PropertyValueSpecification\",\"valueRequired\":true,\"valueName\":\"search_term_string\"}}],\"inLanguage\":\"de\"},{\"@type\":\"Organization\",\"@id\":\"https:\/\/www.hotel-lyon-grandhoteldesterreaux.fr\/de\/#organization\",\"name\":\"Grand H\u00f4tel des Terreaux\",\"url\":\"https:\/\/www.hotel-lyon-grandhoteldesterreaux.fr\/de\/\",\"logo\":{\"@type\":\"ImageObject\",\"inLanguage\":\"de\",\"@id\":\"https:\/\/www.hotel-lyon-grandhoteldesterreaux.fr\/de\/#\/schema\/logo\/image\/\",\"url\":\"https:\/\/www.hotel-lyon-grandhoteldesterreaux.fr\/wp-content\/uploads\/2021\/07\/ght-logo.png\",\"contentUrl\":\"https:\/\/www.hotel-lyon-grandhoteldesterreaux.fr\/wp-content\/uploads\/2021\/07\/ght-logo.png\",\"width\":400,\"height\":41,\"caption\":\"Grand H\u00f4tel des Terreaux\"},\"image\":{\"@id\":\"https:\/\/www.hotel-lyon-grandhoteldesterreaux.fr\/de\/#\/schema\/logo\/image\/\"}}]}<\/script>\n<!-- \/ Yoast SEO plugin. -->","yoast_head_json":{"title":"Seminare - Grand H\u00f4tel des Terreaux","description":"Seminare Lyon: Organisieren Sie Ihr Seminar im Grand H\u00f4tel des Terreaux! Profitieren Sie von einer luxuri\u00f6sen Unterkunft im Herzen der Stadt und professioneller Unterst\u00fctzung.","robots":{"index":"index","follow":"follow","max-snippet":"max-snippet:-1","max-image-preview":"max-image-preview:large","max-video-preview":"max-video-preview:-1"},"canonical":"https:\/\/www.hotel-lyon-grandhoteldesterreaux.fr\/de\/seminar-lyon\/","og_locale":"de_DE","og_type":"article","og_title":"Seminare - Grand H\u00f4tel des Terreaux","og_description":"Seminare Lyon: Organisieren Sie Ihr Seminar im Grand H\u00f4tel des Terreaux! Profitieren Sie von einer luxuri\u00f6sen Unterkunft im Herzen der Stadt und professioneller Unterst\u00fctzung.","og_url":"https:\/\/www.hotel-lyon-grandhoteldesterreaux.fr\/de\/seminar-lyon\/","og_site_name":"Grand H\u00f4tel des Terreaux","article_modified_time":"2023-10-24T06:38:06+00:00","og_image":[{"url":"https:\/\/www.hotel-lyon-grandhoteldesterreaux.fr\/wp-content\/uploads\/2021\/06\/seminaire-logo-maison-lacassagne.jpg","type":"","width":"","height":""}],"twitter_card":"summary_large_image","schema":{"@context":"https:\/\/schema.org","@graph":[{"@type":"WebPage","@id":"https:\/\/www.hotel-lyon-grandhoteldesterreaux.fr\/de\/seminar-lyon\/","url":"https:\/\/www.hotel-lyon-grandhoteldesterreaux.fr\/de\/seminar-lyon\/","name":"Seminare - Grand H\u00f4tel des Terreaux","isPartOf":{"@id":"https:\/\/www.hotel-lyon-grandhoteldesterreaux.fr\/de\/#website"},"primaryImageOfPage":{"@id":"https:\/\/www.hotel-lyon-grandhoteldesterreaux.fr\/de\/seminar-lyon\/#primaryimage"},"image":{"@id":"https:\/\/www.hotel-lyon-grandhoteldesterreaux.fr\/de\/seminar-lyon\/#primaryimage"},"thumbnailUrl":"https:\/\/www.hotel-lyon-grandhoteldesterreaux.fr\/wp-content\/uploads\/2021\/06\/seminaire-logo-maison-lacassagne.jpg","datePublished":"2020-07-21T09:08:45+00:00","dateModified":"2023-10-24T06:38:06+00:00","description":"Seminare Lyon: Organisieren Sie Ihr Seminar im Grand H\u00f4tel des Terreaux! Profitieren Sie von einer luxuri\u00f6sen Unterkunft im Herzen der Stadt und professioneller Unterst\u00fctzung.","breadcrumb":{"@id":"https:\/\/www.hotel-lyon-grandhoteldesterreaux.fr\/de\/seminar-lyon\/#breadcrumb"},"inLanguage":"de","potentialAction":[{"@type":"ReadAction","target":["https:\/\/www.hotel-lyon-grandhoteldesterreaux.fr\/de\/seminar-lyon\/"]}]},{"@type":"ImageObject","inLanguage":"de","@id":"https:\/\/www.hotel-lyon-grandhoteldesterreaux.fr\/de\/seminar-lyon\/#primaryimage","url":"https:\/\/www.hotel-lyon-grandhoteldesterreaux.fr\/wp-content\/uploads\/2021\/06\/seminaire-logo-maison-lacassagne.jpg","contentUrl":"https:\/\/www.hotel-lyon-grandhoteldesterreaux.fr\/wp-content\/uploads\/2021\/06\/seminaire-logo-maison-lacassagne.jpg"},{"@type":"BreadcrumbList","@id":"https:\/\/www.hotel-lyon-grandhoteldesterreaux.fr\/de\/seminar-lyon\/#breadcrumb","itemListElement":[{"@type":"ListItem","position":1,"name":"Home","item":"https:\/\/www.hotel-lyon-grandhoteldesterreaux.fr\/de\/"},{"@type":"ListItem","position":2,"name":"Seminare"}]},{"@type":"WebSite","@id":"https:\/\/www.hotel-lyon-grandhoteldesterreaux.fr\/de\/#website","url":"https:\/\/www.hotel-lyon-grandhoteldesterreaux.fr\/de\/","name":"Grand H\u00f4tel des Terreaux","description":"","publisher":{"@id":"https:\/\/www.hotel-lyon-grandhoteldesterreaux.fr\/de\/#organization"},"potentialAction":[{"@type":"SearchAction","target":{"@type":"EntryPoint","urlTemplate":"https:\/\/www.hotel-lyon-grandhoteldesterreaux.fr\/de\/?s={search_term_string}"},"query-input":{"@type":"PropertyValueSpecification","valueRequired":true,"valueName":"search_term_string"}}],"inLanguage":"de"},{"@type":"Organization","@id":"https:\/\/www.hotel-lyon-grandhoteldesterreaux.fr\/de\/#organization","name":"Grand H\u00f4tel des Terreaux","url":"https:\/\/www.hotel-lyon-grandhoteldesterreaux.fr\/de\/","logo":{"@type":"ImageObject","inLanguage":"de","@id":"https:\/\/www.hotel-lyon-grandhoteldesterreaux.fr\/de\/#\/schema\/logo\/image\/","url":"https:\/\/www.hotel-lyon-grandhoteldesterreaux.fr\/wp-content\/uploads\/2021\/07\/ght-logo.png","contentUrl":"https:\/\/www.hotel-lyon-grandhoteldesterreaux.fr\/wp-content\/uploads\/2021\/07\/ght-logo.png","width":400,"height":41,"caption":"Grand H\u00f4tel des Terreaux"},"image":{"@id":"https:\/\/www.hotel-lyon-grandhoteldesterreaux.fr\/de\/#\/schema\/logo\/image\/"}}]}},"_links":{"self":[{"href":"https:\/\/www.hotel-lyon-grandhoteldesterreaux.fr\/de\/wp-json\/wp\/v2\/pages\/1683","targetHints":{"allow":["GET"]}}],"collection":[{"href":"https:\/\/www.hotel-lyon-grandhoteldesterreaux.fr\/de\/wp-json\/wp\/v2\/pages"}],"about":[{"href":"https:\/\/www.hotel-lyon-grandhoteldesterreaux.fr\/de\/wp-json\/wp\/v2\/types\/page"}],"author":[{"embeddable":true,"href":"https:\/\/www.hotel-lyon-grandhoteldesterreaux.fr\/de\/wp-json\/wp\/v2\/users\/1"}],"replies":[{"embeddable":true,"href":"https:\/\/www.hotel-lyon-grandhoteldesterreaux.fr\/de\/wp-json\/wp\/v2\/comments?post=1683"}],"version-history":[{"count":8,"href":"https:\/\/www.hotel-lyon-grandhoteldesterreaux.fr\/de\/wp-json\/wp\/v2\/pages\/1683\/revisions"}],"predecessor-version":[{"id":11774,"href":"https:\/\/www.hotel-lyon-grandhoteldesterreaux.fr\/de\/wp-json\/wp\/v2\/pages\/1683\/revisions\/11774"}],"wp:attachment":[{"href":"https:\/\/www.hotel-lyon-grandhoteldesterreaux.fr\/de\/wp-json\/wp\/v2\/media?parent=1683"}],"curies":[{"name":"wp","href":"https:\/\/api.w.org\/{rel}","templated":true}]}}