{"id":1647,"date":"2020-07-21T11:08:32","date_gmt":"2020-07-21T09:08:32","guid":{"rendered":"https:\/\/www.hotel-lyon-grandhoteldesterreaux.fr\/sejour-a-lyon\/"},"modified":"2021-09-24T10:44:00","modified_gmt":"2021-09-24T08:44:00","slug":"besuch-in-lyon","status":"publish","type":"page","link":"https:\/\/www.hotel-lyon-grandhoteldesterreaux.fr\/de\/besuch-in-lyon\/","title":{"rendered":"Unsere Pakete"},"content":{"rendered":"\n<div class=\"wp-block-group\"><div class=\"wp-block-group__inner-container is-layout-flow wp-block-group-is-layout-flow\">\n<div class=\"wp-block-create-block-title\" style=\"text-align:center\"><h2 class=\"title\" style=\"color:#242f3a;font-family:Caviar Dreams\"><strong>Unser Angebot f\u00fcr einen Besuch in Lyon<\/strong><\/h2><\/div>\n\n\n\n<p>Um Ihren Aufenthalt in Lyon so angenehm wie m\u00f6glich zu gestalten, bietet Ihnen unser Grand H\u00f4tel des Terreaux spezielle Pakete an, die es Ihnen erm\u00f6glichen, die Stadt der Lichter zu besuchen und gleichzeitig die Vorteile unserer Partner in Lyon zu genie\u00dfen. Egal, ob Sie gesch\u00e4ftlich bei uns sind, die Kultur entdecken oder einen romantischen Kurzurlaub genie\u00dfen m\u00f6chten, z\u00f6gern Sie nicht, unsere verschiedenen Angebote zu erkunden:<\/p>\n<\/div><\/div>\n\n\n    \n                    <div class=\"block-formule\">\n            <div class=\"row block-formule-header\">\n                <div class=\"col col4 block-formule-header-offer\">\n                    Sonderangebot Aufenthalt in Lyon\n                <\/div>\n\n                <div class=\"col col8 block-formule-header-title\">\n                    <h2>City Card 4 Tage\/4 N\u00e4chte inklusive<\/h2>\n                <\/div>\n            <\/div>\n            <div class=\"row block-formule-content\">\n                <div class=\"col col4 block-formule-content-img\">\n                                            <div class=\"img\">\n                            <img decoding=\"async\" loading=\"lazy\" src=\"https:\/\/www.hotel-lyon-grandhoteldesterreaux.fr\/wp-content\/uploads\/2021\/05\/jill-salinger-grand-hotel-des-terreaux-marielle-besson-010911.jpg\" alt=\"\"\/>\n                        <\/div>\n                                    <\/div>\n                <div class=\"col col8 block-formule-content-paragraph\">\n                    <div class=\"block-formule-content-paragraph-content\">\n                                                    <!-- wp:group -->\n<div class=\"wp-block-group\"><!-- wp:create-block\/title {\"alignment\":\"center\",\"tagText\":\"h3\"} -->\n<div class=\"wp-block-create-block-title\" style=\"text-align:center\"><h3 class=\"title\" style=\"font-family:Caviar Dreams\"><strong>Besuchen Sie Lyon mit unserem vorteilhaften Angebot f\u00fcr einen 4-t\u00e4gigen All-Inclusive-Kulturaufenthalt<\/strong><\/h3><\/div>\n<!-- \/wp:create-block\/title -->\n\n<!-- wp:paragraph -->\n<p>Schlendern Sie durch die engen Gassen der Altstadt von Lyon mit einem F\u00fchrer, der Sie durch die geheimsten Traboules f\u00fchrt, besuchen Sie die sch\u00f6nsten Kunst-, Wissenschafts- oder Geschichtsmuseen, fahren Sie mit dem ber\u00fchmten \u00f6ffentlichen Verkehrsmittel \"Ficelle\" zur Basilika von Fourvi\u00e8re oder schippern Sie auf der Sa\u00f4ne oder der Rh\u00f4ne, um Lyon auf eine untypische Art und Weise zu besichtigen... das 4-Tage-Paket der Lyon City Card erm\u00f6glicht Ihnen einen sehr kompletten Aufenthalt in Lyon.<\/p>\n<!-- \/wp:paragraph --><\/div>\n<!-- \/wp:group -->\n                                            <\/div>\n                <\/div>\n            <\/div>\n\n                            <h3 class=\"subtitle-formule\">Bei diesem 4-N\u00e4chte-Aufenthalt in Lyon sind folgende Leistungen inbegriffen <\/h3>\n\n                <div class=\"block-formule-tags\">\n                    <div class=\"block-formule-tags-content\">\n                        <div class=\"row\">\n                                                            <div class=\"block-formule-tags-item\">\n                                    <i class=\"ght-i ght-4-nuitees\"><\/i>\n                                    <h4>Unterkunft 4 N\u00e4chte<\/h4>\n                                <\/div>\n                                                            <div class=\"block-formule-tags-item\">\n                                    <i class=\"ght-i ght-petit-dejeuner\"><\/i>\n                                    <h4>Fr\u00fchst\u00fcck<\/h4>\n                                <\/div>\n                                                            <div class=\"block-formule-tags-item\">\n                                    <i class=\"ght-i ght-city-card-4-jours\"><\/i>\n                                    <h4>1 Lyon City Card f\u00fcr 4 Tage pro Person<\/h4>\n                                <\/div>\n                                                            <div class=\"block-formule-tags-item\">\n                                    <i class=\"ght-i ght-cadeau\"><\/i>\n                                    <h4>Ein kleines Geschenk aus Lyon<\/h4>\n                                <\/div>\n                                                            <div class=\"block-formule-tags-item\">\n                                    <i class=\"ght-i ght-bassin\"><\/i>\n                                    <h4>Zugang zu unserem Schwimmbad und Balneo von 14.00 bis 23.00 Uhr<\/h4>\n                                <\/div>\n                                                    <\/div>\n                    <\/div>\n\n                    <a class=\"btn btn-style2\" href=\"https:\/\/www.secure-hotel-booking.com\/Grand-Hotel-des-Terreaux\/J1G4\/dateselection?\" target=\"_blank\">Buchen Sie dieses Angebot f\u00fcr einen Aufenthalt in Lyon<\/a>\n                <\/div>\n                    <\/div>\n                    <div class=\"block-formule\">\n            <div class=\"row block-formule-header\">\n                <div class=\"col col4 block-formule-header-offer\">\n                    Sonderangebot Aufenthalt in Lyon\n                <\/div>\n\n                <div class=\"col col8 block-formule-header-title\">\n                    <h2>City Card 2 Tage\/2 N\u00e4chte inklusive<\/h2>\n                <\/div>\n            <\/div>\n            <div class=\"row block-formule-content\">\n                <div class=\"col col4 block-formule-content-img\">\n                                            <div class=\"img\">\n                            <img decoding=\"async\" loading=\"lazy\" src=\"https:\/\/www.hotel-lyon-grandhoteldesterreaux.fr\/wp-content\/uploads\/2021\/05\/jill-salinger-grand-hotel-des-terreaux-marielle-besson-010231.jpg\" alt=\"\"\/>\n                        <\/div>\n                                    <\/div>\n                <div class=\"col col8 block-formule-content-paragraph\">\n                    <div class=\"block-formule-content-paragraph-content\">\n                                                    <!-- wp:group -->\n<div class=\"wp-block-group\"><!-- wp:create-block\/title {\"alignment\":\"center\",\"tagText\":\"h3\"} -->\n<div class=\"wp-block-create-block-title\" style=\"text-align:center\"><h3 class=\"title\" style=\"font-family:Caviar Dreams\"><strong>Besuchen Sie Lyon mit unserem vorteilhaften Angebot f\u00fcr einen 2-t\u00e4gigen All-Inclusive-Kulturaufenthalt<\/strong><\/h3><\/div>\n<!-- \/wp:create-block\/title -->\n\n<!-- wp:paragraph -->\n<p>Schlendern Sie mit Ihrem F\u00fchrer durch die engen Gassen der Altstadt von Lyon, besuchen Sie die sch\u00f6nsten Museen f\u00fcr Kunst, Wissenschaft oder Geschichte, fahren Sie mit den \u00f6ffentlichen Verkehrsmitteln nach Fourvi\u00e8re mit der ber\u00fchmten \"Ficelle\" oder schippern Sie schlie\u00dflich durch Lyon auf der Sa\u00f4ne oder der Rh\u00f4ne, um Lyon auf eine untypische Weise zu besichtigen... Das 2-Tage-Paket der Lyon City Card wird Ihren Aufenthalt in Lyon sehr angenehm machen.<\/p>\n<!-- \/wp:paragraph --><\/div>\n<!-- \/wp:group -->\n                                            <\/div>\n                <\/div>\n            <\/div>\n\n                            <h3 class=\"subtitle-formule\">In diesem Paket sind 2 \u00dcbernachtungen in Lyon inbegriffen: <\/h3>\n\n                <div class=\"block-formule-tags\">\n                    <div class=\"block-formule-tags-content\">\n                        <div class=\"row\">\n                                                            <div class=\"block-formule-tags-item\">\n                                    <i class=\"ght-i ght-petit-dejeuner\"><\/i>\n                                    <h4>Fr\u00fchst\u00fcck<\/h4>\n                                <\/div>\n                                                            <div class=\"block-formule-tags-item\">\n                                    <i class=\"ght-i ght-cadeau\"><\/i>\n                                    <h4>Ein kleines Geschenk aus Lyon<\/h4>\n                                <\/div>\n                                                            <div class=\"block-formule-tags-item\">\n                                    <i class=\"ght-i ght-bassin\"><\/i>\n                                    <h4>Zugang zu unserem Schwimmbad und Balneo von 14.00 bis 23.00 Uhr<\/h4>\n                                <\/div>\n                                                            <div class=\"block-formule-tags-item\">\n                                    <i class=\"ght-i ght-2-nuitees\"><\/i>\n                                    <h4>Unterkunft 2 N\u00e4chte<\/h4>\n                                <\/div>\n                                                            <div class=\"block-formule-tags-item\">\n                                    <i class=\"ght-i ght-city-card\"><\/i>\n                                    <h4>1 Lyon City Card f\u00fcr 2 Tage pro Person<\/h4>\n                                <\/div>\n                                                    <\/div>\n                    <\/div>\n\n                    <a class=\"btn btn-style2\" href=\"https:\/\/www.secure-hotel-booking.com\/Grand-Hotel-des-Terreaux\/J1G4\/dateselection?\" target=\"_blank\">Buchen Sie dieses Angebot f\u00fcr einen Aufenthalt in Lyon<\/a>\n                <\/div>\n                    <\/div>\n                    <div class=\"block-formule\">\n            <div class=\"row block-formule-header\">\n                <div class=\"col col4 block-formule-header-offer\">\n                    Sonderangebot Aufenthalt in Lyon\n                <\/div>\n\n                <div class=\"col col8 block-formule-header-title\">\n                    <h2>Romantisches Wochenende f\u00fcr 2<\/h2>\n                <\/div>\n            <\/div>\n            <div class=\"row block-formule-content\">\n                <div class=\"col col4 block-formule-content-img\">\n                                            <div class=\"img\">\n                            <img decoding=\"async\" loading=\"lazy\" src=\"https:\/\/www.hotel-lyon-grandhoteldesterreaux.fr\/wp-content\/uploads\/2021\/05\/jill-salinger-grand-hotel-des-terreaux-marielle-besson-010561.jpg\" alt=\"\"\/>\n                        <\/div>\n                                    <\/div>\n                <div class=\"col col8 block-formule-content-paragraph\">\n                    <div class=\"block-formule-content-paragraph-content\">\n                                                    <!-- wp:group -->\n<div class=\"wp-block-group\"><!-- wp:create-block\/title {\"alignment\":\"center\",\"tagText\":\"h3\"} -->\n<div class=\"wp-block-create-block-title\" style=\"text-align:center\"><h3 class=\"title\" style=\"font-family:Caviar Dreams\"><strong>Besuchen Sie Lyon f\u00fcr ein romantisches Wochenende<\/strong><\/h3><\/div>\n<!-- \/wp:create-block\/title -->\n\n<!-- wp:paragraph -->\n<p>Lyon, die Hauptstadt der franz\u00f6sischen Gastronomie, bietet viele M\u00f6glichkeiten f\u00fcr einen romantischen Besuch in Lyon zwischen Verliebten.&nbsp;<\/p>\n<!-- \/wp:paragraph -->\n\n<!-- wp:paragraph -->\n<p>Genie\u00dfen Sie den Komfort und die Eleganz eines unserer Superior-Zimmer f\u00fcr einen leidenschaftlichen Aufenthalt in absoluter Privatsph\u00e4re.<\/p>\n<!-- \/wp:paragraph --><\/div>\n<!-- \/wp:group -->\n                                            <\/div>\n                <\/div>\n            <\/div>\n\n                            <h3 class=\"subtitle-formule\">In diesem Paket ist ein romantischer Aufenthalt in Lyon inbegriffen:<\/h3>\n\n                <div class=\"block-formule-tags\">\n                    <div class=\"block-formule-tags-content\">\n                        <div class=\"row\">\n                                                            <div class=\"block-formule-tags-item\">\n                                    <i class=\"ght-i ght-bassin\"><\/i>\n                                    <h4>Zugang zu unserem Schwimmbad und Balneo von 14.00 bis 23.00 Uhr<\/h4>\n                                <\/div>\n                                                            <div class=\"block-formule-tags-item\">\n                                    <i class=\"ght-i ght-hebergement-chambre-superieur\"><\/i>\n                                    <h4>Unterkunft in einem Superior-Zimmer (Upgrade je nach Verf\u00fcgbarkeit m\u00f6glich)<\/h4>\n                                <\/div>\n                                                            <div class=\"block-formule-tags-item\">\n                                    <i class=\"ght-i ght-love-box\"><\/i>\n                                    <h4>Eine &#034;Tentation&#034;-Liebesbox<\/h4>\n                                <\/div>\n                                                            <div class=\"block-formule-tags-item\">\n                                    <i class=\"ght-i ght-champagne\"><\/i>\n                                    <h4>1\/2 Flasche Champagner<\/h4>\n                                <\/div>\n                                                    <\/div>\n                    <\/div>\n\n                    <a class=\"btn btn-style2\" href=\"https:\/\/www.secure-hotel-booking.com\/Grand-Hotel-des-Terreaux\/J1G4\/dateselection?\" target=\"_blank\">Buchen Sie dieses Angebot f\u00fcr einen Aufenthalt in Lyon<\/a>\n                <\/div>\n                    <\/div>\n                    <div class=\"block-formule\">\n            <div class=\"row block-formule-header\">\n                <div class=\"col col4 block-formule-header-offer\">\n                    Basisangebot Aufenthalt in Lyon\n                <\/div>\n\n                <div class=\"col col8 block-formule-header-title\">\n                    <h2>Nur Unterkunft<\/h2>\n                <\/div>\n            <\/div>\n            <div class=\"row block-formule-content\">\n                <div class=\"col col4 block-formule-content-img\">\n                                            <div class=\"block-formule-content-img-content\">\n                            <!-- wp:group -->\n<div class=\"wp-block-group\"><!-- wp:create-block\/title {\"alignment\":\"center\",\"tagText\":\"h3\"} -->\n<div class=\"wp-block-create-block-title\" style=\"text-align:center\"><h3 class=\"title\" style=\"font-family:Caviar Dreams\"><strong>Schreiben Sie Ihre eigene ma\u00dfgeschneiderte Reise nach Lyon<\/strong><\/h3><\/div>\n<!-- \/wp:create-block\/title -->\n\n<!-- wp:paragraph -->\n<p>Unsere Zimmerpreise sind hier zu <a href=\"https:\/\/www.hotel-lyon-grandhoteldesterreaux.fr\/de\/zimmer\/\" data-type=\"page\" data-id=\"1687\">finden<\/a> und beinhalten<\/p>\n<!-- \/wp:paragraph --><\/div>\n<!-- \/wp:group -->\n                        <\/div>\n                                    <\/div>\n                <div class=\"col col8 block-formule-content-paragraph\">\n                    <div class=\"block-formule-content-paragraph-content\">\n                                                    <div class=\"block-formule-tags\">\n                                <div class=\"block-formule-tags-content\">\n                                    <div class=\"row\">\n                                                                                <div class=\"block-formule-tags-item\">\n                                            <i class=\"ght-i ght-bassin\"><\/i>\n                                            <h4>Zugang zu unserem Schwimmbad und Balneo von 14.00 bis 23.00 Uhr<\/h4>\n                                        <\/div>\n                                                                                <div class=\"block-formule-tags-item\">\n                                            <i class=\"ght-i ght-1-nuitee\"><\/i>\n                                            <h4>Unterkunft<\/h4>\n                                        <\/div>\n                                                                                <div class=\"block-formule-tags-item\">\n                                            <i class=\"ght-i ght-wifi\"><\/i>\n                                            <h4>Kostenloser WiFi-Internetzugang<\/h4>\n                                        <\/div>\n                                                                            <\/div>\n                                <\/div>\n\n                                <a class=\"btn btn-style2\" href=\"https:\/\/www.secure-hotel-booking.com\/Grand-Hotel-des-Terreaux\/J1G4\/dateselection?\" target=\"_blank\">Buchen Sie dieses Angebot f\u00fcr einen Aufenthalt in Lyon<\/a>\n                            <\/div>\n                                            <\/div>\n                <\/div>\n            <\/div>\n\n                    <\/div>\n    \n\n\n\n<p class=\"has-text-align-center has-light-background-color has-background\">Bezahlung im Hotel.<br>Kostenlose \u00c4nderungen und Stornierungen bis um 12 Uhr am Anreisetag.<\/p>\n","protected":false},"excerpt":{"rendered":"<p>Um Ihren Aufenthalt in Lyon so angenehm wie m\u00f6glich zu gestalten, bietet Ihnen unser Grand H\u00f4tel des Terreaux spezielle Pakete an, die es Ihnen erm\u00f6glichen, die Stadt der Lichter zu besuchen und gleichzeitig die Vorteile unserer Partner in Lyon zu genie\u00dfen. Egal, ob Sie gesch\u00e4ftlich bei uns sind, die Kultur entdecken oder einen romantischen Kurzurlaub [&hellip;]<\/p>\n","protected":false},"author":1,"featured_media":0,"parent":0,"menu_order":0,"comment_status":"closed","ping_status":"closed","template":"template-formule.php","meta":{"pgc_sgb_lightbox_settings":"","footnotes":""},"class_list":["post-1647","page","type-page","status-publish","hentry"],"yoast_head":"<!-- This site is optimized with the Yoast SEO plugin v27.0 - https:\/\/yoast.com\/product\/yoast-seo-wordpress\/ -->\n<title>Unsere Pakete - Grand H\u00f4tel des Terreaux<\/title>\n<meta name=\"description\" content=\"Aufenthalt in Lyon: Entdecken Sie alle M\u00f6glichkeiten f\u00fcr einen beruflichen oder touristischen Aufenthalt im Grand H\u00f4tel des Terreaux im Herzen der Stadt.\" \/>\n<meta name=\"robots\" content=\"index, follow, max-snippet:-1, max-image-preview:large, max-video-preview:-1\" \/>\n<link rel=\"canonical\" href=\"https:\/\/www.hotel-lyon-grandhoteldesterreaux.fr\/de\/besuch-in-lyon\/\" \/>\n<meta property=\"og:locale\" content=\"de_DE\" \/>\n<meta property=\"og:type\" content=\"article\" \/>\n<meta property=\"og:title\" content=\"Unsere Pakete - Grand H\u00f4tel des Terreaux\" \/>\n<meta property=\"og:description\" content=\"Aufenthalt in Lyon: Entdecken Sie alle M\u00f6glichkeiten f\u00fcr einen beruflichen oder touristischen Aufenthalt im Grand H\u00f4tel des Terreaux im Herzen der Stadt.\" \/>\n<meta property=\"og:url\" content=\"https:\/\/www.hotel-lyon-grandhoteldesterreaux.fr\/de\/besuch-in-lyon\/\" \/>\n<meta property=\"og:site_name\" content=\"Grand H\u00f4tel des Terreaux\" \/>\n<meta property=\"article:modified_time\" content=\"2021-09-24T08:44:00+00:00\" \/>\n<meta name=\"twitter:card\" content=\"summary_large_image\" \/>\n<script type=\"application\/ld+json\" class=\"yoast-schema-graph\">{\"@context\":\"https:\/\/schema.org\",\"@graph\":[{\"@type\":\"WebPage\",\"@id\":\"https:\/\/www.hotel-lyon-grandhoteldesterreaux.fr\/de\/besuch-in-lyon\/\",\"url\":\"https:\/\/www.hotel-lyon-grandhoteldesterreaux.fr\/de\/besuch-in-lyon\/\",\"name\":\"Unsere Pakete - Grand H\u00f4tel des Terreaux\",\"isPartOf\":{\"@id\":\"https:\/\/www.hotel-lyon-grandhoteldesterreaux.fr\/de\/#website\"},\"datePublished\":\"2020-07-21T09:08:32+00:00\",\"dateModified\":\"2021-09-24T08:44:00+00:00\",\"description\":\"Aufenthalt in Lyon: Entdecken Sie alle M\u00f6glichkeiten f\u00fcr einen beruflichen oder touristischen Aufenthalt im Grand H\u00f4tel des Terreaux im Herzen der Stadt.\",\"breadcrumb\":{\"@id\":\"https:\/\/www.hotel-lyon-grandhoteldesterreaux.fr\/de\/besuch-in-lyon\/#breadcrumb\"},\"inLanguage\":\"de\",\"potentialAction\":[{\"@type\":\"ReadAction\",\"target\":[\"https:\/\/www.hotel-lyon-grandhoteldesterreaux.fr\/de\/besuch-in-lyon\/\"]}]},{\"@type\":\"BreadcrumbList\",\"@id\":\"https:\/\/www.hotel-lyon-grandhoteldesterreaux.fr\/de\/besuch-in-lyon\/#breadcrumb\",\"itemListElement\":[{\"@type\":\"ListItem\",\"position\":1,\"name\":\"Home\",\"item\":\"https:\/\/www.hotel-lyon-grandhoteldesterreaux.fr\/de\/\"},{\"@type\":\"ListItem\",\"position\":2,\"name\":\"Unsere Pakete\"}]},{\"@type\":\"WebSite\",\"@id\":\"https:\/\/www.hotel-lyon-grandhoteldesterreaux.fr\/de\/#website\",\"url\":\"https:\/\/www.hotel-lyon-grandhoteldesterreaux.fr\/de\/\",\"name\":\"Grand H\u00f4tel des Terreaux\",\"description\":\"\",\"publisher\":{\"@id\":\"https:\/\/www.hotel-lyon-grandhoteldesterreaux.fr\/de\/#organization\"},\"potentialAction\":[{\"@type\":\"SearchAction\",\"target\":{\"@type\":\"EntryPoint\",\"urlTemplate\":\"https:\/\/www.hotel-lyon-grandhoteldesterreaux.fr\/de\/?s={search_term_string}\"},\"query-input\":{\"@type\":\"PropertyValueSpecification\",\"valueRequired\":true,\"valueName\":\"search_term_string\"}}],\"inLanguage\":\"de\"},{\"@type\":\"Organization\",\"@id\":\"https:\/\/www.hotel-lyon-grandhoteldesterreaux.fr\/de\/#organization\",\"name\":\"Grand H\u00f4tel des Terreaux\",\"url\":\"https:\/\/www.hotel-lyon-grandhoteldesterreaux.fr\/de\/\",\"logo\":{\"@type\":\"ImageObject\",\"inLanguage\":\"de\",\"@id\":\"https:\/\/www.hotel-lyon-grandhoteldesterreaux.fr\/de\/#\/schema\/logo\/image\/\",\"url\":\"https:\/\/www.hotel-lyon-grandhoteldesterreaux.fr\/wp-content\/uploads\/2021\/07\/ght-logo.png\",\"contentUrl\":\"https:\/\/www.hotel-lyon-grandhoteldesterreaux.fr\/wp-content\/uploads\/2021\/07\/ght-logo.png\",\"width\":400,\"height\":41,\"caption\":\"Grand H\u00f4tel des Terreaux\"},\"image\":{\"@id\":\"https:\/\/www.hotel-lyon-grandhoteldesterreaux.fr\/de\/#\/schema\/logo\/image\/\"}}]}<\/script>\n<!-- \/ Yoast SEO plugin. -->","yoast_head_json":{"title":"Unsere Pakete - Grand H\u00f4tel des Terreaux","description":"Aufenthalt in Lyon: Entdecken Sie alle M\u00f6glichkeiten f\u00fcr einen beruflichen oder touristischen Aufenthalt im Grand H\u00f4tel des Terreaux im Herzen der Stadt.","robots":{"index":"index","follow":"follow","max-snippet":"max-snippet:-1","max-image-preview":"max-image-preview:large","max-video-preview":"max-video-preview:-1"},"canonical":"https:\/\/www.hotel-lyon-grandhoteldesterreaux.fr\/de\/besuch-in-lyon\/","og_locale":"de_DE","og_type":"article","og_title":"Unsere Pakete - Grand H\u00f4tel des Terreaux","og_description":"Aufenthalt in Lyon: Entdecken Sie alle M\u00f6glichkeiten f\u00fcr einen beruflichen oder touristischen Aufenthalt im Grand H\u00f4tel des Terreaux im Herzen der Stadt.","og_url":"https:\/\/www.hotel-lyon-grandhoteldesterreaux.fr\/de\/besuch-in-lyon\/","og_site_name":"Grand H\u00f4tel des Terreaux","article_modified_time":"2021-09-24T08:44:00+00:00","twitter_card":"summary_large_image","schema":{"@context":"https:\/\/schema.org","@graph":[{"@type":"WebPage","@id":"https:\/\/www.hotel-lyon-grandhoteldesterreaux.fr\/de\/besuch-in-lyon\/","url":"https:\/\/www.hotel-lyon-grandhoteldesterreaux.fr\/de\/besuch-in-lyon\/","name":"Unsere Pakete - Grand H\u00f4tel des Terreaux","isPartOf":{"@id":"https:\/\/www.hotel-lyon-grandhoteldesterreaux.fr\/de\/#website"},"datePublished":"2020-07-21T09:08:32+00:00","dateModified":"2021-09-24T08:44:00+00:00","description":"Aufenthalt in Lyon: Entdecken Sie alle M\u00f6glichkeiten f\u00fcr einen beruflichen oder touristischen Aufenthalt im Grand H\u00f4tel des Terreaux im Herzen der Stadt.","breadcrumb":{"@id":"https:\/\/www.hotel-lyon-grandhoteldesterreaux.fr\/de\/besuch-in-lyon\/#breadcrumb"},"inLanguage":"de","potentialAction":[{"@type":"ReadAction","target":["https:\/\/www.hotel-lyon-grandhoteldesterreaux.fr\/de\/besuch-in-lyon\/"]}]},{"@type":"BreadcrumbList","@id":"https:\/\/www.hotel-lyon-grandhoteldesterreaux.fr\/de\/besuch-in-lyon\/#breadcrumb","itemListElement":[{"@type":"ListItem","position":1,"name":"Home","item":"https:\/\/www.hotel-lyon-grandhoteldesterreaux.fr\/de\/"},{"@type":"ListItem","position":2,"name":"Unsere Pakete"}]},{"@type":"WebSite","@id":"https:\/\/www.hotel-lyon-grandhoteldesterreaux.fr\/de\/#website","url":"https:\/\/www.hotel-lyon-grandhoteldesterreaux.fr\/de\/","name":"Grand H\u00f4tel des Terreaux","description":"","publisher":{"@id":"https:\/\/www.hotel-lyon-grandhoteldesterreaux.fr\/de\/#organization"},"potentialAction":[{"@type":"SearchAction","target":{"@type":"EntryPoint","urlTemplate":"https:\/\/www.hotel-lyon-grandhoteldesterreaux.fr\/de\/?s={search_term_string}"},"query-input":{"@type":"PropertyValueSpecification","valueRequired":true,"valueName":"search_term_string"}}],"inLanguage":"de"},{"@type":"Organization","@id":"https:\/\/www.hotel-lyon-grandhoteldesterreaux.fr\/de\/#organization","name":"Grand H\u00f4tel des Terreaux","url":"https:\/\/www.hotel-lyon-grandhoteldesterreaux.fr\/de\/","logo":{"@type":"ImageObject","inLanguage":"de","@id":"https:\/\/www.hotel-lyon-grandhoteldesterreaux.fr\/de\/#\/schema\/logo\/image\/","url":"https:\/\/www.hotel-lyon-grandhoteldesterreaux.fr\/wp-content\/uploads\/2021\/07\/ght-logo.png","contentUrl":"https:\/\/www.hotel-lyon-grandhoteldesterreaux.fr\/wp-content\/uploads\/2021\/07\/ght-logo.png","width":400,"height":41,"caption":"Grand H\u00f4tel des Terreaux"},"image":{"@id":"https:\/\/www.hotel-lyon-grandhoteldesterreaux.fr\/de\/#\/schema\/logo\/image\/"}}]}},"_links":{"self":[{"href":"https:\/\/www.hotel-lyon-grandhoteldesterreaux.fr\/de\/wp-json\/wp\/v2\/pages\/1647","targetHints":{"allow":["GET"]}}],"collection":[{"href":"https:\/\/www.hotel-lyon-grandhoteldesterreaux.fr\/de\/wp-json\/wp\/v2\/pages"}],"about":[{"href":"https:\/\/www.hotel-lyon-grandhoteldesterreaux.fr\/de\/wp-json\/wp\/v2\/types\/page"}],"author":[{"embeddable":true,"href":"https:\/\/www.hotel-lyon-grandhoteldesterreaux.fr\/de\/wp-json\/wp\/v2\/users\/1"}],"replies":[{"embeddable":true,"href":"https:\/\/www.hotel-lyon-grandhoteldesterreaux.fr\/de\/wp-json\/wp\/v2\/comments?post=1647"}],"version-history":[{"count":6,"href":"https:\/\/www.hotel-lyon-grandhoteldesterreaux.fr\/de\/wp-json\/wp\/v2\/pages\/1647\/revisions"}],"predecessor-version":[{"id":2277,"href":"https:\/\/www.hotel-lyon-grandhoteldesterreaux.fr\/de\/wp-json\/wp\/v2\/pages\/1647\/revisions\/2277"}],"wp:attachment":[{"href":"https:\/\/www.hotel-lyon-grandhoteldesterreaux.fr\/de\/wp-json\/wp\/v2\/media?parent=1647"}],"curies":[{"name":"wp","href":"https:\/\/api.w.org\/{rel}","templated":true}]}}